{"id":742304,"date":"2025-03-03T18:19:41","date_gmt":"2025-03-03T17:19:41","guid":{"rendered":"https:\/\/stoic-curie.212-227-153-4.plesk.page\/producto\/aluminijska-zrtvena-anoda-volvo-358407\/"},"modified":"2026-02-25T00:01:00","modified_gmt":"2026-02-25T00:01:00","slug":"aluminijska-zrtvena-anoda-volvo-358407","status":"publish","type":"product","link":"https:\/\/stoic-curie.212-227-153-4.plesk.page\/hr\/product\/aluminijska-zrtvena-anoda-volvo-358407\/","title":{"rendered":"Aluminijska \u017ertvena anoda &#8211; Volvo 358407"},"content":{"rendered":"<p>Aluminijska \u017ertvena anoda &#8211; Volvo 358407 &#8211; <\/p>\n<p>Martyr aluminijski M2 legura anode za Volvo Penta motore sa stra\u017enjim pogonom.<br \/>\n\u00e2\u0080\u00a2 \u0160titi 50% du\u017ee od tradicionalnih cinkovih anoda<br \/>\n\u00e2\u0080\u00a2 Te\u017ei 50% manje od tradicionalnih cinkovih anoda <\/p>\n","protected":false},"excerpt":{"rendered":"<p>Aluminijska \u017ertvena anoda &#8211; Volvo 358407 &#8211; Martyr aluminijski M2 legura anode za Volvo Penta motore sa stra\u017enjim pogonom. \u00e2\u0080\u00a2<\/p>\n","protected":false},"featured_media":5943662,"comment_status":"open","ping_status":"closed","template":"","meta":[],"product_brand":[3126,2237],"product_cat":[1829],"product_tag":[],"class_list":{"0":"post-742304","1":"product","2":"type-product","3":"status-publish","4":"has-post-thumbnail","6":"product_brand-martyr-hr","7":"product_brand-martyr","8":"product_cat-rezervni-dijelovi-za-motore-volvo-penta","10":"first","11":"instock","12":"shipping-taxable","13":"purchasable","14":"product-type-simple"},"_links":{"self":[{"href":"https:\/\/stoic-curie.212-227-153-4.plesk.page\/hr\/wp-json\/wp\/v2\/product\/742304","targetHints":{"allow":["GET"]}}],"collection":[{"href":"https:\/\/stoic-curie.212-227-153-4.plesk.page\/hr\/wp-json\/wp\/v2\/product"}],"about":[{"href":"https:\/\/stoic-curie.212-227-153-4.plesk.page\/hr\/wp-json\/wp\/v2\/types\/product"}],"replies":[{"embeddable":true,"href":"https:\/\/stoic-curie.212-227-153-4.plesk.page\/hr\/wp-json\/wp\/v2\/comments?post=742304"}],"version-history":[{"count":0,"href":"https:\/\/stoic-curie.212-227-153-4.plesk.page\/hr\/wp-json\/wp\/v2\/product\/742304\/revisions"}],"wp:featuredmedia":[{"embeddable":true,"href":"https:\/\/stoic-curie.212-227-153-4.plesk.page\/hr\/wp-json\/wp\/v2\/media\/5943662"}],"wp:attachment":[{"href":"https:\/\/stoic-curie.212-227-153-4.plesk.page\/hr\/wp-json\/wp\/v2\/media?parent=742304"}],"wp:term":[{"taxonomy":"product_brand","embeddable":true,"href":"https:\/\/stoic-curie.212-227-153-4.plesk.page\/hr\/wp-json\/wp\/v2\/product_brand?post=742304"},{"taxonomy":"product_cat","embeddable":true,"href":"https:\/\/stoic-curie.212-227-153-4.plesk.page\/hr\/wp-json\/wp\/v2\/product_cat?post=742304"},{"taxonomy":"product_tag","embeddable":true,"href":"https:\/\/stoic-curie.212-227-153-4.plesk.page\/hr\/wp-json\/wp\/v2\/product_tag?post=742304"}],"curies":[{"name":"wp","href":"https:\/\/api.w.org\/{rel}","templated":true}]}}