{"id":742306,"date":"2025-03-03T18:19:42","date_gmt":"2025-03-03T17:19:42","guid":{"rendered":"https:\/\/stoic-curie.212-227-153-4.plesk.page\/producto\/vhf-antena-supergain-target-053-mt\/"},"modified":"2026-02-25T00:01:00","modified_gmt":"2026-02-25T00:01:00","slug":"vhf-antena-supergain-target-053-mt","status":"publish","type":"product","link":"https:\/\/stoic-curie.212-227-153-4.plesk.page\/hr\/product\/vhf-antena-supergain-target-053-mt\/","title":{"rendered":"VHF antena Supergain Target 0,53 mt"},"content":{"rendered":"<p>VHF antena Supergain Target 0,53 mt &#8211; <\/p>\n<p>VHF Supergain Target \u010deli\u010dna antena za sve vrste \u010damaca. 50W \/ 3db \/ 156\/162 MHz \/ 50 Ohm. Visina: 0,53 m. Kompletnu sa 6 m koaksijalnim kabelom i integriranom monta\u017enom postoljem.<\/p>\n","protected":false},"excerpt":{"rendered":"<p>VHF antena Supergain Target 0,53 mt &#8211; VHF Supergain Target \u010deli\u010dna antena za sve vrste \u010damaca. 50W \/ 3db \/<\/p>\n","protected":false},"featured_media":5943663,"comment_status":"open","ping_status":"closed","template":"","meta":[],"product_brand":[3446],"product_cat":[1753],"product_tag":[],"class_list":{"0":"post-742306","1":"product","2":"type-product","3":"status-publish","4":"has-post-thumbnail","6":"product_brand-supergain-hr","7":"product_cat-vhf-antene","9":"first","10":"instock","11":"shipping-taxable","12":"purchasable","13":"product-type-simple"},"_links":{"self":[{"href":"https:\/\/stoic-curie.212-227-153-4.plesk.page\/hr\/wp-json\/wp\/v2\/product\/742306","targetHints":{"allow":["GET"]}}],"collection":[{"href":"https:\/\/stoic-curie.212-227-153-4.plesk.page\/hr\/wp-json\/wp\/v2\/product"}],"about":[{"href":"https:\/\/stoic-curie.212-227-153-4.plesk.page\/hr\/wp-json\/wp\/v2\/types\/product"}],"replies":[{"embeddable":true,"href":"https:\/\/stoic-curie.212-227-153-4.plesk.page\/hr\/wp-json\/wp\/v2\/comments?post=742306"}],"version-history":[{"count":0,"href":"https:\/\/stoic-curie.212-227-153-4.plesk.page\/hr\/wp-json\/wp\/v2\/product\/742306\/revisions"}],"wp:featuredmedia":[{"embeddable":true,"href":"https:\/\/stoic-curie.212-227-153-4.plesk.page\/hr\/wp-json\/wp\/v2\/media\/5943663"}],"wp:attachment":[{"href":"https:\/\/stoic-curie.212-227-153-4.plesk.page\/hr\/wp-json\/wp\/v2\/media?parent=742306"}],"wp:term":[{"taxonomy":"product_brand","embeddable":true,"href":"https:\/\/stoic-curie.212-227-153-4.plesk.page\/hr\/wp-json\/wp\/v2\/product_brand?post=742306"},{"taxonomy":"product_cat","embeddable":true,"href":"https:\/\/stoic-curie.212-227-153-4.plesk.page\/hr\/wp-json\/wp\/v2\/product_cat?post=742306"},{"taxonomy":"product_tag","embeddable":true,"href":"https:\/\/stoic-curie.212-227-153-4.plesk.page\/hr\/wp-json\/wp\/v2\/product_tag?post=742306"}],"curies":[{"name":"wp","href":"https:\/\/api.w.org\/{rel}","templated":true}]}}