{"id":742307,"date":"2025-03-03T18:19:42","date_gmt":"2025-03-03T17:19:42","guid":{"rendered":"https:\/\/stoic-curie.212-227-153-4.plesk.page\/producto\/morseova-upravljacka-rucica-ultraflex-b400\/"},"modified":"2026-02-25T00:01:00","modified_gmt":"2026-02-25T00:01:00","slug":"morseova-upravljacka-rucica-ultraflex-b400","status":"publish","type":"product","link":"https:\/\/stoic-curie.212-227-153-4.plesk.page\/hr\/product\/morseova-upravljacka-rucica-ultraflex-b400\/","title":{"rendered":"Morseova upravljacka ru\u010dica Ultraflex B400"},"content":{"rendered":"<p>Morseova upravljacka ru\u010dica Ultraflex B400 &#8211; <\/p>\n<p>Kontrolna jedinica od nehr\u0111aju\u0107eg \u010delika s dvostrukim djelovanjem za bo\u010dnu montaciju s jednim polugom za upravljanje plinom i prebacivanjem brzina za unutarnje motore. Savr\u0161eno za jedrilice zahvaljuju\u0107i glatkoj poluzi. Koristi kontrolne kablove C2 \/ C8 \/ C33 \/ MACHZero. Uz opcionalni sigurnosni prekida\u010d X41 (4620141), motor se mo\u017ee pokrenuti samo kad je mjenja\u010d isklju\u010den. Opremljen pozitivnim zaklju\u010davanjem u neutralnom polo\u017eaju kako bi se sprije\u010dilo slu\u010dajno uklju\u010divanje brzine.<\/p>\n","protected":false},"excerpt":{"rendered":"<p>Morseova upravljacka ru\u010dica Ultraflex B400 &#8211; Kontrolna jedinica od nehr\u0111aju\u0107eg \u010delika s dvostrukim djelovanjem za bo\u010dnu montaciju s jednim polugom<\/p>\n","protected":false},"featured_media":5943667,"comment_status":"open","ping_status":"closed","template":"","meta":[],"product_brand":[3501],"product_cat":[1791],"product_tag":[],"class_list":{"0":"post-742307","1":"product","2":"type-product","3":"status-publish","4":"has-post-thumbnail","6":"product_brand-ultraflex-uflex-hr","7":"product_cat-morse-poluge-gasa","9":"first","10":"instock","11":"shipping-taxable","12":"purchasable","13":"product-type-simple"},"_links":{"self":[{"href":"https:\/\/stoic-curie.212-227-153-4.plesk.page\/hr\/wp-json\/wp\/v2\/product\/742307","targetHints":{"allow":["GET"]}}],"collection":[{"href":"https:\/\/stoic-curie.212-227-153-4.plesk.page\/hr\/wp-json\/wp\/v2\/product"}],"about":[{"href":"https:\/\/stoic-curie.212-227-153-4.plesk.page\/hr\/wp-json\/wp\/v2\/types\/product"}],"replies":[{"embeddable":true,"href":"https:\/\/stoic-curie.212-227-153-4.plesk.page\/hr\/wp-json\/wp\/v2\/comments?post=742307"}],"version-history":[{"count":0,"href":"https:\/\/stoic-curie.212-227-153-4.plesk.page\/hr\/wp-json\/wp\/v2\/product\/742307\/revisions"}],"wp:featuredmedia":[{"embeddable":true,"href":"https:\/\/stoic-curie.212-227-153-4.plesk.page\/hr\/wp-json\/wp\/v2\/media\/5943667"}],"wp:attachment":[{"href":"https:\/\/stoic-curie.212-227-153-4.plesk.page\/hr\/wp-json\/wp\/v2\/media?parent=742307"}],"wp:term":[{"taxonomy":"product_brand","embeddable":true,"href":"https:\/\/stoic-curie.212-227-153-4.plesk.page\/hr\/wp-json\/wp\/v2\/product_brand?post=742307"},{"taxonomy":"product_cat","embeddable":true,"href":"https:\/\/stoic-curie.212-227-153-4.plesk.page\/hr\/wp-json\/wp\/v2\/product_cat?post=742307"},{"taxonomy":"product_tag","embeddable":true,"href":"https:\/\/stoic-curie.212-227-153-4.plesk.page\/hr\/wp-json\/wp\/v2\/product_tag?post=742307"}],"curies":[{"name":"wp","href":"https:\/\/api.w.org\/{rel}","templated":true}]}}