{"id":742315,"date":"2025-03-03T18:19:44","date_gmt":"2025-03-03T17:19:44","guid":{"rendered":"https:\/\/stoic-curie.212-227-153-4.plesk.page\/producto\/targa-350mm-upravljac-od-nehrdajuceg-celika-s-poliuretanskom-oblogom-u-boji-slonovace\/"},"modified":"2026-02-25T00:01:00","modified_gmt":"2026-02-25T00:01:00","slug":"targa-350mm-upravljac-od-nehrdajuceg-celika-s-poliuretanskom-oblogom-u-boji-slonovace","status":"publish","type":"product","link":"https:\/\/stoic-curie.212-227-153-4.plesk.page\/hr\/product\/targa-350mm-upravljac-od-nehrdajuceg-celika-s-poliuretanskom-oblogom-u-boji-slonovace\/","title":{"rendered":"Targa 350mm upravljac od nehr\u0111aju\u0107eg \u010delika s poliuretanskom oblogom u boji slonova\u010de"},"content":{"rendered":"<p>Targa 350mm upravljac od nehr\u0111aju\u0107eg \u010delika s poliuretanskom oblogom u boji slonova\u010de &#8211; <\/p>\n<p>Volan od nehr\u0111aju\u0107eg \u010delika s 3 kraka, s dr\u0161kom od poliuretana ili mahagonija. Umetci s kromiranim zavr\u0161nim obradama.<\/p>\n","protected":false},"excerpt":{"rendered":"<p>Targa 350mm upravljac od nehr\u0111aju\u0107eg \u010delika s poliuretanskom oblogom u boji slonova\u010de &#8211; Volan od nehr\u0111aju\u0107eg \u010delika s 3 kraka,<\/p>\n","protected":false},"featured_media":5943678,"comment_status":"open","ping_status":"closed","template":"","meta":[],"product_brand":[3331],"product_cat":[1822],"product_tag":[],"class_list":{"0":"post-742315","1":"product","2":"type-product","3":"status-publish","4":"has-post-thumbnail","6":"product_brand-savoretti-hr","7":"product_cat-kola-kormila","9":"first","10":"instock","11":"shipping-taxable","12":"purchasable","13":"product-type-simple"},"_links":{"self":[{"href":"https:\/\/stoic-curie.212-227-153-4.plesk.page\/hr\/wp-json\/wp\/v2\/product\/742315","targetHints":{"allow":["GET"]}}],"collection":[{"href":"https:\/\/stoic-curie.212-227-153-4.plesk.page\/hr\/wp-json\/wp\/v2\/product"}],"about":[{"href":"https:\/\/stoic-curie.212-227-153-4.plesk.page\/hr\/wp-json\/wp\/v2\/types\/product"}],"replies":[{"embeddable":true,"href":"https:\/\/stoic-curie.212-227-153-4.plesk.page\/hr\/wp-json\/wp\/v2\/comments?post=742315"}],"version-history":[{"count":0,"href":"https:\/\/stoic-curie.212-227-153-4.plesk.page\/hr\/wp-json\/wp\/v2\/product\/742315\/revisions"}],"wp:featuredmedia":[{"embeddable":true,"href":"https:\/\/stoic-curie.212-227-153-4.plesk.page\/hr\/wp-json\/wp\/v2\/media\/5943678"}],"wp:attachment":[{"href":"https:\/\/stoic-curie.212-227-153-4.plesk.page\/hr\/wp-json\/wp\/v2\/media?parent=742315"}],"wp:term":[{"taxonomy":"product_brand","embeddable":true,"href":"https:\/\/stoic-curie.212-227-153-4.plesk.page\/hr\/wp-json\/wp\/v2\/product_brand?post=742315"},{"taxonomy":"product_cat","embeddable":true,"href":"https:\/\/stoic-curie.212-227-153-4.plesk.page\/hr\/wp-json\/wp\/v2\/product_cat?post=742315"},{"taxonomy":"product_tag","embeddable":true,"href":"https:\/\/stoic-curie.212-227-153-4.plesk.page\/hr\/wp-json\/wp\/v2\/product_tag?post=742315"}],"curies":[{"name":"wp","href":"https:\/\/api.w.org\/{rel}","templated":true}]}}