{"id":742328,"date":"2025-03-03T18:19:47","date_gmt":"2025-03-03T17:19:47","guid":{"rendered":"https:\/\/stoic-curie.212-227-153-4.plesk.page\/producto\/rezervno-sjedalo-bjelokost-za-tecma-elegance-t-236c\/"},"modified":"2026-02-25T00:01:00","modified_gmt":"2026-02-25T00:01:00","slug":"rezervno-sjedalo-bjelokost-za-tecma-elegance-t-236c","status":"publish","type":"product","link":"https:\/\/stoic-curie.212-227-153-4.plesk.page\/hr\/product\/rezervno-sjedalo-bjelokost-za-tecma-elegance-t-236c\/","title":{"rendered":"Rezervno sjedalo, bjelokost, za Tecma Elegance T-236C"},"content":{"rendered":"<p>Rezervno sjedalo, bjelokost, za Tecma Elegance T-236C &#8211; <\/p>\n<p>Dizajn (Breeze) i Flexi (Silence, Elegance) serija WC sjedala i \u0161arki. PE: Klasi\u010dno i robusno sjedalo od poliestera s vidljivim poklopcem i sjedalom. TE: Moderno i lagano sjedalo od termosetnog materijala s poklopcem koji skriva sjedalo. Soft Closing: \u0161arke s sustavom prigu\u0161enja kako bi se izbjegla o\u0161te\u0107enja i buka.<\/p>\n","protected":false},"excerpt":{"rendered":"<p>Rezervno sjedalo, bjelokost, za Tecma Elegance T-236C &#8211; Dizajn (Breeze) i Flexi (Silence, Elegance) serija WC sjedala i \u0161arki. PE:<\/p>\n","protected":false},"featured_media":5941493,"comment_status":"open","ping_status":"closed","template":"","meta":[],"product_brand":[3471],"product_cat":[1675],"product_tag":[],"class_list":{"0":"post-742328","1":"product","2":"type-product","3":"status-publish","4":"has-post-thumbnail","6":"product_brand-tecma-hr","7":"product_cat-brodski-wc","9":"first","10":"instock","11":"shipping-taxable","12":"purchasable","13":"product-type-simple"},"_links":{"self":[{"href":"https:\/\/stoic-curie.212-227-153-4.plesk.page\/hr\/wp-json\/wp\/v2\/product\/742328","targetHints":{"allow":["GET"]}}],"collection":[{"href":"https:\/\/stoic-curie.212-227-153-4.plesk.page\/hr\/wp-json\/wp\/v2\/product"}],"about":[{"href":"https:\/\/stoic-curie.212-227-153-4.plesk.page\/hr\/wp-json\/wp\/v2\/types\/product"}],"replies":[{"embeddable":true,"href":"https:\/\/stoic-curie.212-227-153-4.plesk.page\/hr\/wp-json\/wp\/v2\/comments?post=742328"}],"version-history":[{"count":0,"href":"https:\/\/stoic-curie.212-227-153-4.plesk.page\/hr\/wp-json\/wp\/v2\/product\/742328\/revisions"}],"wp:featuredmedia":[{"embeddable":true,"href":"https:\/\/stoic-curie.212-227-153-4.plesk.page\/hr\/wp-json\/wp\/v2\/media\/5941493"}],"wp:attachment":[{"href":"https:\/\/stoic-curie.212-227-153-4.plesk.page\/hr\/wp-json\/wp\/v2\/media?parent=742328"}],"wp:term":[{"taxonomy":"product_brand","embeddable":true,"href":"https:\/\/stoic-curie.212-227-153-4.plesk.page\/hr\/wp-json\/wp\/v2\/product_brand?post=742328"},{"taxonomy":"product_cat","embeddable":true,"href":"https:\/\/stoic-curie.212-227-153-4.plesk.page\/hr\/wp-json\/wp\/v2\/product_cat?post=742328"},{"taxonomy":"product_tag","embeddable":true,"href":"https:\/\/stoic-curie.212-227-153-4.plesk.page\/hr\/wp-json\/wp\/v2\/product_tag?post=742328"}],"curies":[{"name":"wp","href":"https:\/\/api.w.org\/{rel}","templated":true}]}}