{"id":742338,"date":"2025-03-03T18:19:50","date_gmt":"2025-03-03T17:19:50","guid":{"rendered":"https:\/\/stoic-curie.212-227-153-4.plesk.page\/producto\/rezervni-motor-12v-sanisplit-nk\/"},"modified":"2026-02-25T00:01:00","modified_gmt":"2026-02-25T00:01:00","slug":"rezervni-motor-12v-sanisplit-nk","status":"publish","type":"product","link":"https:\/\/stoic-curie.212-227-153-4.plesk.page\/hr\/product\/rezervni-motor-12v-sanisplit-nk\/","title":{"rendered":"Rezervni motor Tecma Sanisplit NK 12v"},"content":{"rendered":"<p>Rezervni motor Tecma Sanisplit NK 12v &#8211; <\/p>\n<p>Uzbu\u0111eni smo \u0161to mo\u017eemo predstaviti Tecma model T-PF.SPLITFAS12V, izvanredan dodatak na\u0161oj ponudi. Sanisplit NK je osmi\u0161ljen kao robusni i tihi sustav pumpanja, pa\u017eljivo razvijen za u\u010dinkovito prebacivanje sive vode iz razli\u010ditih izvora, uklju\u010duju\u0107i bidee, tu\u0161eve i sudopere. Ovaj inovativni sustav opremljen je jednokratnim ventilom koji osigurava da voda te\u010de u pravom smjeru, sprje\u010davaju\u0107i povratni protok. Dodatno, ima prekida\u010d pritiska koji se aktivira odmah kada voda u\u0111e u jedinicu, osiguravaju\u0107i neprekidan rad. Va\u017eno je napomenuti da postoji minimalna visinska potreba od 200 mm od odvodne cijevi kako bi se osigurala optimalna u\u010dinkovitost. To \u010dini Sanisplit NK idealnim izborom za stambene i komercijalne primjene gdje je u\u010dinkovito upravljanje sivom vodom od su\u0161tinske va\u017enosti.<\/p>\n","protected":false},"excerpt":{"rendered":"<p>Rezervni motor Tecma Sanisplit NK 12v &#8211; Uzbu\u0111eni smo \u0161to mo\u017eemo predstaviti Tecma model T-PF.SPLITFAS12V, izvanredan dodatak na\u0161oj ponudi. Sanisplit<\/p>\n","protected":false},"featured_media":5941594,"comment_status":"open","ping_status":"closed","template":"","meta":[],"product_brand":[3471],"product_cat":[1656],"product_tag":[],"class_list":{"0":"post-742338","1":"product","2":"type-product","3":"status-publish","4":"has-post-thumbnail","6":"product_brand-tecma-hr","7":"product_cat-sustavi-sive-vode","9":"first","10":"outofstock","11":"shipping-taxable","12":"purchasable","13":"product-type-simple"},"_links":{"self":[{"href":"https:\/\/stoic-curie.212-227-153-4.plesk.page\/hr\/wp-json\/wp\/v2\/product\/742338","targetHints":{"allow":["GET"]}}],"collection":[{"href":"https:\/\/stoic-curie.212-227-153-4.plesk.page\/hr\/wp-json\/wp\/v2\/product"}],"about":[{"href":"https:\/\/stoic-curie.212-227-153-4.plesk.page\/hr\/wp-json\/wp\/v2\/types\/product"}],"replies":[{"embeddable":true,"href":"https:\/\/stoic-curie.212-227-153-4.plesk.page\/hr\/wp-json\/wp\/v2\/comments?post=742338"}],"version-history":[{"count":0,"href":"https:\/\/stoic-curie.212-227-153-4.plesk.page\/hr\/wp-json\/wp\/v2\/product\/742338\/revisions"}],"wp:featuredmedia":[{"embeddable":true,"href":"https:\/\/stoic-curie.212-227-153-4.plesk.page\/hr\/wp-json\/wp\/v2\/media\/5941594"}],"wp:attachment":[{"href":"https:\/\/stoic-curie.212-227-153-4.plesk.page\/hr\/wp-json\/wp\/v2\/media?parent=742338"}],"wp:term":[{"taxonomy":"product_brand","embeddable":true,"href":"https:\/\/stoic-curie.212-227-153-4.plesk.page\/hr\/wp-json\/wp\/v2\/product_brand?post=742338"},{"taxonomy":"product_cat","embeddable":true,"href":"https:\/\/stoic-curie.212-227-153-4.plesk.page\/hr\/wp-json\/wp\/v2\/product_cat?post=742338"},{"taxonomy":"product_tag","embeddable":true,"href":"https:\/\/stoic-curie.212-227-153-4.plesk.page\/hr\/wp-json\/wp\/v2\/product_tag?post=742338"}],"curies":[{"name":"wp","href":"https:\/\/api.w.org\/{rel}","templated":true}]}}