{"id":742340,"date":"2025-03-03T18:19:50","date_gmt":"2025-03-03T17:19:50","guid":{"rendered":"https:\/\/stoic-curie.212-227-153-4.plesk.page\/producto\/sanisplit-t-pribor-za-uljev-izljev-t-pf-p58-nk\/"},"modified":"2026-02-25T00:01:00","modified_gmt":"2026-02-25T00:01:00","slug":"sanisplit-t-pribor-za-uljev-izljev-t-pf-p58-nk","status":"publish","type":"product","link":"https:\/\/stoic-curie.212-227-153-4.plesk.page\/hr\/product\/sanisplit-t-pribor-za-uljev-izljev-t-pf-p58-nk\/","title":{"rendered":"Sanisplit T Pribor za uljev \/ izljev T-PF. P58\/NK"},"content":{"rendered":"<p>Sanisplit T Pribor za uljev \/ izljev T-PF. P58\/NK &#8211; <\/p>\n<p>Sanisplit NK je mo\u0107na i tiha pumpna jedinica koja prenosi sivu vodu iz bideta, tu\u0161eva i umivaonika. Opremljena je jednom smjernom ventilom i prekida\u010dem pritiska koji se aktivira \u010dim voda u\u0111e u jedinicu. Minimalna visina od odvodne cijevi je 200 mm.<\/p>\n","protected":false},"excerpt":{"rendered":"<p>Sanisplit T Pribor za uljev \/ izljev T-PF. P58\/NK &#8211; Sanisplit NK je mo\u0107na i tiha pumpna jedinica koja prenosi<\/p>\n","protected":false},"featured_media":5943687,"comment_status":"open","ping_status":"closed","template":"","meta":[],"product_brand":[3471],"product_cat":[1656],"product_tag":[],"class_list":{"0":"post-742340","1":"product","2":"type-product","3":"status-publish","4":"has-post-thumbnail","6":"product_brand-tecma-hr","7":"product_cat-sustavi-sive-vode","9":"first","10":"instock","11":"shipping-taxable","12":"purchasable","13":"product-type-simple"},"_links":{"self":[{"href":"https:\/\/stoic-curie.212-227-153-4.plesk.page\/hr\/wp-json\/wp\/v2\/product\/742340","targetHints":{"allow":["GET"]}}],"collection":[{"href":"https:\/\/stoic-curie.212-227-153-4.plesk.page\/hr\/wp-json\/wp\/v2\/product"}],"about":[{"href":"https:\/\/stoic-curie.212-227-153-4.plesk.page\/hr\/wp-json\/wp\/v2\/types\/product"}],"replies":[{"embeddable":true,"href":"https:\/\/stoic-curie.212-227-153-4.plesk.page\/hr\/wp-json\/wp\/v2\/comments?post=742340"}],"version-history":[{"count":0,"href":"https:\/\/stoic-curie.212-227-153-4.plesk.page\/hr\/wp-json\/wp\/v2\/product\/742340\/revisions"}],"wp:featuredmedia":[{"embeddable":true,"href":"https:\/\/stoic-curie.212-227-153-4.plesk.page\/hr\/wp-json\/wp\/v2\/media\/5943687"}],"wp:attachment":[{"href":"https:\/\/stoic-curie.212-227-153-4.plesk.page\/hr\/wp-json\/wp\/v2\/media?parent=742340"}],"wp:term":[{"taxonomy":"product_brand","embeddable":true,"href":"https:\/\/stoic-curie.212-227-153-4.plesk.page\/hr\/wp-json\/wp\/v2\/product_brand?post=742340"},{"taxonomy":"product_cat","embeddable":true,"href":"https:\/\/stoic-curie.212-227-153-4.plesk.page\/hr\/wp-json\/wp\/v2\/product_cat?post=742340"},{"taxonomy":"product_tag","embeddable":true,"href":"https:\/\/stoic-curie.212-227-153-4.plesk.page\/hr\/wp-json\/wp\/v2\/product_tag?post=742340"}],"curies":[{"name":"wp","href":"https:\/\/api.w.org\/{rel}","templated":true}]}}