{"id":742344,"date":"2025-03-03T18:19:51","date_gmt":"2025-03-03T17:19:51","guid":{"rendered":"https:\/\/stoic-curie.212-227-153-4.plesk.page\/producto\/sidreno-vitlo-quick-dylan-2000w-d-24v-sa-bubnjem-12mm-lanac\/"},"modified":"2026-02-25T00:01:00","modified_gmt":"2026-02-25T00:01:00","slug":"sidreno-vitlo-quick-dylan-2000w-d-24v-sa-bubnjem-12mm-lanac","status":"publish","type":"product","link":"https:\/\/stoic-curie.212-227-153-4.plesk.page\/hr\/product\/sidreno-vitlo-quick-dylan-2000w-d-24v-sa-bubnjem-12mm-lanac\/","title":{"rendered":"Sidreno vitlo Quick Dylan 2000W-D 24v &#8211; sa bubnjem &#8211; 12mm Lanac"},"content":{"rendered":"<p>Sidreno vitlo Quick Dylan 2000W-D 24v &#8211; sa bubnjem &#8211; 12mm Lanac &#8211; <\/p>\n<p style=\"color: rgb(34, 34, 34); font-family: Arial, Helvetica, sans-serif; font-size: small;\">Predstavljamo Quick Rope and Chain Anchor Windlass, s robusnim komponentama vu\u010de izra\u0111enim od bronce i nehr\u0111aju\u0107eg \u010delika. Ova vitla opremljena je senzorom za brojanje lanaca i ru\u010dnim sustavom pada\u0107eg lanca, \u010dime se osigurava u\u010dinkovito djelovanje. Tako\u0111er uklju\u010duje ru\u010dni sustav dizanja u hitnim slu\u010dajevima i polugu za pritisak za dodatnu sigurnost. Ure\u0111aj dolazi s kontrolnom kutijom i dr\u0161kom, a njegova baza i ku\u0107i\u0161te izra\u0111eni su od nehr\u0111aju\u0107eg \u010delika i tvrdo anodiziranog aluminija. Motor ima IP67 ocjenu za vodootpornu za\u0161titu.<\/p>\n<p style=\"color: rgb(34, 34, 34); font-family: Arial, Helvetica, sans-serif; font-size: small;\">Quick Vertical Windlass Dylan DR4 dizajniran je za plovila duljine od 10 do 20 metara. Pru\u017ea opcije snage od 1500W do 2000W pri 12V ili 24V, kao i 3000W opciju za 380V ili hidrauli\u010dne motore.<\/p>\n<p style=\"color: rgb(34, 34, 34); font-family: Arial, Helvetica, sans-serif; font-size: small;\"><strong>Quick Nautical Equipment Dylan DR4<\/strong><\/p>\n<p style=\"color: rgb(34, 34, 34); font-family: Arial, Helvetica, sans-serif; font-size: small;\"><strong>Zna\u010dajke vertikalnih vitla:<\/strong><\/p>\n<ul style=\"color: rgb(34, 34, 34); font-family: Arial, Helvetica, sans-serif; font-size: small;\">\n<li>Anodizirana aluminijska i nehr\u0111aju\u0107a \u010deli\u010dna baza s integriranim cijevima.<\/li>\n<li>Trommel od nehr\u0111aju\u0107eg \u010delika (AISI 316).<\/li>\n<li>Reb\/kabel gypsy opremljen senzorom za brojanje lance.<\/li>\n<li>Pritisni zup\u010danik i inspekcijski poklopac za jednostavan pristup.<\/li>\n<li>Ru\u010dni sustav pada slobodno za brzo postavljanje.<\/li>\n<li>Hitni ru\u010dni sustav podizanja za ve\u0107u sigurnost.<\/li>\n<li>Dolazi s relej kutijom i gypsy (dostupno s ili bez bubnja).<\/li>\n<li>IP67 vodootporni motor za pouzdane performanse u morskim okru\u017eenjima.<\/li>\n<\/ul>\n<p style=\"color: rgb(34, 34, 34); font-family: Arial, Helvetica, sans-serif; font-size: small;\"><strong>Dylan DR4 2024D &#8211; Gypsy i Bubanj<\/strong><\/p>\n<p style=\"color: rgb(34, 34, 34); font-family: Arial, Helvetica, sans-serif; font-size: small;\">Ovaj model je prikladan za \u010damce du\u017eine izme\u0111u 15 i 20 metara (46-66 stopa).<\/p>\n","protected":false},"excerpt":{"rendered":"<p>Sidreno vitlo Quick Dylan 2000W-D 24v &#8211; sa bubnjem &#8211; 12mm Lanac &#8211; Predstavljamo Quick Rope and Chain Anchor Windlass,<\/p>\n","protected":false},"featured_media":5943692,"comment_status":"open","ping_status":"closed","template":"","meta":[],"product_brand":[3281],"product_cat":[1611],"product_tag":[],"class_list":{"0":"post-742344","1":"product","2":"type-product","3":"status-publish","4":"has-post-thumbnail","6":"product_brand-quick-hr","7":"product_cat-vitla-quick","9":"first","10":"instock","11":"shipping-taxable","12":"purchasable","13":"product-type-simple"},"_links":{"self":[{"href":"https:\/\/stoic-curie.212-227-153-4.plesk.page\/hr\/wp-json\/wp\/v2\/product\/742344","targetHints":{"allow":["GET"]}}],"collection":[{"href":"https:\/\/stoic-curie.212-227-153-4.plesk.page\/hr\/wp-json\/wp\/v2\/product"}],"about":[{"href":"https:\/\/stoic-curie.212-227-153-4.plesk.page\/hr\/wp-json\/wp\/v2\/types\/product"}],"replies":[{"embeddable":true,"href":"https:\/\/stoic-curie.212-227-153-4.plesk.page\/hr\/wp-json\/wp\/v2\/comments?post=742344"}],"version-history":[{"count":0,"href":"https:\/\/stoic-curie.212-227-153-4.plesk.page\/hr\/wp-json\/wp\/v2\/product\/742344\/revisions"}],"wp:featuredmedia":[{"embeddable":true,"href":"https:\/\/stoic-curie.212-227-153-4.plesk.page\/hr\/wp-json\/wp\/v2\/media\/5943692"}],"wp:attachment":[{"href":"https:\/\/stoic-curie.212-227-153-4.plesk.page\/hr\/wp-json\/wp\/v2\/media?parent=742344"}],"wp:term":[{"taxonomy":"product_brand","embeddable":true,"href":"https:\/\/stoic-curie.212-227-153-4.plesk.page\/hr\/wp-json\/wp\/v2\/product_brand?post=742344"},{"taxonomy":"product_cat","embeddable":true,"href":"https:\/\/stoic-curie.212-227-153-4.plesk.page\/hr\/wp-json\/wp\/v2\/product_cat?post=742344"},{"taxonomy":"product_tag","embeddable":true,"href":"https:\/\/stoic-curie.212-227-153-4.plesk.page\/hr\/wp-json\/wp\/v2\/product_tag?post=742344"}],"curies":[{"name":"wp","href":"https:\/\/api.w.org\/{rel}","templated":true}]}}