{"id":742346,"date":"2025-03-03T18:19:52","date_gmt":"2025-03-03T17:19:52","guid":{"rendered":"https:\/\/stoic-curie.212-227-153-4.plesk.page\/producto\/kompaktni-wc-tecma-nano-24v-s-eco-panel\/"},"modified":"2026-02-25T00:01:00","modified_gmt":"2026-02-25T00:01:00","slug":"kompaktni-wc-tecma-nano-24v-s-eco-panel","status":"publish","type":"product","link":"https:\/\/stoic-curie.212-227-153-4.plesk.page\/hr\/product\/kompaktni-wc-tecma-nano-24v-s-eco-panel\/","title":{"rendered":"Toalet Tecma Nano 24v (Eco Panel)"},"content":{"rendered":"<p>Toalet Tecma Nano 24v (Eco Panel) &#8211; <\/p>\n<p>Toalet Tecma Nano 24v s Eco Panelom, <span style=\"color: rgb(34, 34, 34); font-family: Arial, Helvetica, sans-serif; font-size: small;\">Zadovoljstvo nam je predstaviti kompaktni toalet Tecma Nano, koji sadr\u017ei sjedi\u0161te od termosetnog materijala koje spretno kombinira udobnost s dizajnom koji \u0161tedi prostor, a pritom pru\u017ea izvanredne performanse. Ovaj toalet opremljen je robusnom pumpom za mljevenje, osiguravaju\u0107i u\u010dinkovitu potro\u0161nju vode i elektri\u010dne energije, uz rad na niskim razinama buke. Proces instalacije i povezivanja je jednostavan i brz, bez potrebe za kontinuiranim odr\u017eavanjem.<\/span><\/p>\n<p style=\"color: rgb(34, 34, 34); font-family: Arial, Helvetica, sans-serif; font-size: small;\">Tecma Nano se mo\u017ee kontrolirati putem dva odvojena panela:<\/p>\n<ul style=\"color: rgb(34, 34, 34); font-family: Arial, Helvetica, sans-serif; font-size: small;\">\n<li><strong>Eco Panel<\/strong>: Ovaj panel uklju\u010duje dugme koje aktivira funkcije punjenja i otpu\u0161tanja.<\/li>\n<li><strong>All-in-One SFT Panel<\/strong>: Ovaj dvoklik panel uklju\u010duje tehnologiju Smart Flush, koja poma\u017ee u minimiziranju potro\u0161nje vode i buke. Tako\u0111er sadr\u017ei indikator za pra\u0107enje crnog rezervoara i funkciju koja sprje\u010dava prelijevanje vode.<\/li>\n<\/ul>\n<p style=\"color: rgb(34, 34, 34); font-family: Arial, Helvetica, sans-serif; font-size: small;\">Kao najkompaktniji model dostupan, Nano spaja udobnost, pouzdanost i performanse. Dimenzije su mu samo 295 mm visine, a radi tiho kao i ostali Tecma elektri\u010dni toaleti. Izra\u0111en je od talijanske bijele keramike, uklju\u010duje sjedi\u0161te od termosetnog poliestera te dolazi s kontrolnim panelom Eco Rocker Switch. Dizajniran je za instalaciju s pumpom za morsku vodu i uklju\u010duje solenoid za zaobila\u017eenje ugra\u0111enog vodovodnog sustava.<\/p>\n<p style=\"color: rgb(34, 34, 34); font-family: Arial, Helvetica, sans-serif; font-size: small;\">Toalet Nano koristi naprednu Turbine tehnologiju, pru\u017eaju\u0107i sna\u017eno ispiranje koje sprje\u010dava zagu\u0161enja. Ovaj model predstavlja savr\u0161eni spoj u\u010dinkovitosti i kompaktnog dizajna, pru\u017eaju\u0107i istu razinu udobnosti kao ve\u0107i toaleti. Posebno je prilago\u0111en potrebama plovila du\u017eine ispod 50 stopa (15 metara). Tim za razvoj proizvoda u kompaniji Thetford Marine osmislio je elegantno rje\u0161enje koje nudi fleksibilnost pri instalaciji zahvaljuju\u0107i svojim kompaktnim dimenzijama.<\/p>\n<p style=\"color: rgb(34, 34, 34); font-family: Arial, Helvetica, sans-serif; font-size: small;\">Klju\u010dne zna\u010dajke uklju\u010duju:<\/p>\n<ul style=\"color: rgb(34, 34, 34); font-family: Arial, Helvetica, sans-serif; font-size: small;\">\n<li>Dva povratna ventila uz vodenu zamku kako bi se sprije\u010dili neugodni mirisi.<\/li>\n<li>Izuzetno tihi rad.<\/li>\n<li>Kompatibilnost s sustavima ispira za sirovu i tlak vodu.<\/li>\n<li>\u010cista i suha zdjela nakon svakog sna\u017enog ispiranja.<\/li>\n<li>Jednostavan za kori\u0161tenje Eco rocker switch za smanjenje potro\u0161nje energije i vode, ili pametni kontroler ispiranja s naprednim zna\u010dajkama za upravljanje ispiranjem i rezervoarom.<\/li>\n<\/ul>\n<p style=\"color: rgb(34, 34, 34); font-family: Arial, Helvetica, sans-serif; font-size: small;\">Performanse pumpe za mljevenje udovoljavaju svim standardima kvalitete, a tehnologija unutar toaleta optimizirana je za smanjenje emisije zvuka uz odr\u017eavanje niske potro\u0161nje vode i elektri\u010dne energije. Instalacija, vodovod i elektri\u010dne veze su jednostavni i brzi, s gotovo nekom potrebom za odr\u017eavanjem.<\/p>\n<p style=\"color: rgb(34, 34, 34); font-family: Arial, Helvetica, sans-serif; font-size: small;\">Tecma Nano morske toalete \u010desto se nalaze na \u010damcima Chaparral, Monterey i Canados.<\/p>\n<p style=\"color: rgb(34, 34, 34); font-family: Arial, Helvetica, sans-serif; font-size: small;\"><strong>Specifikacije:<\/strong><\/p>\n<ul style=\"color: rgb(34, 34, 34); font-family: Arial, Helvetica, sans-serif; font-size: small;\">\n<li>Te\u017eina: 17.6 kg (38.8 lb)<\/li>\n<li>Izlazna pumpa: MAC 4 12V<\/li>\n<li>Ure\u0111aj za ulaz: Solenoid (opcija ulazne pumpe)<\/li>\n<\/ul>\n","protected":false},"excerpt":{"rendered":"<p>Toalet Tecma Nano 24v (Eco Panel) &#8211; Toalet Tecma Nano 24v s Eco Panelom, Zadovoljstvo nam je predstaviti kompaktni toalet<\/p>\n","protected":false},"featured_media":5941647,"comment_status":"open","ping_status":"closed","template":"","meta":[],"product_brand":[3471],"product_cat":[1675],"product_tag":[],"class_list":{"0":"post-742346","1":"product","2":"type-product","3":"status-publish","4":"has-post-thumbnail","6":"product_brand-tecma-hr","7":"product_cat-brodski-wc","9":"first","10":"instock","11":"shipping-taxable","12":"purchasable","13":"product-type-simple"},"_links":{"self":[{"href":"https:\/\/stoic-curie.212-227-153-4.plesk.page\/hr\/wp-json\/wp\/v2\/product\/742346","targetHints":{"allow":["GET"]}}],"collection":[{"href":"https:\/\/stoic-curie.212-227-153-4.plesk.page\/hr\/wp-json\/wp\/v2\/product"}],"about":[{"href":"https:\/\/stoic-curie.212-227-153-4.plesk.page\/hr\/wp-json\/wp\/v2\/types\/product"}],"replies":[{"embeddable":true,"href":"https:\/\/stoic-curie.212-227-153-4.plesk.page\/hr\/wp-json\/wp\/v2\/comments?post=742346"}],"version-history":[{"count":0,"href":"https:\/\/stoic-curie.212-227-153-4.plesk.page\/hr\/wp-json\/wp\/v2\/product\/742346\/revisions"}],"wp:featuredmedia":[{"embeddable":true,"href":"https:\/\/stoic-curie.212-227-153-4.plesk.page\/hr\/wp-json\/wp\/v2\/media\/5941647"}],"wp:attachment":[{"href":"https:\/\/stoic-curie.212-227-153-4.plesk.page\/hr\/wp-json\/wp\/v2\/media?parent=742346"}],"wp:term":[{"taxonomy":"product_brand","embeddable":true,"href":"https:\/\/stoic-curie.212-227-153-4.plesk.page\/hr\/wp-json\/wp\/v2\/product_brand?post=742346"},{"taxonomy":"product_cat","embeddable":true,"href":"https:\/\/stoic-curie.212-227-153-4.plesk.page\/hr\/wp-json\/wp\/v2\/product_cat?post=742346"},{"taxonomy":"product_tag","embeddable":true,"href":"https:\/\/stoic-curie.212-227-153-4.plesk.page\/hr\/wp-json\/wp\/v2\/product_tag?post=742346"}],"curies":[{"name":"wp","href":"https:\/\/api.w.org\/{rel}","templated":true}]}}