{"id":742347,"date":"2025-03-03T18:19:52","date_gmt":"2025-03-03T17:19:52","guid":{"rendered":"https:\/\/stoic-curie.212-227-153-4.plesk.page\/producto\/wc-tecma-nano-compact-12v-s-plocom-all-in-one-sft\/"},"modified":"2026-02-25T00:01:00","modified_gmt":"2026-02-25T00:01:00","slug":"wc-tecma-nano-compact-12v-s-plocom-all-in-one-sft","status":"publish","type":"product","link":"https:\/\/stoic-curie.212-227-153-4.plesk.page\/hr\/product\/wc-tecma-nano-compact-12v-s-plocom-all-in-one-sft\/","title":{"rendered":"Toaletni Tecma Nano 12v (All-in-One SFT panel)"},"content":{"rendered":"<p>Toaletni Tecma Nano 12v (All-in-One SFT panel) &#8211; <\/p>\n<p>Predstavljamo vam kompaktni WC Tecma Nano 12v s panelom All-in-One SFT. Ovaj WC ima sjedalo od termosetnog materijala koje savr\u0161eno kombinira udobnost s dizajnom koji \u0161tedi prostor, uz izvanredne performanse. Opremljen je robusnom pumpom za maceraciju, koja osigurava minimalnu potro\u0161nju vode i elektri\u010dne energije uz nisku razinu buke. Instalacija i povezivanje su jednostavni i brzi, a odr\u017eavanje nije potrebno.<\/p>\n<p>Tecma Nano mo\u017ee se kontrolirati putem dva razli\u010dita panela:<\/p>\n<ul>\n<li><strong>Eco panel<\/strong>: Ovaj panel uklju\u010duje gumb za aktivaciju funkcija punjenja i ispu\u0161tanja.<\/li>\n<li><strong>All-in-One SFT panel<\/strong>: Ovaj dvo-gumbni panel sadr\u017ei tehnologiju Smart Flush, koja poma\u017ee smanjiti potro\u0161nju vode i buku. Tako\u0111er ima indikator za pra\u0107enje rezervoara crne vode i funkciju za\u0161tite od prelijevanja vode.<\/li>\n<\/ul>\n<p>Kao najmanji dostupni model, Nano kombinira udobnost, pouzdanost i performanse. Visina mu je samo 295 mm i radi tiho kao drugi Tecma elektri\u010dni WC-evi. Izra\u0111en od bijele talijanske keramike, uklju\u010duje sjedalo od termosetnog poliestera i dolazi s kontrolnim panelom Eco Rocker Switch. Dizajniran je za ugradnju s pumpom za ulaz morske vode i uklju\u010duje solenoid za zaobila\u017eenje unutarnjeg vodovodnog sustava.<\/p>\n<p>Nano WC koristi najmoderniju Turbine tehnologiju, koja osigurava sna\u017eno ispiranje otporno na zagu\u0161enja. Ovaj model predstavlja savr\u0161enu kombinaciju u\u010dinkovitosti i kompaktne konstrukcije, pru\u017eaju\u0107i istu razinu udobnosti kao ve\u0107i WC-evi. Posebno je prilago\u0111en potrebama plovila du\u017eine ispod 50 stopa (15 metara). Razvojni tim proizvoda u Thetfordu Marine dizajnirao je elegantno rje\u0161enje koje nudi fleksibilnost u instalaciji zbog svojih kompaktnih dimenzija.<\/p>\n<p>Me\u0111u istaknutim zna\u010dajkama su:<\/p>\n<ul>\n<li>Dva klapna ventila s vodenom zamkom za sprje\u010davanje neugodnih mirisa.<\/li>\n<li>Izuzetno tiho djelovanje.<\/li>\n<li>Kompatibilnost s sustavima pranja sirove vode i pritisne vode.<\/li>\n<li>\u010cista, suha \u0161koljka nakon svakog sna\u017enog ispira.<\/li>\n<li>Jednostavan za kori\u0161tenje Eco rocker switch za minimalnu potro\u0161nju energije i vode, ili pametni kontroler za ispiranje s naprednim zna\u010dajkama za ispiranje i upravljanje spremnikom.<\/li>\n<\/ul>\n<p>Performanse pumpe za maceraciju zadovoljavaju sve standarde kvalitete, a tehnologija unutar WC-a optimizirana je za smanjenje emisije zvuka uz odr\u017eavanje niske potro\u0161nje vode i elektri\u010dne energije. Instalacija, vodovod i povezivanje su jednostavni i brzi, s gotovo bez odr\u017eavanja.<\/p>\n<p>Tecma Nano morski WC-i \u010desto se nalaze na plovilima Chaparral Boats, Monterey i Canados.<\/p>\n<p><strong>Specifikacije:<\/strong><\/p>\n<ul>\n<li>Te\u017eina: 17.6 kg (38.8 lb)<\/li>\n<li>Ispustna pumpa: MAC 4 12V<\/li>\n<li>Ulazni ure\u0111aj: Solenoid (opcionalna ulazna pumpa)<\/li>\n<\/ul>\n","protected":false},"excerpt":{"rendered":"<p>Toaletni Tecma Nano 12v (All-in-One SFT panel) &#8211; Predstavljamo vam kompaktni WC Tecma Nano 12v s panelom All-in-One SFT. Ovaj<\/p>\n","protected":false},"featured_media":5941647,"comment_status":"open","ping_status":"closed","template":"","meta":[],"product_brand":[3471],"product_cat":[1675],"product_tag":[],"class_list":{"0":"post-742347","1":"product","2":"type-product","3":"status-publish","4":"has-post-thumbnail","6":"product_brand-tecma-hr","7":"product_cat-brodski-wc","9":"first","10":"instock","11":"shipping-taxable","12":"purchasable","13":"product-type-simple"},"_links":{"self":[{"href":"https:\/\/stoic-curie.212-227-153-4.plesk.page\/hr\/wp-json\/wp\/v2\/product\/742347","targetHints":{"allow":["GET"]}}],"collection":[{"href":"https:\/\/stoic-curie.212-227-153-4.plesk.page\/hr\/wp-json\/wp\/v2\/product"}],"about":[{"href":"https:\/\/stoic-curie.212-227-153-4.plesk.page\/hr\/wp-json\/wp\/v2\/types\/product"}],"replies":[{"embeddable":true,"href":"https:\/\/stoic-curie.212-227-153-4.plesk.page\/hr\/wp-json\/wp\/v2\/comments?post=742347"}],"version-history":[{"count":0,"href":"https:\/\/stoic-curie.212-227-153-4.plesk.page\/hr\/wp-json\/wp\/v2\/product\/742347\/revisions"}],"wp:featuredmedia":[{"embeddable":true,"href":"https:\/\/stoic-curie.212-227-153-4.plesk.page\/hr\/wp-json\/wp\/v2\/media\/5941647"}],"wp:attachment":[{"href":"https:\/\/stoic-curie.212-227-153-4.plesk.page\/hr\/wp-json\/wp\/v2\/media?parent=742347"}],"wp:term":[{"taxonomy":"product_brand","embeddable":true,"href":"https:\/\/stoic-curie.212-227-153-4.plesk.page\/hr\/wp-json\/wp\/v2\/product_brand?post=742347"},{"taxonomy":"product_cat","embeddable":true,"href":"https:\/\/stoic-curie.212-227-153-4.plesk.page\/hr\/wp-json\/wp\/v2\/product_cat?post=742347"},{"taxonomy":"product_tag","embeddable":true,"href":"https:\/\/stoic-curie.212-227-153-4.plesk.page\/hr\/wp-json\/wp\/v2\/product_tag?post=742347"}],"curies":[{"name":"wp","href":"https:\/\/api.w.org\/{rel}","templated":true}]}}