{"id":742348,"date":"2025-03-03T18:19:52","date_gmt":"2025-03-03T17:19:52","guid":{"rendered":"https:\/\/stoic-curie.212-227-153-4.plesk.page\/producto\/sklopivi-stolovi-forma-marathon-m200-88x44-cm-h61cm\/"},"modified":"2026-02-25T00:01:00","modified_gmt":"2026-02-25T00:01:00","slug":"sklopivi-stolovi-forma-marathon-m200-88x44-cm-h61cm","status":"publish","type":"product","link":"https:\/\/stoic-curie.212-227-153-4.plesk.page\/hr\/product\/sklopivi-stolovi-forma-marathon-m200-88x44-cm-h61cm\/","title":{"rendered":"Sklopivi stolovi Forma Marathon M200 88&#215;44 cm H61cm"},"content":{"rendered":"<p>Sklopivi stolovi Forma Marathon M200 88&#215;44 cm H61cm &#8211; <\/p>\n<p>Elegantne sklopive stolove Marathon M200 &#8211; M400 &#8211; M400H &#8211; M600. Savr\u0161eno obra\u0111ena aluminijska konstrukcija anodizirana za izdr\u017eljivost. Visokokvalitetna melaminska povr\u0161ina otporna na vlagu i UV zrake. Oja\u010dani kutovi od anodiziranog aluminija. Hardver od nehr\u0111aju\u0107eg \u010delika. M600 stol se mo\u017ee postaviti na dvije visine: 56 i 73 cm.<\/p>\n","protected":false},"excerpt":{"rendered":"<p>Sklopivi stolovi Forma Marathon M200 88&#215;44 cm H61cm &#8211; Elegantne sklopive stolove Marathon M200 &#8211; M400 &#8211; M400H &#8211; M600.<\/p>\n","protected":false},"featured_media":5941663,"comment_status":"open","ping_status":"closed","template":"","meta":[],"product_brand":[2951],"product_cat":[1642],"product_tag":[],"class_list":{"0":"post-742348","1":"product","2":"type-product","3":"status-publish","4":"has-post-thumbnail","6":"product_brand-forma-hr","7":"product_cat-brodske-stolice-i-stolovi","9":"first","10":"instock","11":"shipping-taxable","12":"purchasable","13":"product-type-simple"},"_links":{"self":[{"href":"https:\/\/stoic-curie.212-227-153-4.plesk.page\/hr\/wp-json\/wp\/v2\/product\/742348","targetHints":{"allow":["GET"]}}],"collection":[{"href":"https:\/\/stoic-curie.212-227-153-4.plesk.page\/hr\/wp-json\/wp\/v2\/product"}],"about":[{"href":"https:\/\/stoic-curie.212-227-153-4.plesk.page\/hr\/wp-json\/wp\/v2\/types\/product"}],"replies":[{"embeddable":true,"href":"https:\/\/stoic-curie.212-227-153-4.plesk.page\/hr\/wp-json\/wp\/v2\/comments?post=742348"}],"version-history":[{"count":0,"href":"https:\/\/stoic-curie.212-227-153-4.plesk.page\/hr\/wp-json\/wp\/v2\/product\/742348\/revisions"}],"wp:featuredmedia":[{"embeddable":true,"href":"https:\/\/stoic-curie.212-227-153-4.plesk.page\/hr\/wp-json\/wp\/v2\/media\/5941663"}],"wp:attachment":[{"href":"https:\/\/stoic-curie.212-227-153-4.plesk.page\/hr\/wp-json\/wp\/v2\/media?parent=742348"}],"wp:term":[{"taxonomy":"product_brand","embeddable":true,"href":"https:\/\/stoic-curie.212-227-153-4.plesk.page\/hr\/wp-json\/wp\/v2\/product_brand?post=742348"},{"taxonomy":"product_cat","embeddable":true,"href":"https:\/\/stoic-curie.212-227-153-4.plesk.page\/hr\/wp-json\/wp\/v2\/product_cat?post=742348"},{"taxonomy":"product_tag","embeddable":true,"href":"https:\/\/stoic-curie.212-227-153-4.plesk.page\/hr\/wp-json\/wp\/v2\/product_tag?post=742348"}],"curies":[{"name":"wp","href":"https:\/\/api.w.org\/{rel}","templated":true}]}}