{"id":742352,"date":"2025-03-03T18:19:53","date_gmt":"2025-03-03T17:19:53","guid":{"rendered":"https:\/\/stoic-curie.212-227-153-4.plesk.page\/producto\/brodski-reflektor-xenon-800-mt-24v\/"},"modified":"2026-02-25T00:01:00","modified_gmt":"2026-02-25T00:01:00","slug":"brodski-reflektor-xenon-800-mt-24v","status":"publish","type":"product","link":"https:\/\/stoic-curie.212-227-153-4.plesk.page\/hr\/product\/brodski-reflektor-xenon-800-mt-24v\/","title":{"rendered":"Brodski reflektor Xenon 800 mt 24v"},"content":{"rendered":"<p>Brodski reflektor Xenon 800 mt 24v &#8211; <\/p>\n<p>Pode\u0161eni reflektor s vodonepropusnom kontrolnom plo\u010dom s kabelom, s rotacijom 360\u00b0 x 70\u00b0 gore\/dolje. XENON zatvorena \u017earulja, 7 puta svjetlija od standardnog reflektora. Dimenzije: 350 mm duljina &#8211; 260 mm \u0161irina &#8211; 320 mm visina. Opcijska be\u017ei\u010dna kontrola s plug and play prijemnikom i oda\u0161ilja\u010dem do 35 m. Ako se instalira, zamjenjuje \u017ei\u010danu kontrolnu plo\u010du. Kako bi se odr\u017eala oba sustava, potrebno je nabaviti dvostruku kontrolnu plo\u010du.<\/p>\n","protected":false},"excerpt":{"rendered":"<p>Brodski reflektor Xenon 800 mt 24v &#8211; Pode\u0161eni reflektor s vodonepropusnom kontrolnom plo\u010dom s kabelom, s rotacijom 360\u00b0 x 70\u00b0<\/p>\n","protected":false},"featured_media":5941694,"comment_status":"open","ping_status":"closed","template":"","meta":[],"product_brand":[3141],"product_cat":[1734],"product_tag":[],"class_list":{"0":"post-742352","1":"product","2":"type-product","3":"status-publish","4":"has-post-thumbnail","6":"product_brand-matromarine-hr","7":"product_cat-brodski-reflektori","9":"first","10":"instock","11":"shipping-taxable","12":"purchasable","13":"product-type-simple"},"_links":{"self":[{"href":"https:\/\/stoic-curie.212-227-153-4.plesk.page\/hr\/wp-json\/wp\/v2\/product\/742352","targetHints":{"allow":["GET"]}}],"collection":[{"href":"https:\/\/stoic-curie.212-227-153-4.plesk.page\/hr\/wp-json\/wp\/v2\/product"}],"about":[{"href":"https:\/\/stoic-curie.212-227-153-4.plesk.page\/hr\/wp-json\/wp\/v2\/types\/product"}],"replies":[{"embeddable":true,"href":"https:\/\/stoic-curie.212-227-153-4.plesk.page\/hr\/wp-json\/wp\/v2\/comments?post=742352"}],"version-history":[{"count":0,"href":"https:\/\/stoic-curie.212-227-153-4.plesk.page\/hr\/wp-json\/wp\/v2\/product\/742352\/revisions"}],"wp:featuredmedia":[{"embeddable":true,"href":"https:\/\/stoic-curie.212-227-153-4.plesk.page\/hr\/wp-json\/wp\/v2\/media\/5941694"}],"wp:attachment":[{"href":"https:\/\/stoic-curie.212-227-153-4.plesk.page\/hr\/wp-json\/wp\/v2\/media?parent=742352"}],"wp:term":[{"taxonomy":"product_brand","embeddable":true,"href":"https:\/\/stoic-curie.212-227-153-4.plesk.page\/hr\/wp-json\/wp\/v2\/product_brand?post=742352"},{"taxonomy":"product_cat","embeddable":true,"href":"https:\/\/stoic-curie.212-227-153-4.plesk.page\/hr\/wp-json\/wp\/v2\/product_cat?post=742352"},{"taxonomy":"product_tag","embeddable":true,"href":"https:\/\/stoic-curie.212-227-153-4.plesk.page\/hr\/wp-json\/wp\/v2\/product_tag?post=742352"}],"curies":[{"name":"wp","href":"https:\/\/api.w.org\/{rel}","templated":true}]}}