{"id":742362,"date":"2025-03-03T18:19:56","date_gmt":"2025-03-03T17:19:56","guid":{"rendered":"https:\/\/stoic-curie.212-227-153-4.plesk.page\/producto\/vang-bamar-100-1600mm-jedrilice-8-10-5mt\/"},"modified":"2026-02-25T00:01:00","modified_gmt":"2026-02-25T00:01:00","slug":"vang-bamar-100-1600mm-jedrilice-8-10-5mt","status":"publish","type":"product","link":"https:\/\/stoic-curie.212-227-153-4.plesk.page\/hr\/product\/vang-bamar-100-1600mm-jedrilice-8-10-5mt\/","title":{"rendered":"Vang Bamar 100"},"content":{"rendered":"<p>Vang Bamar 100  &#8211; <\/p>\n<p style=\"color: rgb(34, 34, 34); font-family: Arial, Helvetica, sans-serif; font-size: small;\">Bamar mehani\u010dki kiker sadr\u017ei unutra\u0161nju oprugu od nehr\u0111aju\u0107eg \u010delika koja podi\u017ee gornji dio.<\/p>\n<p style=\"color: rgb(34, 34, 34); font-family: Arial, Helvetica, sans-serif; font-size: small;\">Izra\u0111en je od anodiziranog aluminija i uklju\u010duje posebne priklju\u010dne terminale koji integriraju pulije, stvaraju\u0107i kompaktan sustav pode\u0161avanja konopa. Mo\u017eete kontrolirati konop iz kokpita ili ga u\u010dvrstiti na kiker pomo\u0107u dodatnog kompleta. Opruga omogu\u0107ava jednostavno pode\u0161avanje potiska jednostavnim okretanjem gornje cijevi ili terminala. Ovaj kiker dostupan je u pet modela, dizajniranih za \u010damce izme\u0111u 30 i 62 stope. Mo\u017eete prilagoditi njegovu duljinu tijekom instalacije na svom \u010damcu.<\/p>\n<p style=\"color: rgb(34, 34, 34); font-family: Arial, Helvetica, sans-serif; font-size: small;\">Ovaj kiker dolazi u srebrnoj ili crnoj anodiziranoj aluminijskoj leguri. Sastoji se od dvije teleskopske cijevi sa jedinstvenim priklju\u010dnim terminalima koji imaju integrirane pulije za kompaktan sustav pode\u0161avanja konopa. Konop se mo\u017ee usmjeriti prema kokpitu ili zaklju\u010dati na kicker koriste\u0107i dodatni komplet s utezom. Mehanizam opruge omogu\u0107ava vam prilagodbu potiska tako da rotirate gornju cijev ili terminal.<\/p>\n<p style=\"color: rgb(34, 34, 34); font-family: Arial, Helvetica, sans-serif; font-size: small;\">Specifikacije:<\/p>\n<ul style=\"color: rgb(34, 34, 34); font-family: Arial, Helvetica, sans-serif; font-size: small;\">\n<li>Promjer u\u017eeta: 8 mm<\/li>\n<li>Preporu\u010dena maksimalna veli\u010dina \u010damca: 34 ft<\/li>\n<li>Preporu\u010dena minimalna veli\u010dina \u010damca: 30 ft<\/li>\n<li>Maksimalna duljina: 1600 mm<\/li>\n<li>Omjer kupnje: 4:1<\/li>\n<li>Snaga opruge: 1080 N<\/li>\n<li>Promjer igle: 10 mm<\/li>\n<li>Hod: 200 mm<\/li>\n<li>Duljina A: 1600 mm<\/li>\n<li>Te\u017eina: 3000 g<\/li>\n<\/ul>\n","protected":false},"excerpt":{"rendered":"<p>Vang Bamar 100 &#8211; Bamar mehani\u010dki kiker sadr\u017ei unutra\u0161nju oprugu od nehr\u0111aju\u0107eg \u010delika koja podi\u017ee gornji dio. Izra\u0111en je od<\/p>\n","protected":false},"featured_media":5943709,"comment_status":"open","ping_status":"closed","template":"","meta":[],"product_brand":[2811],"product_cat":[1763],"product_tag":[],"class_list":{"0":"post-742362","1":"product","2":"type-product","3":"status-publish","4":"has-post-thumbnail","6":"product_brand-bamar-hr","7":"product_cat-vang-za-jedrilice","9":"first","10":"instock","11":"shipping-taxable","12":"purchasable","13":"product-type-simple"},"_links":{"self":[{"href":"https:\/\/stoic-curie.212-227-153-4.plesk.page\/hr\/wp-json\/wp\/v2\/product\/742362","targetHints":{"allow":["GET"]}}],"collection":[{"href":"https:\/\/stoic-curie.212-227-153-4.plesk.page\/hr\/wp-json\/wp\/v2\/product"}],"about":[{"href":"https:\/\/stoic-curie.212-227-153-4.plesk.page\/hr\/wp-json\/wp\/v2\/types\/product"}],"replies":[{"embeddable":true,"href":"https:\/\/stoic-curie.212-227-153-4.plesk.page\/hr\/wp-json\/wp\/v2\/comments?post=742362"}],"version-history":[{"count":0,"href":"https:\/\/stoic-curie.212-227-153-4.plesk.page\/hr\/wp-json\/wp\/v2\/product\/742362\/revisions"}],"wp:featuredmedia":[{"embeddable":true,"href":"https:\/\/stoic-curie.212-227-153-4.plesk.page\/hr\/wp-json\/wp\/v2\/media\/5943709"}],"wp:attachment":[{"href":"https:\/\/stoic-curie.212-227-153-4.plesk.page\/hr\/wp-json\/wp\/v2\/media?parent=742362"}],"wp:term":[{"taxonomy":"product_brand","embeddable":true,"href":"https:\/\/stoic-curie.212-227-153-4.plesk.page\/hr\/wp-json\/wp\/v2\/product_brand?post=742362"},{"taxonomy":"product_cat","embeddable":true,"href":"https:\/\/stoic-curie.212-227-153-4.plesk.page\/hr\/wp-json\/wp\/v2\/product_cat?post=742362"},{"taxonomy":"product_tag","embeddable":true,"href":"https:\/\/stoic-curie.212-227-153-4.plesk.page\/hr\/wp-json\/wp\/v2\/product_tag?post=742362"}],"curies":[{"name":"wp","href":"https:\/\/api.w.org\/{rel}","templated":true}]}}