{"id":742364,"date":"2025-03-03T18:19:56","date_gmt":"2025-03-03T17:19:56","guid":{"rendered":"https:\/\/stoic-curie.212-227-153-4.plesk.page\/producto\/vang-bamar-300s-1250-2000mm-jedrilice-12-16mt\/"},"modified":"2026-02-25T00:01:00","modified_gmt":"2026-02-25T00:01:00","slug":"vang-bamar-300s-1250-2000mm-jedrilice-12-16mt","status":"publish","type":"product","link":"https:\/\/stoic-curie.212-227-153-4.plesk.page\/hr\/product\/vang-bamar-300s-1250-2000mm-jedrilice-12-16mt\/","title":{"rendered":"Vang Bamar 300s"},"content":{"rendered":"<p>Vang Bamar 300s &#8211; <\/p>\n<p style=\"color: rgb(34, 34, 34); font-family: Arial, Helvetica, sans-serif; font-size: small;\">Bamar Mechanical Kicker &#8211; Model 300S ima unutarnju \u010deli\u010dnu oprugu koja podi\u017ee grom. Ova linija proizvoda uklju\u010duje pet modela dizajniranih za \u010damce du\u017eine od 30 do 62 stope. Duljina se mo\u017ee prilagoditi tijekom ugradnje na va\u0161 \u010damac.<\/p>\n<p style=\"color: rgb(34, 34, 34); font-family: Arial, Helvetica, sans-serif; font-size: small;\">Ovaj kicker izra\u0111en je od anodiziranog aluminijskog legura, u srebrnoj ili crnoj boji. Sastoji se od dvije teleskopske cijevi sa posebnim spojnim terminalima koji imaju integrirane pulije, \u0161to omogu\u0107ava kompaktni sustav u\u017eeta. Mo\u017eete usmjeriti u\u017ee prema kokpitu ili ga osigurati na kickeru pomo\u0107u dodatnog pribora s utezom. Mehanizam opruge omogu\u0107uje vam da prilagodite potisak kickera rotiraju\u0107i gornju cijev ili terminal.<\/p>\n<p style=\"color: rgb(34, 34, 34); font-family: Arial, Helvetica, sans-serif; font-size: small;\"><strong>Karakteristike:<\/strong><\/p>\n<p style=\"color: rgb(34, 34, 34); font-family: Arial, Helvetica, sans-serif; font-size: small;\">Ovaj komplet uklju\u010duje sljede\u0107e stavke:<\/p>\n<p style=\"color: rgb(34, 34, 34); font-family: Arial, Helvetica, sans-serif; font-size: small;\">(A) &#8211; Priru\u010dnik za kori\u0161tenje i odr\u017eavanje<br \/>(B) &#8211; Polu-assemblirani Mechanical Kicker &#8211; Model 300S<br \/>(C) &#8211; Kicker Terminal (Boom Strana)<br \/>(D) &#8211; Torba za male predmete (zakovice, podlo\u0161ke)<br \/>(E) &#8211; Konop<br \/>(F) &#8211; Dodatna oprema:<\/p>\n<ul style=\"color: rgb(34, 34, 34); font-family: Arial, Helvetica, sans-serif; font-size: small;\">\n<li>Fiddle blok<\/li>\n<li>Fiddle blok s kamenom i becketom<\/li>\n<li>Pin za povezivanje blokova<\/li>\n<li>Linija<\/li>\n<\/ul>\n<p style=\"color: rgb(34, 34, 34); font-family: Arial, Helvetica, sans-serif; font-size: small;\"><strong>Specifikacije:<\/strong><\/p>\n<ul style=\"color: rgb(34, 34, 34); font-family: Arial, Helvetica, sans-serif; font-size: small;\">\n<li>Model: Bamar Mechanical Kicker 300S<\/li>\n<li>Opcije boja: Srebrna ili Crna<\/li>\n<li>Duljina (L): 2000 mm<\/li>\n<li>A: 20 mm<\/li>\n<li>B: 40 mm<\/li>\n<li>C: 18 mm<\/li>\n<li>Promjer pina: 14 mm<\/li>\n<li>Te\u017eina: 9,5 kg<\/li>\n<li>Preporu\u010dena duljina \u010damca: 42-52 stopa<\/li>\n<li>Tehni\u010dka crte\u017e dostupan na slikama<\/li>\n<li>Proizvo\u0111a\u010dki kod: 105003000000 (Srebrna)<\/li>\n<\/ul>\n<p style=\"color: rgb(34, 34, 34); font-family: Arial, Helvetica, sans-serif; font-size: small;\">Ovaj detaljan pregled pru\u017ea vam sve potrebne informacije da biste razumjeli Bamar Mechanical Kicker &#8211; Model 300S i njegove zna\u010dajke.<\/p>\n","protected":false},"excerpt":{"rendered":"<p>Vang Bamar 300s &#8211; Bamar Mechanical Kicker &#8211; Model 300S ima unutarnju \u010deli\u010dnu oprugu koja podi\u017ee grom. Ova linija proizvoda<\/p>\n","protected":false},"featured_media":5943709,"comment_status":"open","ping_status":"closed","template":"","meta":[],"product_brand":[2811],"product_cat":[1763],"product_tag":[],"class_list":{"0":"post-742364","1":"product","2":"type-product","3":"status-publish","4":"has-post-thumbnail","6":"product_brand-bamar-hr","7":"product_cat-vang-za-jedrilice","9":"first","10":"outofstock","11":"shipping-taxable","12":"purchasable","13":"product-type-simple"},"_links":{"self":[{"href":"https:\/\/stoic-curie.212-227-153-4.plesk.page\/hr\/wp-json\/wp\/v2\/product\/742364","targetHints":{"allow":["GET"]}}],"collection":[{"href":"https:\/\/stoic-curie.212-227-153-4.plesk.page\/hr\/wp-json\/wp\/v2\/product"}],"about":[{"href":"https:\/\/stoic-curie.212-227-153-4.plesk.page\/hr\/wp-json\/wp\/v2\/types\/product"}],"replies":[{"embeddable":true,"href":"https:\/\/stoic-curie.212-227-153-4.plesk.page\/hr\/wp-json\/wp\/v2\/comments?post=742364"}],"version-history":[{"count":0,"href":"https:\/\/stoic-curie.212-227-153-4.plesk.page\/hr\/wp-json\/wp\/v2\/product\/742364\/revisions"}],"wp:featuredmedia":[{"embeddable":true,"href":"https:\/\/stoic-curie.212-227-153-4.plesk.page\/hr\/wp-json\/wp\/v2\/media\/5943709"}],"wp:attachment":[{"href":"https:\/\/stoic-curie.212-227-153-4.plesk.page\/hr\/wp-json\/wp\/v2\/media?parent=742364"}],"wp:term":[{"taxonomy":"product_brand","embeddable":true,"href":"https:\/\/stoic-curie.212-227-153-4.plesk.page\/hr\/wp-json\/wp\/v2\/product_brand?post=742364"},{"taxonomy":"product_cat","embeddable":true,"href":"https:\/\/stoic-curie.212-227-153-4.plesk.page\/hr\/wp-json\/wp\/v2\/product_cat?post=742364"},{"taxonomy":"product_tag","embeddable":true,"href":"https:\/\/stoic-curie.212-227-153-4.plesk.page\/hr\/wp-json\/wp\/v2\/product_tag?post=742364"}],"curies":[{"name":"wp","href":"https:\/\/api.w.org\/{rel}","templated":true}]}}