{"id":742366,"date":"2025-03-03T18:19:57","date_gmt":"2025-03-03T17:19:57","guid":{"rendered":"https:\/\/stoic-curie.212-227-153-4.plesk.page\/producto\/kompaktni-prijenosni-boss-marine-mrbt200-zvucnik\/"},"modified":"2026-02-25T00:01:00","modified_gmt":"2026-02-25T00:01:00","slug":"kompaktni-prijenosni-boss-marine-mrbt200-zvucnik","status":"publish","type":"product","link":"https:\/\/stoic-curie.212-227-153-4.plesk.page\/hr\/product\/kompaktni-prijenosni-boss-marine-mrbt200-zvucnik\/","title":{"rendered":"Kompaktni prijenosni Boss Marine MRBT200 zvu\u010dnik"},"content":{"rendered":"<p>Kompaktni prijenosni Boss Marine MRBT200 zvu\u010dnik &#8211; <\/p>\n<p>Kompaktni prijenosni Boss Marine MRBT200 zvu\u010dnik obavijen debelim vodootpornim gumama. Sastoji se od savr\u0161eno pode\u0161enih 3 aktivna voza\u010da i 2 pasivna radijatora kako bi savr\u0161eno pokrio sve potrebne audio frekvencije i osigurao linearni zvuk. Opremljen mikrofonom, funkcijom hands-free, Bluetooth i NFC povezivanjem (Android), AUX ulazom. Uklju\u010duje vje\u0161alicu i litijsku bateriju s 8 sati autonomije, punjivu putem prilo\u017eenog micro USB kabela.<\/p>\n","protected":false},"excerpt":{"rendered":"<p>Kompaktni prijenosni Boss Marine MRBT200 zvu\u010dnik &#8211; Kompaktni prijenosni Boss Marine MRBT200 zvu\u010dnik obavijen debelim vodootpornim gumama. Sastoji se od<\/p>\n","protected":false},"featured_media":5943711,"comment_status":"open","ping_status":"closed","template":"","meta":[],"product_brand":[2841],"product_cat":[1733],"product_tag":[],"class_list":{"0":"post-742366","1":"product","2":"type-product","3":"status-publish","4":"has-post-thumbnail","6":"product_brand-boss-marine-hr","7":"product_cat-stereo-i-zvucnici","9":"first","10":"instock","11":"shipping-taxable","12":"purchasable","13":"product-type-simple"},"_links":{"self":[{"href":"https:\/\/stoic-curie.212-227-153-4.plesk.page\/hr\/wp-json\/wp\/v2\/product\/742366","targetHints":{"allow":["GET"]}}],"collection":[{"href":"https:\/\/stoic-curie.212-227-153-4.plesk.page\/hr\/wp-json\/wp\/v2\/product"}],"about":[{"href":"https:\/\/stoic-curie.212-227-153-4.plesk.page\/hr\/wp-json\/wp\/v2\/types\/product"}],"replies":[{"embeddable":true,"href":"https:\/\/stoic-curie.212-227-153-4.plesk.page\/hr\/wp-json\/wp\/v2\/comments?post=742366"}],"version-history":[{"count":0,"href":"https:\/\/stoic-curie.212-227-153-4.plesk.page\/hr\/wp-json\/wp\/v2\/product\/742366\/revisions"}],"wp:featuredmedia":[{"embeddable":true,"href":"https:\/\/stoic-curie.212-227-153-4.plesk.page\/hr\/wp-json\/wp\/v2\/media\/5943711"}],"wp:attachment":[{"href":"https:\/\/stoic-curie.212-227-153-4.plesk.page\/hr\/wp-json\/wp\/v2\/media?parent=742366"}],"wp:term":[{"taxonomy":"product_brand","embeddable":true,"href":"https:\/\/stoic-curie.212-227-153-4.plesk.page\/hr\/wp-json\/wp\/v2\/product_brand?post=742366"},{"taxonomy":"product_cat","embeddable":true,"href":"https:\/\/stoic-curie.212-227-153-4.plesk.page\/hr\/wp-json\/wp\/v2\/product_cat?post=742366"},{"taxonomy":"product_tag","embeddable":true,"href":"https:\/\/stoic-curie.212-227-153-4.plesk.page\/hr\/wp-json\/wp\/v2\/product_tag?post=742366"}],"curies":[{"name":"wp","href":"https:\/\/api.w.org\/{rel}","templated":true}]}}