{"id":742367,"date":"2025-03-03T18:19:57","date_gmt":"2025-03-03T17:19:57","guid":{"rendered":"https:\/\/stoic-curie.212-227-153-4.plesk.page\/producto\/bamar-zatezac-straja-sa-btv-sustavom-5-x-420mm\/"},"modified":"2026-02-25T00:01:00","modified_gmt":"2026-02-25T00:01:00","slug":"bamar-zatezac-straja-sa-btv-sustavom-5-x-420mm","status":"publish","type":"product","link":"https:\/\/stoic-curie.212-227-153-4.plesk.page\/hr\/product\/bamar-zatezac-straja-sa-btv-sustavom-5-x-420mm\/","title":{"rendered":"Bamar zateza\u010d \u0161traja sa BTV sustavom 5 x 420mm"},"content":{"rendered":"<p>Bamar zateza\u010d \u0161traja sa BTV sustavom 5 x 420mm &#8211; <\/p>\n<p>Jaka i mo\u0107na mehani\u010dka Bamar prilagodba staja, koja se lako montira i koristi. Kompaktni tip BTV ru\u010dne to\u010dke isporu\u010duje se s preklopnim ru\u010dkama. Kori\u0161tenje samov lubricantnim le\u017eajevima smanjuje trenje uzrokovano vijkom na minimum u slu\u010daju visokih optere\u0107enja.<\/p>\n","protected":false},"excerpt":{"rendered":"<p>Bamar zateza\u010d \u0161traja sa BTV sustavom 5 x 420mm &#8211; Jaka i mo\u0107na mehani\u010dka Bamar prilagodba staja, koja se lako<\/p>\n","protected":false},"featured_media":5943712,"comment_status":"open","ping_status":"closed","template":"","meta":[],"product_brand":[2811],"product_cat":[1757],"product_tag":[],"class_list":{"0":"post-742367","1":"product","2":"type-product","3":"status-publish","4":"has-post-thumbnail","6":"product_brand-bamar-hr","7":"product_cat-rucice-za-zatezanje-pripona","9":"first","10":"outofstock","11":"shipping-taxable","12":"purchasable","13":"product-type-simple"},"_links":{"self":[{"href":"https:\/\/stoic-curie.212-227-153-4.plesk.page\/hr\/wp-json\/wp\/v2\/product\/742367","targetHints":{"allow":["GET"]}}],"collection":[{"href":"https:\/\/stoic-curie.212-227-153-4.plesk.page\/hr\/wp-json\/wp\/v2\/product"}],"about":[{"href":"https:\/\/stoic-curie.212-227-153-4.plesk.page\/hr\/wp-json\/wp\/v2\/types\/product"}],"replies":[{"embeddable":true,"href":"https:\/\/stoic-curie.212-227-153-4.plesk.page\/hr\/wp-json\/wp\/v2\/comments?post=742367"}],"version-history":[{"count":0,"href":"https:\/\/stoic-curie.212-227-153-4.plesk.page\/hr\/wp-json\/wp\/v2\/product\/742367\/revisions"}],"wp:featuredmedia":[{"embeddable":true,"href":"https:\/\/stoic-curie.212-227-153-4.plesk.page\/hr\/wp-json\/wp\/v2\/media\/5943712"}],"wp:attachment":[{"href":"https:\/\/stoic-curie.212-227-153-4.plesk.page\/hr\/wp-json\/wp\/v2\/media?parent=742367"}],"wp:term":[{"taxonomy":"product_brand","embeddable":true,"href":"https:\/\/stoic-curie.212-227-153-4.plesk.page\/hr\/wp-json\/wp\/v2\/product_brand?post=742367"},{"taxonomy":"product_cat","embeddable":true,"href":"https:\/\/stoic-curie.212-227-153-4.plesk.page\/hr\/wp-json\/wp\/v2\/product_cat?post=742367"},{"taxonomy":"product_tag","embeddable":true,"href":"https:\/\/stoic-curie.212-227-153-4.plesk.page\/hr\/wp-json\/wp\/v2\/product_tag?post=742367"}],"curies":[{"name":"wp","href":"https:\/\/api.w.org\/{rel}","templated":true}]}}