{"id":742369,"date":"2025-03-03T18:19:58","date_gmt":"2025-03-03T17:19:58","guid":{"rendered":"https:\/\/stoic-curie.212-227-153-4.plesk.page\/producto\/btm-podesavac-napetosti-pripona-bamar-8-x-900-mm\/"},"modified":"2026-02-25T00:01:00","modified_gmt":"2026-02-25T00:01:00","slug":"btm-podesavac-napetosti-pripona-bamar-8-x-900-mm","status":"publish","type":"product","link":"https:\/\/stoic-curie.212-227-153-4.plesk.page\/hr\/product\/btm-podesavac-napetosti-pripona-bamar-8-x-900-mm\/","title":{"rendered":"BTM pode\u0161ava\u010d napetosti pripona, Bamar, 8 x 900 mm"},"content":{"rendered":"<p>BTM pode\u0161ava\u010d napetosti pripona, Bamar, 8 x 900 mm &#8211; <\/p>\n<p>Sa zadovoljstvom predstavljamo Bamar stay-ure\u0111aj, izuzetan proizvod pa\u017eljivo dizajniran za jednostavnu instalaciju i korisni\u010dko prijateljsko djelovanje. Ovaj inovativni ure\u0111aj opremljen je kompaktnim BTV ru\u010dnim kota\u010dem, koji ima sklopive ru\u010dke koje olak\u0161avaju skladi\u0161tenje i transport, \u0161to ga \u010dini idealnim izborom za vlasnike brodova koji cijene udobnost i u\u010dinkovitost. Dizajn uklju\u010duje samolubrikantne le\u017eajeve koji zna\u010dajno smanjuju trenje, \u010dak i pod te\u0161kim optere\u0107enjima, osiguravaju\u0107i optimalne performanse i dugotrajnu izdr\u017eljivost.<\/p>\n<p>Na\u0161i BTM ru\u010dni kota\u010di za napetost stay-a dostupni su u raznim veli\u010dinama, posebno prilago\u0111enim za 1\u00d719 \u017ei\u010dane stayove s promjerima od 8 mm do 22 mm. Ove napetosti dizajnirane su da besprijekorno sura\u0111uju sa standardnim ru\u010dnim kota\u010dem, zahvaljuju\u0107i oktagonalnom spojnom mehanizmu koji omogu\u0107uje glatke i precizne prilagodbe. Izra\u0111eni su od robusnog crnog HARDCOTE anodiziranog aluminija i visokokvalitetnog nehr\u0111aju\u0107eg \u010delika, ovi napetosti ne samo da imaju du\u017ei hod od mnogih svojih konkurenata, ve\u0107 tako\u0111er pobolj\u0161avaju funkcionalnost i pouzdanost, \u010dine\u0107i ih superiornim izborom za zahtjevne vlasnike brodova.<\/p>\n<p>Pored na\u0161ih izvanrednih stay-ure\u0111aja, tako\u0111er nudimo brze ispu\u0161taju\u0107e igle koje su posebno dizajnirane za unutarnje tenzore stajanja i stajanje. Ove igle omogu\u0107uju jednostavne prilagodbe, omogu\u0107avaju\u0107i vlasnicima brodova da odr\u017eavaju optimalnu napetost opreme s minimalnim naporom i maksimalnom u\u010dinkovito\u0161\u0107u. Ova karakteristika je osobito korisna za one koji \u010desto prilago\u0111avaju svoje opreme, jer pojednostavljuje proces i smanjuje vrijeme potro\u0161eno na odr\u017eavanje.<\/p>\n<p>Na\u0161a nepokolebljiva posve\u0107enost kvaliteti i performansama osigurava da ovi proizvodi nisu samo dodaci, ve\u0107 bitne komponente u kolekciji opreme svakog zaljubljenika u brodove. Odabirom na\u0161ih Bamar stay-ure\u0111aja i povezanih proizvoda, ula\u017eete u pouzdanost i izvrsnost koja \u0107e pobolj\u0161ati va\u0161e iskustvo na vodi. Razumijemo va\u017enost pouzdane opreme na brodu i posve\u0107eni smo pru\u017eanju najboljih rje\u0161enja koja \u0107e zadovoljiti va\u0161e potrebe. Bez obzira jeste li iskusni moreplovac ili novi vlasnik broda, na\u0161i proizvodi su napravljeni da podr\u017ee va\u0161a iskustva na vodi.<\/p>\n","protected":false},"excerpt":{"rendered":"<p>BTM pode\u0161ava\u010d napetosti pripona, Bamar, 8 x 900 mm &#8211; Sa zadovoljstvom predstavljamo Bamar stay-ure\u0111aj, izuzetan proizvod pa\u017eljivo dizajniran za<\/p>\n","protected":false},"featured_media":5943713,"comment_status":"open","ping_status":"closed","template":"","meta":[],"product_brand":[2811],"product_cat":[1757],"product_tag":[],"class_list":{"0":"post-742369","1":"product","2":"type-product","3":"status-publish","4":"has-post-thumbnail","6":"product_brand-bamar-hr","7":"product_cat-rucice-za-zatezanje-pripona","9":"first","10":"outofstock","11":"shipping-taxable","12":"purchasable","13":"product-type-simple"},"_links":{"self":[{"href":"https:\/\/stoic-curie.212-227-153-4.plesk.page\/hr\/wp-json\/wp\/v2\/product\/742369","targetHints":{"allow":["GET"]}}],"collection":[{"href":"https:\/\/stoic-curie.212-227-153-4.plesk.page\/hr\/wp-json\/wp\/v2\/product"}],"about":[{"href":"https:\/\/stoic-curie.212-227-153-4.plesk.page\/hr\/wp-json\/wp\/v2\/types\/product"}],"replies":[{"embeddable":true,"href":"https:\/\/stoic-curie.212-227-153-4.plesk.page\/hr\/wp-json\/wp\/v2\/comments?post=742369"}],"version-history":[{"count":0,"href":"https:\/\/stoic-curie.212-227-153-4.plesk.page\/hr\/wp-json\/wp\/v2\/product\/742369\/revisions"}],"wp:featuredmedia":[{"embeddable":true,"href":"https:\/\/stoic-curie.212-227-153-4.plesk.page\/hr\/wp-json\/wp\/v2\/media\/5943713"}],"wp:attachment":[{"href":"https:\/\/stoic-curie.212-227-153-4.plesk.page\/hr\/wp-json\/wp\/v2\/media?parent=742369"}],"wp:term":[{"taxonomy":"product_brand","embeddable":true,"href":"https:\/\/stoic-curie.212-227-153-4.plesk.page\/hr\/wp-json\/wp\/v2\/product_brand?post=742369"},{"taxonomy":"product_cat","embeddable":true,"href":"https:\/\/stoic-curie.212-227-153-4.plesk.page\/hr\/wp-json\/wp\/v2\/product_cat?post=742369"},{"taxonomy":"product_tag","embeddable":true,"href":"https:\/\/stoic-curie.212-227-153-4.plesk.page\/hr\/wp-json\/wp\/v2\/product_tag?post=742369"}],"curies":[{"name":"wp","href":"https:\/\/api.w.org\/{rel}","templated":true}]}}