{"id":742370,"date":"2025-03-03T18:19:58","date_gmt":"2025-03-03T17:19:58","guid":{"rendered":"https:\/\/stoic-curie.212-227-153-4.plesk.page\/producto\/btm-podesavac-napetosti-pripona-bamar-10-x-900-mm\/"},"modified":"2026-02-25T00:01:00","modified_gmt":"2026-02-25T00:01:00","slug":"btm-podesavac-napetosti-pripona-bamar-10-x-900-mm","status":"publish","type":"product","link":"https:\/\/stoic-curie.212-227-153-4.plesk.page\/hr\/product\/btm-podesavac-napetosti-pripona-bamar-10-x-900-mm\/","title":{"rendered":"BTM pode\u0161ava\u010d napetosti pripona, Bamar, 10 x 900 mm"},"content":{"rendered":"<p>BTM pode\u0161ava\u010d napetosti pripona, Bamar, 10 x 900 mm &#8211; <\/p>\n<p>Rado predstavljamo Bamar regulaciju stajanja, proizvod pomno osmi\u0161ljen za jednostavnu instalaciju i lako kori\u0161tenje. O ure\u0111aju se radi o inovativnom ure\u0111aju koji uklju\u010duje kompaktni model BTV ru\u010dne ru\u010dice, koji je opremljen sklopivim dr\u0161kama za jednostavno pohranjivanje i transport. Osim toga, samolubrikantne le\u017eajeve ugra\u0111ene u dizajn zna\u010dajno smanjuju trenje, \u010dak i pod visokim optere\u0107enjem, osiguravaju\u0107i optimalne performanse i dugovje\u010dnost.<\/p>\n<p>Na\u0161i BTM koloturi s ru\u010dkom su dostupni u raznim veli\u010dinama posebno prilago\u0111enim za 1\u00d719 \u017eice, s promjerima od 8 mm do 22 mm. Ovi napinjaci neometano rade sa standardnom ru\u010dkom kolotura, zahvaljuju\u0107i uklju\u010divanju oktagonalne spojke koja omogu\u0107ava glatke prilagodbe. Izra\u0111eni su od izdr\u017eljivog crnog HARDCOTE anodiziranog aluminija i visokokvalitetnog nehr\u0111aju\u0107eg \u010delika, ovi napinjaci su dizajnirani da omogu\u0107e du\u017ei hod od mnogih njihovih konkurenata, \u0161to pobolj\u0161ava njihovu funkcionalnost i pouzdanost.<\/p>\n<p>Pored regulacija stajanja, nudimo i brze kop\u010de specifi\u010dno dizajnirane za unutarnje koloturle i fiksne rigginge. Ove kop\u010de osiguravaju da se pode\u0161avanja mogu brzo izvr\u0161iti, omogu\u0107avaju\u0107i vlasnicima plovila odr\u017eavanje optimalne napetosti riganjem uz minimalne pote\u0161ko\u0107e. Na\u0161a predanost kvaliteti i izvedbi \u010dini ove proizvode bitnim dodatkom opremi svakog ljubitelja plovidbe.<\/p>\n","protected":false},"excerpt":{"rendered":"<p>BTM pode\u0161ava\u010d napetosti pripona, Bamar, 10 x 900 mm &#8211; Rado predstavljamo Bamar regulaciju stajanja, proizvod pomno osmi\u0161ljen za jednostavnu<\/p>\n","protected":false},"featured_media":5943713,"comment_status":"open","ping_status":"closed","template":"","meta":[],"product_brand":[2811],"product_cat":[1757],"product_tag":[],"class_list":{"0":"post-742370","1":"product","2":"type-product","3":"status-publish","4":"has-post-thumbnail","6":"product_brand-bamar-hr","7":"product_cat-rucice-za-zatezanje-pripona","9":"first","10":"outofstock","11":"shipping-taxable","12":"purchasable","13":"product-type-simple"},"_links":{"self":[{"href":"https:\/\/stoic-curie.212-227-153-4.plesk.page\/hr\/wp-json\/wp\/v2\/product\/742370","targetHints":{"allow":["GET"]}}],"collection":[{"href":"https:\/\/stoic-curie.212-227-153-4.plesk.page\/hr\/wp-json\/wp\/v2\/product"}],"about":[{"href":"https:\/\/stoic-curie.212-227-153-4.plesk.page\/hr\/wp-json\/wp\/v2\/types\/product"}],"replies":[{"embeddable":true,"href":"https:\/\/stoic-curie.212-227-153-4.plesk.page\/hr\/wp-json\/wp\/v2\/comments?post=742370"}],"version-history":[{"count":0,"href":"https:\/\/stoic-curie.212-227-153-4.plesk.page\/hr\/wp-json\/wp\/v2\/product\/742370\/revisions"}],"wp:featuredmedia":[{"embeddable":true,"href":"https:\/\/stoic-curie.212-227-153-4.plesk.page\/hr\/wp-json\/wp\/v2\/media\/5943713"}],"wp:attachment":[{"href":"https:\/\/stoic-curie.212-227-153-4.plesk.page\/hr\/wp-json\/wp\/v2\/media?parent=742370"}],"wp:term":[{"taxonomy":"product_brand","embeddable":true,"href":"https:\/\/stoic-curie.212-227-153-4.plesk.page\/hr\/wp-json\/wp\/v2\/product_brand?post=742370"},{"taxonomy":"product_cat","embeddable":true,"href":"https:\/\/stoic-curie.212-227-153-4.plesk.page\/hr\/wp-json\/wp\/v2\/product_cat?post=742370"},{"taxonomy":"product_tag","embeddable":true,"href":"https:\/\/stoic-curie.212-227-153-4.plesk.page\/hr\/wp-json\/wp\/v2\/product_tag?post=742370"}],"curies":[{"name":"wp","href":"https:\/\/api.w.org\/{rel}","templated":true}]}}