{"id":742371,"date":"2025-03-03T18:19:58","date_gmt":"2025-03-03T17:19:58","guid":{"rendered":"https:\/\/stoic-curie.212-227-153-4.plesk.page\/producto\/bamar-zatezac-pripona-s-btm-sustavom-12-x-950-mm\/"},"modified":"2026-02-25T00:01:00","modified_gmt":"2026-02-25T00:01:00","slug":"bamar-zatezac-pripona-s-btm-sustavom-12-x-950-mm","status":"publish","type":"product","link":"https:\/\/stoic-curie.212-227-153-4.plesk.page\/hr\/product\/bamar-zatezac-pripona-s-btm-sustavom-12-x-950-mm\/","title":{"rendered":"Bamar zateza\u010d pripona s BTM sustavom 12 x 950 mm"},"content":{"rendered":"<p>Bamar zateza\u010d pripona s BTM sustavom 12 x 950 mm &#8211; <\/p>\n<p style=\"color: rgb(34, 34, 34); font-family: Arial, Helvetica, sans-serif; font-size: small;\">Predstavljamo robusni i u\u010dinkoviti Bamar pode\u0161ava\u010d ozbiljnosti, osmi\u0161ljen za jednostavnu instalaciju i rad. Kompaktni BTV model s ru\u010dicom ima sklopive ru\u010dke za dodatnu udobnost. Njegove samolubriciraju\u0107e le\u017eajevi zna\u010dajno smanjuju trenje koje uzrokuje vijak pod visokim optere\u0107enjem.<\/p>\n<p style=\"color: rgb(34, 34, 34); font-family: Arial, Helvetica, sans-serif; font-size: small;\">Na\u0161i BTM ure\u0111aji za napetost uiju sa volanom dostupni su u razli\u010ditim veli\u010dinama, pogodni za 1\u00d719 sajlove promjera od 8 mm do 22 mm, ili njihove odgovaraju\u0107e \u0161ipke. Mehanizam se besprijekorno koristi s standardnom vratilom zahvaljuju\u0107i oktagonalnoj spojki.<\/p>\n<p style=\"color: rgb(34, 34, 34); font-family: Arial, Helvetica, sans-serif; font-size: small;\">Tijelo BTM snage je izra\u0111eno od crnog anodiziranog aluminija HARDCOTE, dok su vijci i vilice od nehr\u0111aju\u0107eg \u010delika. Duple produ\u017ene vijke pru\u017eaju dulje hodanje u usporedbi s sli\u010dnim proizvodima na tr\u017ei\u0161tu.<\/p>\n<p style=\"color: rgb(34, 34, 34); font-family: Arial, Helvetica, sans-serif; font-size: small;\">Osim toga, nudimo izbor brzo otpu\u0161taju\u0107ih igala za unutarnje napetosti i stacionarne rigging koje zahtijevaju jednostavno pode\u0161avanje.<\/p>\n<p><span style=\"color: rgb(34, 34, 34); font-family: Arial, Helvetica, sans-serif; font-size: small;\">Ukratko, na\u0161i BTM ure\u0111aji za napetost s volanom dostupni su u vi\u0161e veli\u010dina, koji mogu primiti 1\u00d719 sajlove od 8 mm do 22 mm ili njihove \u0161ipke ekvivalente, i dizajnirani su za lako kori\u0161tenje i trajnost.<\/span>\u00a0<\/p>\n","protected":false},"excerpt":{"rendered":"<p>Bamar zateza\u010d pripona s BTM sustavom 12 x 950 mm &#8211; Predstavljamo robusni i u\u010dinkoviti Bamar pode\u0161ava\u010d ozbiljnosti, osmi\u0161ljen za<\/p>\n","protected":false},"featured_media":5943713,"comment_status":"open","ping_status":"closed","template":"","meta":[],"product_brand":[2811],"product_cat":[1757],"product_tag":[],"class_list":{"0":"post-742371","1":"product","2":"type-product","3":"status-publish","4":"has-post-thumbnail","6":"product_brand-bamar-hr","7":"product_cat-rucice-za-zatezanje-pripona","9":"first","10":"outofstock","11":"shipping-taxable","12":"purchasable","13":"product-type-simple"},"_links":{"self":[{"href":"https:\/\/stoic-curie.212-227-153-4.plesk.page\/hr\/wp-json\/wp\/v2\/product\/742371","targetHints":{"allow":["GET"]}}],"collection":[{"href":"https:\/\/stoic-curie.212-227-153-4.plesk.page\/hr\/wp-json\/wp\/v2\/product"}],"about":[{"href":"https:\/\/stoic-curie.212-227-153-4.plesk.page\/hr\/wp-json\/wp\/v2\/types\/product"}],"replies":[{"embeddable":true,"href":"https:\/\/stoic-curie.212-227-153-4.plesk.page\/hr\/wp-json\/wp\/v2\/comments?post=742371"}],"version-history":[{"count":0,"href":"https:\/\/stoic-curie.212-227-153-4.plesk.page\/hr\/wp-json\/wp\/v2\/product\/742371\/revisions"}],"wp:featuredmedia":[{"embeddable":true,"href":"https:\/\/stoic-curie.212-227-153-4.plesk.page\/hr\/wp-json\/wp\/v2\/media\/5943713"}],"wp:attachment":[{"href":"https:\/\/stoic-curie.212-227-153-4.plesk.page\/hr\/wp-json\/wp\/v2\/media?parent=742371"}],"wp:term":[{"taxonomy":"product_brand","embeddable":true,"href":"https:\/\/stoic-curie.212-227-153-4.plesk.page\/hr\/wp-json\/wp\/v2\/product_brand?post=742371"},{"taxonomy":"product_cat","embeddable":true,"href":"https:\/\/stoic-curie.212-227-153-4.plesk.page\/hr\/wp-json\/wp\/v2\/product_cat?post=742371"},{"taxonomy":"product_tag","embeddable":true,"href":"https:\/\/stoic-curie.212-227-153-4.plesk.page\/hr\/wp-json\/wp\/v2\/product_tag?post=742371"}],"curies":[{"name":"wp","href":"https:\/\/api.w.org\/{rel}","templated":true}]}}