{"id":742382,"date":"2025-03-03T18:20:01","date_gmt":"2025-03-03T17:20:01","guid":{"rendered":"https:\/\/stoic-curie.212-227-153-4.plesk.page\/producto\/kit-trim-ploce-flaps-bennet-1512-300-x-300mm\/"},"modified":"2026-02-25T00:01:00","modified_gmt":"2026-02-25T00:01:00","slug":"kit-trim-ploce-flaps-bennet-1512-300-x-300mm","status":"publish","type":"product","link":"https:\/\/stoic-curie.212-227-153-4.plesk.page\/hr\/product\/kit-trim-ploce-flaps-bennet-1512-300-x-300mm\/","title":{"rendered":"Kit trim plo\u010de Flaps Bennett Bolt 1212 300 x 300mm"},"content":{"rendered":"<p>Kit trim plo\u010de Flaps Bennett Bolt 1212 300 x 300mm &#8211; <\/p>\n<p style=\"color: rgb(34, 34, 34); font-family: Arial, Helvetica, sans-serif; font-size: small;\"><strong>BOLT1212 \u2013 Elektri\u010dni kit za trim tab 12&#8243; x 12&#8243;<\/strong><\/p>\n<p style=\"color: rgb(34, 34, 34); font-family: Arial, Helvetica, sans-serif; font-size: small;\">Ovaj kompletni Bennett kit za trim tab radi na 12V i uklju\u010duje dva aktuatora i dva nehr\u0111aju\u0107a \u010deli\u010dna kraka. Namijenjen je plovilima du\u017eine izme\u0111u 5,8 i 7,3 metra. Imajte na umu da se kontrolna plo\u010da mora naru\u010diti zasebno.<\/p>\n<p style=\"color: rgb(34, 34, 34); font-family: Arial, Helvetica, sans-serif; font-size: small;\"><strong>Klju\u010dne zna\u010dajke:<\/strong><\/p>\n<ul style=\"color: rgb(34, 34, 34); font-family: Arial, Helvetica, sans-serif; font-size: small;\">\n<li>Izuzetno izdr\u017eljivi i pouzdani elektri\u010dni sustavi trim tabova<\/li>\n<li>Do\u017eivotna garancija na elektri\u010dne aktuatora<\/li>\n<li>Vodootporan dizajn osigurava bezproblemat\u010dan rad godinama<\/li>\n<li>Robusna konstrukcija izdr\u017eljiva za dugotrajnu upotrebu<\/li>\n<li>Brza i jednostavna instalacija<\/li>\n<li>Dostupne razli\u010dite opcije kontrole, veli\u010dine kraka i mogu\u0107nosti monta\u017ee<\/li>\n<\/ul>\n<p style=\"color: rgb(34, 34, 34); font-family: Arial, Helvetica, sans-serif; font-size: small;\"><strong>Specifikacije proizvoda:<\/strong><\/p>\n<ul style=\"color: rgb(34, 34, 34); font-family: Arial, Helvetica, sans-serif; font-size: small;\">\n<li>\n<p><strong>Potrebno vertikalno mjesto za transom:<\/strong><\/p>\n<ul>\n<li>Fiksna gornja \u0161arka (BEA2000): 13&#8243;<\/li>\n<li>Regulabilna gornja \u0161arka (BEA3000): 6.39&#8243;<\/li>\n<\/ul>\n<\/li>\n<li>\n<p><strong>\u0160to:<\/strong>&nbsp;2.5&#8243;<\/p>\n<\/li>\n<li>\n<p><strong>Duljina:<\/strong>&nbsp;13.25&#8243;<\/p>\n<\/li>\n<li>\n<p><strong>Napon:<\/strong>&nbsp;12V<\/p>\n<\/li>\n<li>\n<p><strong>Priklju\u010dci:<\/strong>&nbsp;Deutsch, DT serija, 13A<\/p>\n<\/li>\n<\/ul>\n<p style=\"color: rgb(34, 34, 34); font-family: Arial, Helvetica, sans-serif; font-size: small;\"><strong>Radne sile:<\/strong><\/p>\n<ul style=\"color: rgb(34, 34, 34); font-family: Arial, Helvetica, sans-serif; font-size: small;\">\n<li><strong>Sila aktivacije:<\/strong>&nbsp;750 lb.<\/li>\n<li><strong>Sila povratka:<\/strong>&nbsp;750 lb.<\/li>\n<\/ul>\n<p style=\"color: rgb(34, 34, 34); font-family: Arial, Helvetica, sans-serif; font-size: small;\"><strong>Struja:<\/strong><\/p>\n<ul style=\"color: rgb(34, 34, 34); font-family: Arial, Helvetica, sans-serif; font-size: small;\">\n<li><strong>Aktuatori:<\/strong>&nbsp;20 amp max draw<\/li>\n<li><strong>Kontrolna jedinica:<\/strong>&nbsp;20 amp max draw<\/li>\n<li><strong>Kontrolna jedinica \/ Modul releja:<\/strong>&nbsp;20 amp max draw<\/li>\n<\/ul>\n<p style=\"color: rgb(34, 34, 34); font-family: Arial, Helvetica, sans-serif; font-size: small;\"><strong>Uklju\u010dene komponente:<\/strong><\/p>\n<ul style=\"color: rgb(34, 34, 34); font-family: Arial, Helvetica, sans-serif; font-size: small;\">\n<li>(2) Nehr\u0111aju\u0107i \u010deli\u010dni trim kraci (tabovi) i monta\u017ene plo\u010de<\/li>\n<li>(2) 20 ft. kabeli s vodootpornim priklju\u010dcima (BAW2020)<\/li>\n<li>(2) 12-voltna aktuatora s 6 ft. kabelima i vodootpornim priklju\u010dcima (BEA2000 ili BEA3000)<\/li>\n<\/ul>\n<p style=\"color: rgb(34, 34, 34); font-family: Arial, Helvetica, sans-serif; font-size: small;\">Ovaj kit za trim tab je izvrstan izbor za pobolj\u0161anje u\u010dinkovitosti va\u0161eg plovila i osiguranje udobne vo\u017enje.<\/p>\n","protected":false},"excerpt":{"rendered":"<p>Kit trim plo\u010de Flaps Bennett Bolt 1212 300 x 300mm &#8211; BOLT1212 \u2013 Elektri\u010dni kit za trim tab 12&#8243; x<\/p>\n","protected":false},"featured_media":5941929,"comment_status":"open","ping_status":"closed","template":"","meta":[],"product_brand":[2821],"product_cat":[1806],"product_tag":[],"class_list":{"0":"post-742382","1":"product","2":"type-product","3":"status-publish","4":"has-post-thumbnail","6":"product_brand-bennett-marine-hr","7":"product_cat-trim-ploce","9":"first","10":"instock","11":"shipping-taxable","12":"purchasable","13":"product-type-simple"},"_links":{"self":[{"href":"https:\/\/stoic-curie.212-227-153-4.plesk.page\/hr\/wp-json\/wp\/v2\/product\/742382","targetHints":{"allow":["GET"]}}],"collection":[{"href":"https:\/\/stoic-curie.212-227-153-4.plesk.page\/hr\/wp-json\/wp\/v2\/product"}],"about":[{"href":"https:\/\/stoic-curie.212-227-153-4.plesk.page\/hr\/wp-json\/wp\/v2\/types\/product"}],"replies":[{"embeddable":true,"href":"https:\/\/stoic-curie.212-227-153-4.plesk.page\/hr\/wp-json\/wp\/v2\/comments?post=742382"}],"version-history":[{"count":0,"href":"https:\/\/stoic-curie.212-227-153-4.plesk.page\/hr\/wp-json\/wp\/v2\/product\/742382\/revisions"}],"wp:featuredmedia":[{"embeddable":true,"href":"https:\/\/stoic-curie.212-227-153-4.plesk.page\/hr\/wp-json\/wp\/v2\/media\/5941929"}],"wp:attachment":[{"href":"https:\/\/stoic-curie.212-227-153-4.plesk.page\/hr\/wp-json\/wp\/v2\/media?parent=742382"}],"wp:term":[{"taxonomy":"product_brand","embeddable":true,"href":"https:\/\/stoic-curie.212-227-153-4.plesk.page\/hr\/wp-json\/wp\/v2\/product_brand?post=742382"},{"taxonomy":"product_cat","embeddable":true,"href":"https:\/\/stoic-curie.212-227-153-4.plesk.page\/hr\/wp-json\/wp\/v2\/product_cat?post=742382"},{"taxonomy":"product_tag","embeddable":true,"href":"https:\/\/stoic-curie.212-227-153-4.plesk.page\/hr\/wp-json\/wp\/v2\/product_tag?post=742382"}],"curies":[{"name":"wp","href":"https:\/\/api.w.org\/{rel}","templated":true}]}}