{"id":742386,"date":"2025-03-03T18:20:02","date_gmt":"2025-03-03T17:20:02","guid":{"rendered":"https:\/\/stoic-curie.212-227-153-4.plesk.page\/producto\/sidreni-valjak-od-nehrdajuceg-celika-whale-okretni-695x90-mm\/"},"modified":"2026-02-25T00:01:00","modified_gmt":"2026-02-25T00:01:00","slug":"sidreni-valjak-od-nehrdajuceg-celika-whale-okretni-695x90-mm","status":"publish","type":"product","link":"https:\/\/stoic-curie.212-227-153-4.plesk.page\/hr\/product\/sidreni-valjak-od-nehrdajuceg-celika-whale-okretni-695x90-mm\/","title":{"rendered":"Sidreni valjak od nehr\u0111aju\u0107eg \u010delika &#8220;Whale&#8221; okretni 695&#215;90 mm"},"content":{"rendered":"<p>Sidreni valjak od nehr\u0111aju\u0107eg \u010delika &#8220;Whale&#8221; okretni 695&#215;90 mm &#8211; <\/p>\n<p>Rotiraju\u0107i \u010deli\u010dni valjak za krmu od nehr\u0111aju\u0107eg \u010delika za sidra Bruce &#8211; Delta &#8211; CQR \u2013 Rocna &#8211; Spade. D = Duljina, \u0160 = \u0160irina.<\/p>\n","protected":false},"excerpt":{"rendered":"<p>Sidreni valjak od nehr\u0111aju\u0107eg \u010delika &#8220;Whale&#8221; okretni 695&#215;90 mm &#8211; Rotiraju\u0107i \u010deli\u010dni valjak za krmu od nehr\u0111aju\u0107eg \u010delika za sidra<\/p>\n","protected":false},"featured_media":5941949,"comment_status":"open","ping_status":"closed","template":"","meta":[],"product_brand":[3121],"product_cat":[1709],"product_tag":[],"class_list":{"0":"post-742386","1":"product","2":"type-product","3":"status-publish","4":"has-post-thumbnail","6":"product_brand-marinetech-hr","7":"product_cat-pramcane-koloture","9":"first","10":"instock","11":"shipping-taxable","12":"purchasable","13":"product-type-simple"},"_links":{"self":[{"href":"https:\/\/stoic-curie.212-227-153-4.plesk.page\/hr\/wp-json\/wp\/v2\/product\/742386","targetHints":{"allow":["GET"]}}],"collection":[{"href":"https:\/\/stoic-curie.212-227-153-4.plesk.page\/hr\/wp-json\/wp\/v2\/product"}],"about":[{"href":"https:\/\/stoic-curie.212-227-153-4.plesk.page\/hr\/wp-json\/wp\/v2\/types\/product"}],"replies":[{"embeddable":true,"href":"https:\/\/stoic-curie.212-227-153-4.plesk.page\/hr\/wp-json\/wp\/v2\/comments?post=742386"}],"version-history":[{"count":0,"href":"https:\/\/stoic-curie.212-227-153-4.plesk.page\/hr\/wp-json\/wp\/v2\/product\/742386\/revisions"}],"wp:featuredmedia":[{"embeddable":true,"href":"https:\/\/stoic-curie.212-227-153-4.plesk.page\/hr\/wp-json\/wp\/v2\/media\/5941949"}],"wp:attachment":[{"href":"https:\/\/stoic-curie.212-227-153-4.plesk.page\/hr\/wp-json\/wp\/v2\/media?parent=742386"}],"wp:term":[{"taxonomy":"product_brand","embeddable":true,"href":"https:\/\/stoic-curie.212-227-153-4.plesk.page\/hr\/wp-json\/wp\/v2\/product_brand?post=742386"},{"taxonomy":"product_cat","embeddable":true,"href":"https:\/\/stoic-curie.212-227-153-4.plesk.page\/hr\/wp-json\/wp\/v2\/product_cat?post=742386"},{"taxonomy":"product_tag","embeddable":true,"href":"https:\/\/stoic-curie.212-227-153-4.plesk.page\/hr\/wp-json\/wp\/v2\/product_tag?post=742386"}],"curies":[{"name":"wp","href":"https:\/\/api.w.org\/{rel}","templated":true}]}}