{"id":742390,"date":"2025-03-03T18:20:04","date_gmt":"2025-03-03T17:20:04","guid":{"rendered":"https:\/\/stoic-curie.212-227-153-4.plesk.page\/producto\/pramcani-potisnik-quick-btq-185-85-dvostruko-24v\/"},"modified":"2026-02-25T00:01:00","modified_gmt":"2026-02-25T00:01:00","slug":"pramcani-potisnik-quick-btq-185-85-dvostruko-24v","status":"publish","type":"product","link":"https:\/\/stoic-curie.212-227-153-4.plesk.page\/hr\/product\/pramcani-potisnik-quick-btq-185-85-dvostruko-24v\/","title":{"rendered":"Pram\u010dani potisnik Quick BTQ 185-85 dvostruko 24v"},"content":{"rendered":"<p>Pram\u010dani potisnik Quick BTQ 185-85 dvostruko 24v &#8211; <\/p>\n<p>Predstavljamo Quick BTQ185 24v Propelerski potisnik, dizajniran s dva kontra-rotiraju\u0107a propelera za iznimne performanse. Ovaj model ima \u010dvrstu konstrukciju od kompozitnih materijala, \u0161to osigurava i trajnost i pouzdanost. Uklju\u010duje bron\u010dani mjenja\u010d i za\u0161titni solenoidni poklopac, oba izra\u0111ena od izdr\u017eljivog kompozitnog materijala. Cinkova anoda dizajnirana je tako da radi neovisno od mjenja\u010da, omogu\u0107uju\u0107i jednostavnu zamjenu kada je to potrebno. Osim toga, potisnik uklju\u010duje elasti\u010dnu spojnicu za pobolj\u0161anje funkcionalnosti.<\/p>\n<p>Quick BTQ185-85 koristi 24V DC sustav i pogodna je za plovila du\u017eine izme\u0111u 8 i 15 metara (26 do 49 stopa).<\/p>\n<p><strong>Specifikacije:<\/strong><\/p>\n<ul>\n<li><strong>Model:<\/strong> BTQ 185-85 (24V)<\/li>\n<li><strong>Vrsta propelera:<\/strong> Dva kontra-rotiraju\u0107a<\/li>\n<li><strong>Promjer tunela:<\/strong> 185 mm (7&#8243; 18\/64)<\/li>\n<li><strong>Snaga motora:<\/strong> 4,3 kW<\/li>\n<li><strong>Napon:<\/strong> 24V<\/li>\n<li><strong>Osigura\u010d:<\/strong> 400A CNL DIN<\/li>\n<li><strong>Pritisak:<\/strong> 85 kgf (187,4 lb)<\/li>\n<li><strong>Te\u017eina:<\/strong> 17,9 kg (39,4 lb)<\/li>\n<\/ul>\n<p><strong>Sadr\u017eaj proizvoda:<\/strong><\/p>\n<ul>\n<li>Propelerski potisnik<\/li>\n<li>Predlo\u017eak za bu\u0161enje<\/li>\n<li>Brtva<\/li>\n<li>O-prsten (za sastavljanje)<\/li>\n<li>Upute za instalaciju i kori\u0161tenje<\/li>\n<li>Uvjeti jamstva<\/li>\n<\/ul>\n<p>Ovaj sveobuhvatan paket osigurava da imate sve \u0161to vam je potrebno za instalaciju i rad, \u010dine\u0107i Quick BTQ185 Propelerski potisnik izvrsnim izborom za pobolj\u0161anje va\u0161ih brodskih iskustava.<\/p>\n","protected":false},"excerpt":{"rendered":"<p>Pram\u010dani potisnik Quick BTQ 185-85 dvostruko 24v &#8211; Predstavljamo Quick BTQ185 24v Propelerski potisnik, dizajniran s dva kontra-rotiraju\u0107a propelera za<\/p>\n","protected":false},"featured_media":5941968,"comment_status":"open","ping_status":"closed","template":"","meta":[],"product_brand":[3281],"product_cat":[1610],"product_tag":[],"class_list":{"0":"post-742390","1":"product","2":"type-product","3":"status-publish","4":"has-post-thumbnail","6":"product_brand-quick-hr","7":"product_cat-pramcani-potisnici-quick","9":"first","10":"instock","11":"shipping-taxable","12":"purchasable","13":"product-type-simple"},"_links":{"self":[{"href":"https:\/\/stoic-curie.212-227-153-4.plesk.page\/hr\/wp-json\/wp\/v2\/product\/742390","targetHints":{"allow":["GET"]}}],"collection":[{"href":"https:\/\/stoic-curie.212-227-153-4.plesk.page\/hr\/wp-json\/wp\/v2\/product"}],"about":[{"href":"https:\/\/stoic-curie.212-227-153-4.plesk.page\/hr\/wp-json\/wp\/v2\/types\/product"}],"replies":[{"embeddable":true,"href":"https:\/\/stoic-curie.212-227-153-4.plesk.page\/hr\/wp-json\/wp\/v2\/comments?post=742390"}],"version-history":[{"count":0,"href":"https:\/\/stoic-curie.212-227-153-4.plesk.page\/hr\/wp-json\/wp\/v2\/product\/742390\/revisions"}],"wp:featuredmedia":[{"embeddable":true,"href":"https:\/\/stoic-curie.212-227-153-4.plesk.page\/hr\/wp-json\/wp\/v2\/media\/5941968"}],"wp:attachment":[{"href":"https:\/\/stoic-curie.212-227-153-4.plesk.page\/hr\/wp-json\/wp\/v2\/media?parent=742390"}],"wp:term":[{"taxonomy":"product_brand","embeddable":true,"href":"https:\/\/stoic-curie.212-227-153-4.plesk.page\/hr\/wp-json\/wp\/v2\/product_brand?post=742390"},{"taxonomy":"product_cat","embeddable":true,"href":"https:\/\/stoic-curie.212-227-153-4.plesk.page\/hr\/wp-json\/wp\/v2\/product_cat?post=742390"},{"taxonomy":"product_tag","embeddable":true,"href":"https:\/\/stoic-curie.212-227-153-4.plesk.page\/hr\/wp-json\/wp\/v2\/product_tag?post=742390"}],"curies":[{"name":"wp","href":"https:\/\/api.w.org\/{rel}","templated":true}]}}