{"id":742391,"date":"2025-03-03T18:20:04","date_gmt":"2025-03-03T17:20:04","guid":{"rendered":"https:\/\/stoic-curie.212-227-153-4.plesk.page\/producto\/kit-quick-btq-185-55-12-v\/"},"modified":"2026-02-25T00:01:00","modified_gmt":"2026-02-25T00:01:00","slug":"kit-quick-btq-185-55-12-v","status":"publish","type":"product","link":"https:\/\/stoic-curie.212-227-153-4.plesk.page\/hr\/product\/kit-quick-btq-185-55-12-v\/","title":{"rendered":"Kit Quick BTQ 185-55 12 V"},"content":{"rendered":"<p>Kit Quick BTQ 185-55 12 V &#8211; <\/p>\n<p style=\"color: rgb(34, 34, 34); font-family: Arial, Helvetica, sans-serif; font-size: small;\">Predstavljamo potpunu Quick Bow Thruster instalacijski kit, koji je dizajniran za jednostavnu instalaciju i pobolj\u0161ane performanse. Ovaj kit sadr\u017ei robusni kompozitni materijal za za\u0161titu kartera, izdr\u017eljivu bron\u010danu mjenja\u010d i elasti\u010dnu spojnicu. Uklju\u010dene komponente su sljede\u0107e:<\/p>\n<ul style=\"color: rgb(34, 34, 34); font-family: Arial, Helvetica, sans-serif; font-size: small;\">\n<li>Du\u017eine tunela: 75 cm (BTQ 125\/140) i 100 cm (BTQ 185)<\/li>\n<li>PANELI: Tactile panel TCD1022 (BTQ 125\/140) i joystick TCD1042 (BTQ 185)<\/li>\n<li>Elektri\u010dni kabeli: 6 m (BTQ 125\/140) i 12 m (BTQ 185)<\/li>\n<li>Osigura\u010d i dr\u017ea\u010d osigura\u010da<\/li>\n<\/ul>\n<p style=\"color: rgb(34, 34, 34); font-family: Arial, Helvetica, sans-serif; font-size: small;\">Razvijen od strane jednog od vode\u0107ih proizvo\u0111a\u010da u industriji propulzora, ovaj set propulzora u pramcu je povjeren mnogim vlasnicima brodova koji daju prioritet pouzdanosti i sigurnosti. Quick odr\u017eava strogu kontrolu kvalitete i posve\u0107enost razvoju proizvoda, \u0161to rezultira propulzorima koji nude:<\/p>\n<ul style=\"color: rgb(34, 34, 34); font-family: Arial, Helvetica, sans-serif; font-size: small;\">\n<li>Napredna tehnologija pogona<\/li>\n<li>Laki kompozitni propeleri<\/li>\n<li>Sna\u017eni elektri\u010dni motori<\/li>\n<li>Aerodinami\u010dno ku\u0107i\u0161te mjenja\u010da<\/li>\n<li>Interna proizvodnja, monta\u017ea i kontrola kvalitete<\/li>\n<li>Kori\u0161tenje vrhunskih materijala<\/li>\n<\/ul>\n<p style=\"color: rgb(34, 34, 34); font-family: Arial, Helvetica, sans-serif; font-size: small;\">Klju\u010dne zna\u010dajke:<\/p>\n<ol style=\"color: rgb(34, 34, 34); font-family: Arial, Helvetica, sans-serif; font-size: small;\">\n<li>\n<p>Elektri\u010dni motori su posebno dizajnirani za primjene propulzora u pramcu, osiguravaju\u0107i minimalno vrijeme rada od tri minute na odre\u0111enom razini performansi. Sadr\u017ee ugra\u0111enu za\u0161titu od preoptere\u0107enja i toplinsku za\u0161titu.<\/p>\n<\/li>\n<li>\n<p>Relays are directly mounted on the motor and protected by a robust cover. Svaki propeler u pramcu opremljen je zna\u010dajkom odgode vremena kako bi se sprije\u010dile brze promjene u smjeru rotacije.<\/p>\n<\/li>\n<li>\n<p>Podvodni dijelovi i zup\u010danici izra\u0111eni su od morske bronce, optimalno oblikovani kako bi se minimalizirala turbulencija.<\/p>\n<\/li>\n<li>\n<p>Propeleri su izra\u0111eni od visokokvalitetne kompozitne plastike, pru\u017eaju\u0107i dosljedan potisak u oba smjera.<\/p>\n<\/li>\n<\/ol>\n<p style=\"color: rgb(34, 34, 34); font-family: Arial, Helvetica, sans-serif; font-size: small;\">Quick BTQ 185-55 12V DC propulzor preporu\u010duje se za brodove duljine izme\u0111u 8 i 15 metara (26 do 49 stopa). Ovaj model ima jedan propeler napravljen od robusnog kompozitnog materijala, bron\u010danu mjenja\u010d i za\u0161titni karter od izdr\u017eljivog kompozitnog materijala. Uklju\u010duje elasti\u010dnu spojnicu i cinkovu anodnu \u0161ipku koja je neovisna o mjenja\u010du, \u0161to omogu\u0107uje jednostavnu zamjenu.<\/p>\n<p style=\"color: rgb(34, 34, 34); font-family: Arial, Helvetica, sans-serif; font-size: small;\">Specifikacije:<\/p>\n<ul style=\"color: rgb(34, 34, 34); font-family: Arial, Helvetica, sans-serif; font-size: small;\">\n<li>Model: BTQ 185-55 (12V)<\/li>\n<li>Vrsta propelera: Jedan<\/li>\n<li>Promjer tunela: 185 mm (7&#8243; 18\/64)<\/li>\n<li>Snaga motora: 3,0 kW<\/li>\n<li>Napon: 12V<\/li>\n<li>Ocjena osigura\u010da: 250A CNL DIN<\/li>\n<li>Potisak: 55 kgf (121,2 lb)<\/li>\n<li>Peso: 16,7 kg (36,8 lb)<\/li>\n<\/ul>\n<p style=\"color: rgb(34, 34, 34); font-family: Arial, Helvetica, sans-serif; font-size: small;\">Ovaj propulzor u pramcu kombinira kvalitetu, pouzdanost i performanse, \u010dine\u0107i ga izvrsnim izborom za vlasnike brodova koji tra\u017ee pouzdanu opremu.<\/p>\n","protected":false},"excerpt":{"rendered":"<p>Kit Quick BTQ 185-55 12 V &#8211; Predstavljamo potpunu Quick Bow Thruster instalacijski kit, koji je dizajniran za jednostavnu instalaciju<\/p>\n","protected":false},"featured_media":5941982,"comment_status":"open","ping_status":"closed","template":"","meta":[],"product_brand":[3281],"product_cat":[1610],"product_tag":[],"class_list":{"0":"post-742391","1":"product","2":"type-product","3":"status-publish","4":"has-post-thumbnail","6":"product_brand-quick-hr","7":"product_cat-pramcani-potisnici-quick","9":"first","10":"instock","11":"shipping-taxable","12":"purchasable","13":"product-type-simple"},"_links":{"self":[{"href":"https:\/\/stoic-curie.212-227-153-4.plesk.page\/hr\/wp-json\/wp\/v2\/product\/742391","targetHints":{"allow":["GET"]}}],"collection":[{"href":"https:\/\/stoic-curie.212-227-153-4.plesk.page\/hr\/wp-json\/wp\/v2\/product"}],"about":[{"href":"https:\/\/stoic-curie.212-227-153-4.plesk.page\/hr\/wp-json\/wp\/v2\/types\/product"}],"replies":[{"embeddable":true,"href":"https:\/\/stoic-curie.212-227-153-4.plesk.page\/hr\/wp-json\/wp\/v2\/comments?post=742391"}],"version-history":[{"count":0,"href":"https:\/\/stoic-curie.212-227-153-4.plesk.page\/hr\/wp-json\/wp\/v2\/product\/742391\/revisions"}],"wp:featuredmedia":[{"embeddable":true,"href":"https:\/\/stoic-curie.212-227-153-4.plesk.page\/hr\/wp-json\/wp\/v2\/media\/5941982"}],"wp:attachment":[{"href":"https:\/\/stoic-curie.212-227-153-4.plesk.page\/hr\/wp-json\/wp\/v2\/media?parent=742391"}],"wp:term":[{"taxonomy":"product_brand","embeddable":true,"href":"https:\/\/stoic-curie.212-227-153-4.plesk.page\/hr\/wp-json\/wp\/v2\/product_brand?post=742391"},{"taxonomy":"product_cat","embeddable":true,"href":"https:\/\/stoic-curie.212-227-153-4.plesk.page\/hr\/wp-json\/wp\/v2\/product_cat?post=742391"},{"taxonomy":"product_tag","embeddable":true,"href":"https:\/\/stoic-curie.212-227-153-4.plesk.page\/hr\/wp-json\/wp\/v2\/product_tag?post=742391"}],"curies":[{"name":"wp","href":"https:\/\/api.w.org\/{rel}","templated":true}]}}