{"id":742394,"date":"2025-03-03T18:20:05","date_gmt":"2025-03-03T17:20:05","guid":{"rendered":"https:\/\/stoic-curie.212-227-153-4.plesk.page\/producto\/elasticne-pamucne-plahte-plava-tip-f\/"},"modified":"2026-02-25T00:01:00","modified_gmt":"2026-02-25T00:01:00","slug":"elasticne-pamucne-plahte-plava-tip-f","status":"publish","type":"product","link":"https:\/\/stoic-curie.212-227-153-4.plesk.page\/hr\/product\/elasticne-pamucne-plahte-plava-tip-f\/","title":{"rendered":"Elasticne pamucne plahte &#8211; plava &#8211; tip F"},"content":{"rendered":"<p>Elasticne pamucne plahte &#8211; plava &#8211; tip F &#8211; <\/p>\n<p>Elasti\u010dne pamu\u010dne plahta s poja\u010danom elasti\u010dnom trakom. Savr\u0161eno se uklapaju u sve madrace i sofe. 96% pamuk i 4% elastan s elasti\u010dno\u0161\u0107u od 25%.<\/p>\n","protected":false},"excerpt":{"rendered":"<p>Elasticne pamucne plahte &#8211; plava &#8211; tip F &#8211; Elasti\u010dne pamu\u010dne plahta s poja\u010danom elasti\u010dnom trakom. Savr\u0161eno se uklapaju u<\/p>\n","protected":false},"featured_media":5942039,"comment_status":"open","ping_status":"closed","template":"","meta":[],"product_brand":[3111],"product_cat":[1643],"product_tag":[],"class_list":{"0":"post-742394","1":"product","2":"type-product","3":"status-publish","4":"has-post-thumbnail","6":"product_brand-marine-business-mb-hr","7":"product_cat-tepisi-i-presvlake","9":"first","10":"instock","11":"shipping-taxable","12":"purchasable","13":"product-type-simple"},"_links":{"self":[{"href":"https:\/\/stoic-curie.212-227-153-4.plesk.page\/hr\/wp-json\/wp\/v2\/product\/742394","targetHints":{"allow":["GET"]}}],"collection":[{"href":"https:\/\/stoic-curie.212-227-153-4.plesk.page\/hr\/wp-json\/wp\/v2\/product"}],"about":[{"href":"https:\/\/stoic-curie.212-227-153-4.plesk.page\/hr\/wp-json\/wp\/v2\/types\/product"}],"replies":[{"embeddable":true,"href":"https:\/\/stoic-curie.212-227-153-4.plesk.page\/hr\/wp-json\/wp\/v2\/comments?post=742394"}],"version-history":[{"count":0,"href":"https:\/\/stoic-curie.212-227-153-4.plesk.page\/hr\/wp-json\/wp\/v2\/product\/742394\/revisions"}],"wp:featuredmedia":[{"embeddable":true,"href":"https:\/\/stoic-curie.212-227-153-4.plesk.page\/hr\/wp-json\/wp\/v2\/media\/5942039"}],"wp:attachment":[{"href":"https:\/\/stoic-curie.212-227-153-4.plesk.page\/hr\/wp-json\/wp\/v2\/media?parent=742394"}],"wp:term":[{"taxonomy":"product_brand","embeddable":true,"href":"https:\/\/stoic-curie.212-227-153-4.plesk.page\/hr\/wp-json\/wp\/v2\/product_brand?post=742394"},{"taxonomy":"product_cat","embeddable":true,"href":"https:\/\/stoic-curie.212-227-153-4.plesk.page\/hr\/wp-json\/wp\/v2\/product_cat?post=742394"},{"taxonomy":"product_tag","embeddable":true,"href":"https:\/\/stoic-curie.212-227-153-4.plesk.page\/hr\/wp-json\/wp\/v2\/product_tag?post=742394"}],"curies":[{"name":"wp","href":"https:\/\/api.w.org\/{rel}","templated":true}]}}