{"id":742395,"date":"2025-03-03T18:20:05","date_gmt":"2025-03-03T17:20:05","guid":{"rendered":"https:\/\/stoic-curie.212-227-153-4.plesk.page\/producto\/tunel-od-stakloplastike-za-quick-btq140-140mm-x-150cm\/"},"modified":"2026-02-25T00:01:00","modified_gmt":"2026-02-25T00:01:00","slug":"tunel-od-stakloplastike-za-quick-btq140-140mm-x-150cm","status":"publish","type":"product","link":"https:\/\/stoic-curie.212-227-153-4.plesk.page\/hr\/product\/tunel-od-stakloplastike-za-quick-btq140-140mm-x-150cm\/","title":{"rendered":"Tunel od stakloplastike 140mm x 150cm"},"content":{"rendered":"<p>Tunel od stakloplastike 140mm x 150cm &#8211; <\/p>\n<p>Ovaj tunel od stakloplastike pa\u017eljivo je dizajniran za jednostavnu ugradnju propelernih potisnika, osiguravaju\u0107i kompatibilnost s markama Quick i Vetus. S du\u017einom od 1,5 metara i promjerom od 140 mm, ovaj tunel predstavlja odli\u010dan izbor za pobolj\u0161anje va\u0161eg nauti\u010dkog iskustva. Specijalno je in\u017eenjerski izra\u0111en da zadovolji zahtjeve ljubitelja brodova koji tra\u017ee pouzdanost i performanse.<\/p>\n<p><strong>Specifikacije:<\/strong><\/p>\n<ul>\n<li><strong>Materijal:<\/strong> GRP (Plastika oja\u010dana staklenim vlaknima) \u2013 poznata po svojoj snazi i izdr\u017eljivosti<\/li>\n<li><strong>Marka:<\/strong> Quick \u2013 povjereno ime u industriji<\/li>\n<li><strong>Duljina:<\/strong> 1500 mm \u2013 pru\u017ea dovoljno prostora za ugradnju<\/li>\n<li><strong>Promjer:<\/strong> 140 mm \u2013 pogodan za razne primjene<\/li>\n<li><strong>Debljina:<\/strong> 5.5 mm \u2013 osigurava robusnu konstrukciju i dugovje\u010dnost<\/li>\n<\/ul>\n<p>Ovaj proizvod je bitan dodatak za sve koji \u017eele pobolj\u0161ati upravljivost svog plovila i ukupne performanse na vodi.<\/p>\n","protected":false},"excerpt":{"rendered":"<p>Tunel od stakloplastike 140mm x 150cm &#8211; Ovaj tunel od stakloplastike pa\u017eljivo je dizajniran za jednostavnu ugradnju propelernih potisnika, osiguravaju\u0107i<\/p>\n","protected":false},"featured_media":5942044,"comment_status":"open","ping_status":"closed","template":"","meta":[],"product_brand":[3281],"product_cat":[1610,1609],"product_tag":[],"class_list":{"0":"post-742395","1":"product","2":"type-product","3":"status-publish","4":"has-post-thumbnail","6":"product_brand-quick-hr","7":"product_cat-pramcani-potisnici-quick","8":"product_cat-pramcani-potisnici-vetus","10":"first","11":"instock","12":"shipping-taxable","13":"purchasable","14":"product-type-simple"},"_links":{"self":[{"href":"https:\/\/stoic-curie.212-227-153-4.plesk.page\/hr\/wp-json\/wp\/v2\/product\/742395","targetHints":{"allow":["GET"]}}],"collection":[{"href":"https:\/\/stoic-curie.212-227-153-4.plesk.page\/hr\/wp-json\/wp\/v2\/product"}],"about":[{"href":"https:\/\/stoic-curie.212-227-153-4.plesk.page\/hr\/wp-json\/wp\/v2\/types\/product"}],"replies":[{"embeddable":true,"href":"https:\/\/stoic-curie.212-227-153-4.plesk.page\/hr\/wp-json\/wp\/v2\/comments?post=742395"}],"version-history":[{"count":0,"href":"https:\/\/stoic-curie.212-227-153-4.plesk.page\/hr\/wp-json\/wp\/v2\/product\/742395\/revisions"}],"wp:featuredmedia":[{"embeddable":true,"href":"https:\/\/stoic-curie.212-227-153-4.plesk.page\/hr\/wp-json\/wp\/v2\/media\/5942044"}],"wp:attachment":[{"href":"https:\/\/stoic-curie.212-227-153-4.plesk.page\/hr\/wp-json\/wp\/v2\/media?parent=742395"}],"wp:term":[{"taxonomy":"product_brand","embeddable":true,"href":"https:\/\/stoic-curie.212-227-153-4.plesk.page\/hr\/wp-json\/wp\/v2\/product_brand?post=742395"},{"taxonomy":"product_cat","embeddable":true,"href":"https:\/\/stoic-curie.212-227-153-4.plesk.page\/hr\/wp-json\/wp\/v2\/product_cat?post=742395"},{"taxonomy":"product_tag","embeddable":true,"href":"https:\/\/stoic-curie.212-227-153-4.plesk.page\/hr\/wp-json\/wp\/v2\/product_tag?post=742395"}],"curies":[{"name":"wp","href":"https:\/\/api.w.org\/{rel}","templated":true}]}}