{"id":742396,"date":"2025-03-03T18:20:05","date_gmt":"2025-03-03T17:20:05","guid":{"rendered":"https:\/\/stoic-curie.212-227-153-4.plesk.page\/producto\/tunel-od-stakloplastike-za-vetus-250mm-x-1mt\/"},"modified":"2026-02-25T00:01:00","modified_gmt":"2026-02-25T00:01:00","slug":"tunel-od-stakloplastike-za-vetus-250mm-x-1mt","status":"publish","type":"product","link":"https:\/\/stoic-curie.212-227-153-4.plesk.page\/hr\/product\/tunel-od-stakloplastike-za-vetus-250mm-x-1mt\/","title":{"rendered":"Tunel od stakloplastike 250mm x 1mt"},"content":{"rendered":"<p>Tunel od stakloplastike 250mm x 1mt &#8211; <\/p>\n<p>Sa zadovoljstvom vam predstavljamo na\u0161 premium GRP tunel du\u017eine 1 metar, koji ima promjer od 250 mm. Ovaj tunel je posebno dizajniran da besprijekorno radi s Quick i Vetus BOW125 &amp; 160 potisnicima.<\/p>\n<p>Prakti\u010dna ispitivanja su pokazala da uklju\u010divanje ARM akusti\u010dnog materijala mo\u017ee zna\u010dajno smanjiti buku koju proizvode potisnici na pramcu. Primjenom sloja ARM spoja ili dodavanjem listovnog materijala oko tunela, mo\u017eete smanjiti razinu zvuka za otprilike 3 dB(A). Uz dva sloja, smanjenje buke mo\u017ee porasti \u010dak do 7 dB(A).<\/p>\n<p><strong>Specifikacije<\/strong><\/p>\n<ul>\n<li><strong>Dimenzije<\/strong>\n<ul>\n<li>Prolazni tunel: 1000 mm<\/li>\n<li>Unutarnji promjer tunela: 250 mm<\/li>\n<li>Vanjski promjer tunela: 265 mm<\/li>\n<\/ul>\n<\/li>\n<\/ul>\n<p><strong>Klju\u010dne zna\u010dajke<\/strong><\/p>\n<ul>\n<li><strong>Marka:<\/strong> Quick<\/li>\n<li><strong>Materijal:<\/strong> Vinil ester oja\u010dan staklenim vlaknima (FRV)<\/li>\n<li><strong>Idealan za:<\/strong> Poliesterske brodove<\/li>\n<li><strong>Kompatibilan s ovim markama potisnika:<\/strong>\n<ul>\n<li>Vetus<\/li>\n<li>Side-Power<\/li>\n<li>Craftsman Marine<\/li>\n<li>Quick<\/li>\n<\/ul>\n<\/li>\n<\/ul>\n<p>Ovaj tunel je odli\u010dna opcija za pobolj\u0161anje kako performansi, tako i udobnosti va\u0161eg broda.<\/p>\n","protected":false},"excerpt":{"rendered":"<p>Tunel od stakloplastike 250mm x 1mt &#8211; Sa zadovoljstvom vam predstavljamo na\u0161 premium GRP tunel du\u017eine 1 metar, koji ima<\/p>\n","protected":false},"featured_media":5942044,"comment_status":"open","ping_status":"closed","template":"","meta":[],"product_brand":[3281],"product_cat":[1610,1609],"product_tag":[],"class_list":{"0":"post-742396","1":"product","2":"type-product","3":"status-publish","4":"has-post-thumbnail","6":"product_brand-quick-hr","7":"product_cat-pramcani-potisnici-quick","8":"product_cat-pramcani-potisnici-vetus","10":"first","11":"instock","12":"shipping-taxable","13":"purchasable","14":"product-type-simple"},"_links":{"self":[{"href":"https:\/\/stoic-curie.212-227-153-4.plesk.page\/hr\/wp-json\/wp\/v2\/product\/742396","targetHints":{"allow":["GET"]}}],"collection":[{"href":"https:\/\/stoic-curie.212-227-153-4.plesk.page\/hr\/wp-json\/wp\/v2\/product"}],"about":[{"href":"https:\/\/stoic-curie.212-227-153-4.plesk.page\/hr\/wp-json\/wp\/v2\/types\/product"}],"replies":[{"embeddable":true,"href":"https:\/\/stoic-curie.212-227-153-4.plesk.page\/hr\/wp-json\/wp\/v2\/comments?post=742396"}],"version-history":[{"count":0,"href":"https:\/\/stoic-curie.212-227-153-4.plesk.page\/hr\/wp-json\/wp\/v2\/product\/742396\/revisions"}],"wp:featuredmedia":[{"embeddable":true,"href":"https:\/\/stoic-curie.212-227-153-4.plesk.page\/hr\/wp-json\/wp\/v2\/media\/5942044"}],"wp:attachment":[{"href":"https:\/\/stoic-curie.212-227-153-4.plesk.page\/hr\/wp-json\/wp\/v2\/media?parent=742396"}],"wp:term":[{"taxonomy":"product_brand","embeddable":true,"href":"https:\/\/stoic-curie.212-227-153-4.plesk.page\/hr\/wp-json\/wp\/v2\/product_brand?post=742396"},{"taxonomy":"product_cat","embeddable":true,"href":"https:\/\/stoic-curie.212-227-153-4.plesk.page\/hr\/wp-json\/wp\/v2\/product_cat?post=742396"},{"taxonomy":"product_tag","embeddable":true,"href":"https:\/\/stoic-curie.212-227-153-4.plesk.page\/hr\/wp-json\/wp\/v2\/product_tag?post=742396"}],"curies":[{"name":"wp","href":"https:\/\/api.w.org\/{rel}","templated":true}]}}