{"id":742397,"date":"2025-03-03T18:20:06","date_gmt":"2025-03-03T17:20:06","guid":{"rendered":"https:\/\/stoic-curie.212-227-153-4.plesk.page\/producto\/tunel-od-stakloplastike-185-mm-x-100-cm-za-quick-btq300\/"},"modified":"2026-02-25T00:01:00","modified_gmt":"2026-02-25T00:01:00","slug":"tunel-od-stakloplastike-185-mm-x-100-cm-za-quick-btq300","status":"publish","type":"product","link":"https:\/\/stoic-curie.212-227-153-4.plesk.page\/hr\/product\/tunel-od-stakloplastike-185-mm-x-100-cm-za-quick-btq300\/","title":{"rendered":"Fiberglasni tunel 300mm x 100cm"},"content":{"rendered":"<p>Fiberglasni tunel 300mm x 100cm &#8211; <\/p>\n<p style=\"color: rgb(34, 34, 34); font-family: Arial, Helvetica, sans-serif; font-size: small;\">Nudimo visokokvalitetne tunela za Vetus i Quick potisnike, izra\u0111ene od poliestera oja\u010danog staklenim vlaknima. Ovi tuneli imaju unutarnji promjer od 300 mm i duljinu od 1000 mm. Na\u0161i tuneli za potisnike od stakloplastike (GRP) dizajnirani su za preciznost i trajnost. Dolaze u razli\u010ditim duljinama i promjerima kako bi osigurali savr\u0161eno prilago\u0111avanje va\u0161em Vetus ili Quick potisniku. GRP materijal pru\u017ea izvan\u010dnu \u010dvrsto\u0107u dok ostaje lagan, \u0161to olak\u0161ava instalaciju.<\/p>\n<p style=\"color: rgb(34, 34, 34); font-family: Arial, Helvetica, sans-serif; font-size: small;\">Specifikacije:<\/p>\n<ul style=\"color: rgb(34, 34, 34); font-family: Arial, Helvetica, sans-serif; font-size: small;\">\n<li>Unutarnji promjer tunela: 300 mm<\/li>\n<li>Duljina: 1000 mm<\/li>\n<li>Materijal: Polyester oja\u010dan staklenim vlaknima<\/li>\n<\/ul>\n","protected":false},"excerpt":{"rendered":"<p>Fiberglasni tunel 300mm x 100cm &#8211; Nudimo visokokvalitetne tunela za Vetus i Quick potisnike, izra\u0111ene od poliestera oja\u010danog staklenim vlaknima.<\/p>\n","protected":false},"featured_media":5942044,"comment_status":"open","ping_status":"closed","template":"","meta":[],"product_brand":[3281],"product_cat":[1610,1609],"product_tag":[],"class_list":{"0":"post-742397","1":"product","2":"type-product","3":"status-publish","4":"has-post-thumbnail","6":"product_brand-quick-hr","7":"product_cat-pramcani-potisnici-quick","8":"product_cat-pramcani-potisnici-vetus","10":"first","11":"outofstock","12":"shipping-taxable","13":"purchasable","14":"product-type-simple"},"_links":{"self":[{"href":"https:\/\/stoic-curie.212-227-153-4.plesk.page\/hr\/wp-json\/wp\/v2\/product\/742397","targetHints":{"allow":["GET"]}}],"collection":[{"href":"https:\/\/stoic-curie.212-227-153-4.plesk.page\/hr\/wp-json\/wp\/v2\/product"}],"about":[{"href":"https:\/\/stoic-curie.212-227-153-4.plesk.page\/hr\/wp-json\/wp\/v2\/types\/product"}],"replies":[{"embeddable":true,"href":"https:\/\/stoic-curie.212-227-153-4.plesk.page\/hr\/wp-json\/wp\/v2\/comments?post=742397"}],"version-history":[{"count":0,"href":"https:\/\/stoic-curie.212-227-153-4.plesk.page\/hr\/wp-json\/wp\/v2\/product\/742397\/revisions"}],"wp:featuredmedia":[{"embeddable":true,"href":"https:\/\/stoic-curie.212-227-153-4.plesk.page\/hr\/wp-json\/wp\/v2\/media\/5942044"}],"wp:attachment":[{"href":"https:\/\/stoic-curie.212-227-153-4.plesk.page\/hr\/wp-json\/wp\/v2\/media?parent=742397"}],"wp:term":[{"taxonomy":"product_brand","embeddable":true,"href":"https:\/\/stoic-curie.212-227-153-4.plesk.page\/hr\/wp-json\/wp\/v2\/product_brand?post=742397"},{"taxonomy":"product_cat","embeddable":true,"href":"https:\/\/stoic-curie.212-227-153-4.plesk.page\/hr\/wp-json\/wp\/v2\/product_cat?post=742397"},{"taxonomy":"product_tag","embeddable":true,"href":"https:\/\/stoic-curie.212-227-153-4.plesk.page\/hr\/wp-json\/wp\/v2\/product_tag?post=742397"}],"curies":[{"name":"wp","href":"https:\/\/api.w.org\/{rel}","templated":true}]}}