{"id":742399,"date":"2025-03-03T18:20:06","date_gmt":"2025-03-03T17:20:06","guid":{"rendered":"https:\/\/stoic-curie.212-227-153-4.plesk.page\/producto\/okretni-zglob-za-sidro-od-nehrdajuceg-celika-sidermarine-g70-12-14-mm-12500-kg\/"},"modified":"2026-02-25T00:01:00","modified_gmt":"2026-02-25T00:01:00","slug":"okretni-zglob-za-sidro-od-nehrdajuceg-celika-sidermarine-g70-12-14-mm-12500-kg","status":"publish","type":"product","link":"https:\/\/stoic-curie.212-227-153-4.plesk.page\/hr\/product\/okretni-zglob-za-sidro-od-nehrdajuceg-celika-sidermarine-g70-12-14-mm-12500-kg\/","title":{"rendered":"Okretni zglob za sidro od nehr\u0111aju\u0107eg \u010delika SiderMarine G70 12\/14 mm 12500 kg"},"content":{"rendered":"<p>Okretni zglob za sidro od nehr\u0111aju\u0107eg \u010delika SiderMarine G70 12\/14 mm 12500 kg &#8211; <\/p>\n<p>SiderMarine spojnik sidra za potpunu sigurnost broda i posade. Idealan za izvo\u0111enje sidara i lanaca s visokim prekidnim optere\u0107enjima. Bo\u010dno savijeno optere\u0107enje je u osnovi jednako vertikalnom. <br \/>&#8211; Tijelo od visokotvrdog kovanog nehr\u0111aju\u0107eg \u010delika sa samoblokiraju\u0107im iglama<br \/>&#8211; 174-PH igle od nehr\u0111aju\u0107eg \u010delika s tri puta ve\u0107im optere\u0107enjem od 316 nehr\u0111aju\u0107eg \u010delika<br \/>&#8211; Igla lanaca s bron\u010danim le\u017eajevima s niskim trenjem<br \/>&#8211; Rotacija na posebnoj visoko otpornosti bron\u010danoj flan\u0161i<br \/>&#8211; Potpuno je pregledno za provjere i \u010di\u0161\u0107enje<\/p>\n","protected":false},"excerpt":{"rendered":"<p>Okretni zglob za sidro od nehr\u0111aju\u0107eg \u010delika SiderMarine G70 12\/14 mm 12500 kg &#8211; SiderMarine spojnik sidra za potpunu sigurnost<\/p>\n","protected":false},"featured_media":5943751,"comment_status":"open","ping_status":"closed","template":"","meta":[],"product_brand":[3386],"product_cat":[1865],"product_tag":[],"class_list":{"0":"post-742399","1":"product","2":"type-product","3":"status-publish","4":"has-post-thumbnail","6":"product_brand-sidermarine-hr","7":"product_cat-vrtuljci-za-sidra","9":"first","10":"instock","11":"shipping-taxable","12":"purchasable","13":"product-type-simple"},"_links":{"self":[{"href":"https:\/\/stoic-curie.212-227-153-4.plesk.page\/hr\/wp-json\/wp\/v2\/product\/742399","targetHints":{"allow":["GET"]}}],"collection":[{"href":"https:\/\/stoic-curie.212-227-153-4.plesk.page\/hr\/wp-json\/wp\/v2\/product"}],"about":[{"href":"https:\/\/stoic-curie.212-227-153-4.plesk.page\/hr\/wp-json\/wp\/v2\/types\/product"}],"replies":[{"embeddable":true,"href":"https:\/\/stoic-curie.212-227-153-4.plesk.page\/hr\/wp-json\/wp\/v2\/comments?post=742399"}],"version-history":[{"count":0,"href":"https:\/\/stoic-curie.212-227-153-4.plesk.page\/hr\/wp-json\/wp\/v2\/product\/742399\/revisions"}],"wp:featuredmedia":[{"embeddable":true,"href":"https:\/\/stoic-curie.212-227-153-4.plesk.page\/hr\/wp-json\/wp\/v2\/media\/5943751"}],"wp:attachment":[{"href":"https:\/\/stoic-curie.212-227-153-4.plesk.page\/hr\/wp-json\/wp\/v2\/media?parent=742399"}],"wp:term":[{"taxonomy":"product_brand","embeddable":true,"href":"https:\/\/stoic-curie.212-227-153-4.plesk.page\/hr\/wp-json\/wp\/v2\/product_brand?post=742399"},{"taxonomy":"product_cat","embeddable":true,"href":"https:\/\/stoic-curie.212-227-153-4.plesk.page\/hr\/wp-json\/wp\/v2\/product_cat?post=742399"},{"taxonomy":"product_tag","embeddable":true,"href":"https:\/\/stoic-curie.212-227-153-4.plesk.page\/hr\/wp-json\/wp\/v2\/product_tag?post=742399"}],"curies":[{"name":"wp","href":"https:\/\/api.w.org\/{rel}","templated":true}]}}