{"id":742407,"date":"2025-03-03T18:20:09","date_gmt":"2025-03-03T17:20:09","guid":{"rendered":"https:\/\/stoic-curie.212-227-153-4.plesk.page\/producto\/pool-hhp-sidro-pocincani-celik-80kg\/"},"modified":"2026-02-25T00:01:00","modified_gmt":"2026-02-25T00:01:00","slug":"pool-hhp-sidro-pocincani-celik-80kg","status":"publish","type":"product","link":"https:\/\/stoic-curie.212-227-153-4.plesk.page\/hr\/product\/pool-hhp-sidro-pocincani-celik-80kg\/","title":{"rendered":"Pool HHP sidro, pocincani \u010delik, 80kg"},"content":{"rendered":"<p>Pool HHP sidro, pocincani \u010delik, 80kg &#8211; <\/p>\n<p>Predstavljamo pocin\u010danu \u010deli\u010dnu &#8220;Pool HHP&#8221; (High Holding Power) sidro, posebno dizajniranu za izvrsnost u pje\u0161\u010danim i blatnim okru\u017eenjima. Ovaj tip sidra TW je sidro visoke snage bez stoka, pa\u017eljivo projektirano kako bi pru\u017eilo izvanredne mogu\u0107nosti sidrenja na koje vlasnici brodova mogu ra\u010dunati. Jedna od istaknutih karakteristika ovog sidra je njegova izvanredna sposobnost pru\u017eanja vi\u0161e od dvostruke snage dr\u017eanja u usporedbi s konvencionalnim sidrima iste te\u017eine. To zna\u010di da odabirom Pool HHP sidra ula\u017eete u proizvod koji nudi superiornu izvedbu i sigurnost za va\u0161e plovilo.<\/p>\n<p>Sidro je dizajnirano s velikim, ravnim krakovima izra\u017eenim od \u010deli\u010dne plo\u010de visoke \u010dvrsto\u0107e. Debljina ovih krakova varira od 15 mm do 140 mm, ovisno o specifi\u010dnoj veli\u010dini sidra koju odaberete. Ova varijacija debljine osigurava da je svako sidro prilago\u0111eno potrebama razli\u010ditih uvjeta plovidbe i veli\u010dina.<\/p>\n<p><strong>Specifikacije proizvoda:<\/strong><\/p>\n<ul>\n<li><strong>Tip:<\/strong> Sidro visoke snage<\/li>\n<li><strong>Materijal:<\/strong> \u010celik ZG230-45CH<\/li>\n<li><strong>Te\u017einski raspon:<\/strong> 50 kg do 150 kg<\/li>\n<li><strong>Opcije zavr\u0161ne obrade:<\/strong> Vru\u0107e pocin\u010dano za pobolj\u0161anu izdr\u017eljivost<\/li>\n<li><strong>Certifikati:<\/strong> BV, ABS, DNV, GL, LRS, RINA, RS, IRS, CCS, KR, NK<\/li>\n<\/ul>\n<p>Ovo sidro je odli\u010dan izbor za vlasnike brodova koji tra\u017ee pouzdano i robusno rje\u0161enje za sidrenje, posebno u izazovnim uvjetima. Sa svojom visokom snagom dr\u017eanja i izdr\u017eljivom konstrukcijom, Pool HHP sidro osigurava da va\u0161 brod ostane \u010dvrsto sidren, pru\u017eaju\u0107i mirno\u0107u dok u\u017eivate u svom vremenu na vodi.<\/p>\n","protected":false},"excerpt":{"rendered":"<p>Pool HHP sidro, pocincani \u010delik, 80kg &#8211; Predstavljamo pocin\u010danu \u010deli\u010dnu &#8220;Pool HHP&#8221; (High Holding Power) sidro, posebno dizajniranu za izvrsnost<\/p>\n","protected":false},"featured_media":5942158,"comment_status":"open","ping_status":"closed","template":"","meta":[],"product_brand":[3086],"product_cat":[1871],"product_tag":[],"class_list":{"0":"post-742407","1":"product","2":"type-product","3":"status-publish","4":"has-post-thumbnail","6":"product_brand-maggigroup-hr","7":"product_cat-sidra-danforth","9":"first","10":"instock","11":"shipping-taxable","12":"purchasable","13":"product-type-simple"},"_links":{"self":[{"href":"https:\/\/stoic-curie.212-227-153-4.plesk.page\/hr\/wp-json\/wp\/v2\/product\/742407","targetHints":{"allow":["GET"]}}],"collection":[{"href":"https:\/\/stoic-curie.212-227-153-4.plesk.page\/hr\/wp-json\/wp\/v2\/product"}],"about":[{"href":"https:\/\/stoic-curie.212-227-153-4.plesk.page\/hr\/wp-json\/wp\/v2\/types\/product"}],"replies":[{"embeddable":true,"href":"https:\/\/stoic-curie.212-227-153-4.plesk.page\/hr\/wp-json\/wp\/v2\/comments?post=742407"}],"version-history":[{"count":0,"href":"https:\/\/stoic-curie.212-227-153-4.plesk.page\/hr\/wp-json\/wp\/v2\/product\/742407\/revisions"}],"wp:featuredmedia":[{"embeddable":true,"href":"https:\/\/stoic-curie.212-227-153-4.plesk.page\/hr\/wp-json\/wp\/v2\/media\/5942158"}],"wp:attachment":[{"href":"https:\/\/stoic-curie.212-227-153-4.plesk.page\/hr\/wp-json\/wp\/v2\/media?parent=742407"}],"wp:term":[{"taxonomy":"product_brand","embeddable":true,"href":"https:\/\/stoic-curie.212-227-153-4.plesk.page\/hr\/wp-json\/wp\/v2\/product_brand?post=742407"},{"taxonomy":"product_cat","embeddable":true,"href":"https:\/\/stoic-curie.212-227-153-4.plesk.page\/hr\/wp-json\/wp\/v2\/product_cat?post=742407"},{"taxonomy":"product_tag","embeddable":true,"href":"https:\/\/stoic-curie.212-227-153-4.plesk.page\/hr\/wp-json\/wp\/v2\/product_tag?post=742407"}],"curies":[{"name":"wp","href":"https:\/\/api.w.org\/{rel}","templated":true}]}}