{"id":742408,"date":"2025-03-03T18:20:09","date_gmt":"2025-03-03T17:20:09","guid":{"rendered":"https:\/\/stoic-curie.212-227-153-4.plesk.page\/producto\/pool-hhp-sidro-pocincani-celik-150kg\/"},"modified":"2026-02-25T00:01:00","modified_gmt":"2026-02-25T00:01:00","slug":"pool-hhp-sidro-pocincani-celik-150kg","status":"publish","type":"product","link":"https:\/\/stoic-curie.212-227-153-4.plesk.page\/hr\/product\/pool-hhp-sidro-pocincani-celik-150kg\/","title":{"rendered":"Pool HHP sidro 150kg"},"content":{"rendered":"<p>Pool HHP sidro 150kg &#8211; <\/p>\n<p style=\"color: rgb(34, 34, 34); font-family: Arial, Helvetica, sans-serif; font-size: small;\">Galvanizirano \u010delik &#8220;Pool HHP&#8221; (High Holding Power) sidro: Idealno za kori\u0161tenje u pijesku i blatu. TW tip sidra je bezkotvo\u0111no sidro visoke zadr\u017eavanja snage, osmi\u0161ljeno za pru\u017eanje superiornih mogu\u0107nosti sidrenja. Pru\u017ea vi\u0161e od dvostruke snage zadr\u017eavanja u usporedbi s konvencionalnim sidrima jednake te\u017eine. Ovo sidro ima velike, ravne o\u0161trice izra\u0111ene od visokotla\u010dnog \u010deli\u010dnog lima, sa debljinama od 15 mm do 140 mm, ovisno o veli\u010dini sidra.<\/p>\n<p style=\"color: rgb(34, 34, 34); font-family: Arial, Helvetica, sans-serif; font-size: small;\"><strong>Detalji o proizvodu:<\/strong><\/p>\n<ul style=\"color: rgb(34, 34, 34); font-family: Arial, Helvetica, sans-serif; font-size: small;\">\n<li><strong>Tip:<\/strong>\u00a0Sidro s visokom snagom zadr\u017eavanja<\/li>\n<li><strong>Materijal:<\/strong>\u00a0\u010celik ZG230-45CH<\/li>\n<li><strong>Raspon te\u017eine:<\/strong>\u00a050 kg do 150 kg<\/li>\n<li><strong>Opcije zavr\u0161ne obrade:<\/strong>\u00a0vru\u0107e pocin\u010dano<\/li>\n<li><strong>Certifikati:<\/strong>\u00a0BV, ABS, DNV, GL, LRS, RINA, RS, IRS, CCS, KR, NK<\/li>\n<\/ul>\n<p style=\"color: rgb(34, 34, 34); font-family: Arial, Helvetica, sans-serif; font-size: small;\">Ovo sidro je odli\u010dan izbor za vlasnike \u010damaca u potrazi za pouzdanim i robustnim rje\u0161enjima sidrenja u izazovnim okru\u017eenjima.<\/p>\n","protected":false},"excerpt":{"rendered":"<p>Pool HHP sidro 150kg &#8211; Galvanizirano \u010delik &#8220;Pool HHP&#8221; (High Holding Power) sidro: Idealno za kori\u0161tenje u pijesku i blatu.<\/p>\n","protected":false},"featured_media":5942158,"comment_status":"open","ping_status":"closed","template":"","meta":[],"product_brand":[3086],"product_cat":[1871],"product_tag":[],"class_list":{"0":"post-742408","1":"product","2":"type-product","3":"status-publish","4":"has-post-thumbnail","6":"product_brand-maggigroup-hr","7":"product_cat-sidra-danforth","9":"first","10":"instock","11":"shipping-taxable","12":"purchasable","13":"product-type-simple"},"_links":{"self":[{"href":"https:\/\/stoic-curie.212-227-153-4.plesk.page\/hr\/wp-json\/wp\/v2\/product\/742408","targetHints":{"allow":["GET"]}}],"collection":[{"href":"https:\/\/stoic-curie.212-227-153-4.plesk.page\/hr\/wp-json\/wp\/v2\/product"}],"about":[{"href":"https:\/\/stoic-curie.212-227-153-4.plesk.page\/hr\/wp-json\/wp\/v2\/types\/product"}],"replies":[{"embeddable":true,"href":"https:\/\/stoic-curie.212-227-153-4.plesk.page\/hr\/wp-json\/wp\/v2\/comments?post=742408"}],"version-history":[{"count":0,"href":"https:\/\/stoic-curie.212-227-153-4.plesk.page\/hr\/wp-json\/wp\/v2\/product\/742408\/revisions"}],"wp:featuredmedia":[{"embeddable":true,"href":"https:\/\/stoic-curie.212-227-153-4.plesk.page\/hr\/wp-json\/wp\/v2\/media\/5942158"}],"wp:attachment":[{"href":"https:\/\/stoic-curie.212-227-153-4.plesk.page\/hr\/wp-json\/wp\/v2\/media?parent=742408"}],"wp:term":[{"taxonomy":"product_brand","embeddable":true,"href":"https:\/\/stoic-curie.212-227-153-4.plesk.page\/hr\/wp-json\/wp\/v2\/product_brand?post=742408"},{"taxonomy":"product_cat","embeddable":true,"href":"https:\/\/stoic-curie.212-227-153-4.plesk.page\/hr\/wp-json\/wp\/v2\/product_cat?post=742408"},{"taxonomy":"product_tag","embeddable":true,"href":"https:\/\/stoic-curie.212-227-153-4.plesk.page\/hr\/wp-json\/wp\/v2\/product_tag?post=742408"}],"curies":[{"name":"wp","href":"https:\/\/api.w.org\/{rel}","templated":true}]}}