{"id":742409,"date":"2025-03-03T18:20:09","date_gmt":"2025-03-03T17:20:09","guid":{"rendered":"https:\/\/stoic-curie.212-227-153-4.plesk.page\/producto\/wc-tecma-breeze-12v-s-panel-all-in-one-sft\/"},"modified":"2026-02-25T00:01:00","modified_gmt":"2026-02-25T00:01:00","slug":"wc-tecma-breeze-12v-s-panel-all-in-one-sft","status":"publish","type":"product","link":"https:\/\/stoic-curie.212-227-153-4.plesk.page\/hr\/product\/wc-tecma-breeze-12v-s-panel-all-in-one-sft\/","title":{"rendered":"WC Tecma Breeze 12v s Panel All-in-One SFT"},"content":{"rendered":"<p>WC Tecma Breeze 12v s Panel All-in-One SFT &#8211; <\/p>\n<p style=\"color: rgb(34, 34, 34); font-family: Arial, Helvetica, sans-serif; font-size: small;\"><strong>Tecma Breeze 12V WC s All-in-One SFT panelom.\u00a0<\/strong>Tecma Breeze WC nudi moderan dizajn koji daje prioritet udobnosti i ergonomskim na\u010delima. Ima termoizravan sjedi\u0161te sa mehanizmom za tiho zatvaranje, \u0161to u\u010dinkovito minimizira potencijalne \u0161tete i buku. Osim toga, WC je opremljen sustavom za brzo uklanjanje \u0161arki, \u0161to olak\u0161ava \u010di\u0161\u0107enje i odr\u017eavanje. Dizajnirana za u\u010dinkovitost, osigurava minimalnu potro\u0161nju vode, nisku potro\u0161nju elektri\u010dne energije i smanjene razine buke. Proces instalacije i povezivanja je jednostavan, a ne zahtijeva kontinuirano odr\u017eavanje.<\/p>\n<p style=\"color: rgb(34, 34, 34); font-family: Arial, Helvetica, sans-serif; font-size: small;\"><strong>Ovo WC mo\u017ee se koristiti putem dvaju razli\u010ditih kontrolnih plo\u010da:<\/strong><\/p>\n<p style=\"color: rgb(34, 34, 34); font-family: Arial, Helvetica, sans-serif; font-size: small;\"><strong>All-in-One SFT panel:<\/strong>&#038;nbsp>Ova dvostruka tipka omogu\u0107uje dodavanje vode i ispiranje. Uklju\u010duje Smart Flush tehnologiju koja osigurava nisku potro\u0161nju i smanjene zvu\u010dne emisije. Osim toga, uklju\u010duje za\u0161titu od prelijevanja vode i mogu\u0107nosti nadzora spremnika otpada.<\/p>\n<p style=\"color: rgb(34, 34, 34); font-family: Arial, Helvetica, sans-serif; font-size: small;\"><strong>Touch SFT panel:<\/strong>&#038;nbsp>Ova osjetljiva na dodir panel tako\u0111er omogu\u0107ava upravljanje dodavanjem vode i ispiranja. Kao i All-in-One panel, koristi Smart Flush tehnologiju za u\u010dinkovito funkcioniranje i smanjenje buke. Ima za\u0161titu od prelijevanja vode s programiranjem protoka i nadzorom spremnika otpada, a mo\u017ee se konfigurirati za na\u010din plovidbe ili pristani\u0161ta.<\/p>\n<p style=\"color: rgb(34, 34, 34); font-family: Arial, Helvetica, sans-serif; font-size: small;\"><strong>Kolekcija Breeze, inovativni dizajn Tecma, karakterizira njezine glatke, zaobljene konture koje stvaraju jedinstveni &#8216;doma\u0107i&#8217; izgled, pobolj\u0161avaju\u0107i udobnost sjedi\u0161ta i ergonomsku podr\u0161ku. Ova kolekcija pa\u017eljivo je dizajnirana da se savr\u0161eno uklopi u geometriju tradicionalnih Tecma modela, osiguravaju\u0107i besprijekornu adaptaciju i instalaciju u postoje\u0107e kupaonske prostore.<\/strong><\/p>\n<p style=\"color: rgb(34, 34, 34); font-family: Arial, Helvetica, sans-serif; font-size: small;\"><strong>WC je dobro uravnote\u017een i uklju\u010duje pionirski sustav za tiho zatvaranje poklopca. Mehanizam amortizacije nje\u017eno kontrolira brzinu zatvaranja, sprje\u010davaju\u0107i bilo kakvu potencijalnu \u0161tetu i buku koja bi mogla ometati udobnost i odmor gostiju. Za inspekciju ili odr\u017eavanje, jedinstveni sustav brzog uklanjanja omogu\u0107ava brzo i jednostavno rastavljanje.<\/strong><\/p>\n<p style=\"color: rgb(34, 34, 34); font-family: Arial, Helvetica, sans-serif; font-size: small;\"><strong>Klju\u010dne zna\u010dajke:<\/strong><\/p>\n<ul style=\"color: rgb(34, 34, 34); font-family: Arial, Helvetica, sans-serif; font-size: small;\">\n<li>\u010cista i moderna estetika<\/li>\n<li>Izuzetno tiha operacija<\/li>\n<li>Brza i jednostavna instalacija<\/li>\n<li>Pouzdana u\u010dinkovitost<\/li>\n<li>Kvalitetni materijali<\/li>\n<\/ul>\n<p style=\"color: rgb(34, 34, 34); font-family: Arial, Helvetica, sans-serif; font-size: small;\"><strong>Tecma Breeze WC je tako\u0111er prisutan na presti\u017enim plovnim objektima marki kao \u0161to su Delta Powerboats, Monte Carlo Yachts i Azimut.<\/strong><\/p>\n<p style=\"color: rgb(34, 34, 34); font-family: Arial, Helvetica, sans-serif; font-size: small;\"><strong>Tehni\u010dke specifikacije:<\/strong><\/p>\n<ul style=\"color: rgb(34, 34, 34); font-family: Arial, Helvetica, sans-serif; font-size: small;\">\n<li>Talijanska kerami\u010dka WC: 27 kg<\/li>\n<li>Bidet: 16 kg<\/li>\n<li>\u0160irok raspon kontrolnih panela dostupnih<\/li>\n<li>Tih ispira\u010d rad<\/li>\n<li>Niska potro\u0161nja: 0,5-2,7L \/ 0,1-0,7 galona po ispiranju<\/li>\n<li>Opcionalni integrirani bidet<\/li>\n<li>Funkcija za tiho zatvaranje<\/li>\n<\/ul>\n","protected":false},"excerpt":{"rendered":"<p>WC Tecma Breeze 12v s Panel All-in-One SFT &#8211; Tecma Breeze 12V WC s All-in-One SFT panelom.\u00a0Tecma Breeze WC nudi<\/p>\n","protected":false},"featured_media":5943764,"comment_status":"open","ping_status":"closed","template":"","meta":[],"product_brand":[3471],"product_cat":[1675],"product_tag":[],"class_list":{"0":"post-742409","1":"product","2":"type-product","3":"status-publish","4":"has-post-thumbnail","6":"product_brand-tecma-hr","7":"product_cat-brodski-wc","9":"first","10":"instock","11":"shipping-taxable","12":"purchasable","13":"product-type-simple"},"_links":{"self":[{"href":"https:\/\/stoic-curie.212-227-153-4.plesk.page\/hr\/wp-json\/wp\/v2\/product\/742409","targetHints":{"allow":["GET"]}}],"collection":[{"href":"https:\/\/stoic-curie.212-227-153-4.plesk.page\/hr\/wp-json\/wp\/v2\/product"}],"about":[{"href":"https:\/\/stoic-curie.212-227-153-4.plesk.page\/hr\/wp-json\/wp\/v2\/types\/product"}],"replies":[{"embeddable":true,"href":"https:\/\/stoic-curie.212-227-153-4.plesk.page\/hr\/wp-json\/wp\/v2\/comments?post=742409"}],"version-history":[{"count":0,"href":"https:\/\/stoic-curie.212-227-153-4.plesk.page\/hr\/wp-json\/wp\/v2\/product\/742409\/revisions"}],"wp:featuredmedia":[{"embeddable":true,"href":"https:\/\/stoic-curie.212-227-153-4.plesk.page\/hr\/wp-json\/wp\/v2\/media\/5943764"}],"wp:attachment":[{"href":"https:\/\/stoic-curie.212-227-153-4.plesk.page\/hr\/wp-json\/wp\/v2\/media?parent=742409"}],"wp:term":[{"taxonomy":"product_brand","embeddable":true,"href":"https:\/\/stoic-curie.212-227-153-4.plesk.page\/hr\/wp-json\/wp\/v2\/product_brand?post=742409"},{"taxonomy":"product_cat","embeddable":true,"href":"https:\/\/stoic-curie.212-227-153-4.plesk.page\/hr\/wp-json\/wp\/v2\/product_cat?post=742409"},{"taxonomy":"product_tag","embeddable":true,"href":"https:\/\/stoic-curie.212-227-153-4.plesk.page\/hr\/wp-json\/wp\/v2\/product_tag?post=742409"}],"curies":[{"name":"wp","href":"https:\/\/api.w.org\/{rel}","templated":true}]}}