{"id":742416,"date":"2025-03-03T18:20:11","date_gmt":"2025-03-03T17:20:11","guid":{"rendered":"https:\/\/stoic-curie.212-227-153-4.plesk.page\/producto\/led-quick-tim-svjetlo-s-prekidacem-c-90mm-3000-k-nehrdajuci-celik\/"},"modified":"2026-02-25T00:01:00","modified_gmt":"2026-02-25T00:01:00","slug":"led-quick-tim-svjetlo-s-prekidacem-c-90mm-3000-k-nehrdajuci-celik","status":"publish","type":"product","link":"https:\/\/stoic-curie.212-227-153-4.plesk.page\/hr\/product\/led-quick-tim-svjetlo-s-prekidacem-c-90mm-3000-k-nehrdajuci-celik\/","title":{"rendered":"LED Quick Tim svjetlo s prekida\u010dem, C 90mm 3000 K, nehr\u0111aju\u0107i \u010delik"},"content":{"rendered":"<p>LED Quick Tim svjetlo s prekida\u010dem, C 90mm 3000 K, nehr\u0111aju\u0107i \u010delik &#8211; <\/p>\n<p>2W IP40 LED kupolna svjetiljka za unutra\u0161njost sa ku\u0107i\u0161tem od nehr\u0111aju\u0107eg \u010delika 316 i prekida\u010dem. Monta\u017ea na povr\u0161inu s vijcima. Univerzalna napetost od 9-32V s podesivim LED-om za\u0161ti\u0107enim od prenapona i obrnute polariteta.<\/p>\n","protected":false},"excerpt":{"rendered":"<p>LED Quick Tim svjetlo s prekida\u010dem, C 90mm 3000 K, nehr\u0111aju\u0107i \u010delik &#8211; 2W IP40 LED kupolna svjetiljka za unutra\u0161njost<\/p>\n","protected":false},"featured_media":5940834,"comment_status":"open","ping_status":"closed","template":"","meta":[],"product_brand":[3281],"product_cat":[1739],"product_tag":[],"class_list":{"0":"post-742416","1":"product","2":"type-product","3":"status-publish","4":"has-post-thumbnail","6":"product_brand-quick-hr","7":"product_cat-rasvjeta","9":"first","10":"instock","11":"shipping-taxable","12":"purchasable","13":"product-type-simple"},"_links":{"self":[{"href":"https:\/\/stoic-curie.212-227-153-4.plesk.page\/hr\/wp-json\/wp\/v2\/product\/742416","targetHints":{"allow":["GET"]}}],"collection":[{"href":"https:\/\/stoic-curie.212-227-153-4.plesk.page\/hr\/wp-json\/wp\/v2\/product"}],"about":[{"href":"https:\/\/stoic-curie.212-227-153-4.plesk.page\/hr\/wp-json\/wp\/v2\/types\/product"}],"replies":[{"embeddable":true,"href":"https:\/\/stoic-curie.212-227-153-4.plesk.page\/hr\/wp-json\/wp\/v2\/comments?post=742416"}],"version-history":[{"count":0,"href":"https:\/\/stoic-curie.212-227-153-4.plesk.page\/hr\/wp-json\/wp\/v2\/product\/742416\/revisions"}],"wp:featuredmedia":[{"embeddable":true,"href":"https:\/\/stoic-curie.212-227-153-4.plesk.page\/hr\/wp-json\/wp\/v2\/media\/5940834"}],"wp:attachment":[{"href":"https:\/\/stoic-curie.212-227-153-4.plesk.page\/hr\/wp-json\/wp\/v2\/media?parent=742416"}],"wp:term":[{"taxonomy":"product_brand","embeddable":true,"href":"https:\/\/stoic-curie.212-227-153-4.plesk.page\/hr\/wp-json\/wp\/v2\/product_brand?post=742416"},{"taxonomy":"product_cat","embeddable":true,"href":"https:\/\/stoic-curie.212-227-153-4.plesk.page\/hr\/wp-json\/wp\/v2\/product_cat?post=742416"},{"taxonomy":"product_tag","embeddable":true,"href":"https:\/\/stoic-curie.212-227-153-4.plesk.page\/hr\/wp-json\/wp\/v2\/product_tag?post=742416"}],"curies":[{"name":"wp","href":"https:\/\/api.w.org\/{rel}","templated":true}]}}