{"id":742418,"date":"2025-03-03T18:20:11","date_gmt":"2025-03-03T17:20:11","guid":{"rendered":"https:\/\/stoic-curie.212-227-153-4.plesk.page\/producto\/pumpa-za-transfer-goriva-ocean-12v-12-litara-u-minuti\/"},"modified":"2026-02-25T00:01:00","modified_gmt":"2026-02-25T00:01:00","slug":"pumpa-za-transfer-goriva-ocean-12v-12-litara-u-minuti","status":"publish","type":"product","link":"https:\/\/stoic-curie.212-227-153-4.plesk.page\/hr\/product\/pumpa-za-transfer-goriva-ocean-12v-12-litara-u-minuti\/","title":{"rendered":"Pumpa za transfer goriva Ocean 12V, 12 litara u minuti"},"content":{"rendered":"<p>Pumpa za transfer goriva Ocean 12V, 12 litara u minuti &#8211; <\/p>\n<p>Kompakt pumpa s vlastitim usisavanjem s PTFE zup\u010danicima, pogodna i za kontinuiranu upotrebu. Obra\u0107anje smjera protoka, ne zahtijeva filtraciju, mo\u017ee raditi i na suho. Za prijenos ulja, dizela, vode ili bilo koje viskozne teku\u0107ine.<\/p>\n","protected":false},"excerpt":{"rendered":"<p>Pumpa za transfer goriva Ocean 12V, 12 litara u minuti &#8211; Kompakt pumpa s vlastitim usisavanjem s PTFE zup\u010danicima, pogodna<\/p>\n","protected":false},"featured_media":5943768,"comment_status":"open","ping_status":"closed","template":"","meta":[],"product_brand":[3141],"product_cat":[1787],"product_tag":[],"class_list":{"0":"post-742418","1":"product","2":"type-product","3":"status-publish","4":"has-post-thumbnail","6":"product_brand-matromarine-hr","7":"product_cat-pumpe-za-naftu-i-gorivo","9":"first","10":"instock","11":"shipping-taxable","12":"purchasable","13":"product-type-simple"},"_links":{"self":[{"href":"https:\/\/stoic-curie.212-227-153-4.plesk.page\/hr\/wp-json\/wp\/v2\/product\/742418","targetHints":{"allow":["GET"]}}],"collection":[{"href":"https:\/\/stoic-curie.212-227-153-4.plesk.page\/hr\/wp-json\/wp\/v2\/product"}],"about":[{"href":"https:\/\/stoic-curie.212-227-153-4.plesk.page\/hr\/wp-json\/wp\/v2\/types\/product"}],"replies":[{"embeddable":true,"href":"https:\/\/stoic-curie.212-227-153-4.plesk.page\/hr\/wp-json\/wp\/v2\/comments?post=742418"}],"version-history":[{"count":0,"href":"https:\/\/stoic-curie.212-227-153-4.plesk.page\/hr\/wp-json\/wp\/v2\/product\/742418\/revisions"}],"wp:featuredmedia":[{"embeddable":true,"href":"https:\/\/stoic-curie.212-227-153-4.plesk.page\/hr\/wp-json\/wp\/v2\/media\/5943768"}],"wp:attachment":[{"href":"https:\/\/stoic-curie.212-227-153-4.plesk.page\/hr\/wp-json\/wp\/v2\/media?parent=742418"}],"wp:term":[{"taxonomy":"product_brand","embeddable":true,"href":"https:\/\/stoic-curie.212-227-153-4.plesk.page\/hr\/wp-json\/wp\/v2\/product_brand?post=742418"},{"taxonomy":"product_cat","embeddable":true,"href":"https:\/\/stoic-curie.212-227-153-4.plesk.page\/hr\/wp-json\/wp\/v2\/product_cat?post=742418"},{"taxonomy":"product_tag","embeddable":true,"href":"https:\/\/stoic-curie.212-227-153-4.plesk.page\/hr\/wp-json\/wp\/v2\/product_tag?post=742418"}],"curies":[{"name":"wp","href":"https:\/\/api.w.org\/{rel}","templated":true}]}}