{"id":742419,"date":"2025-03-03T18:20:12","date_gmt":"2025-03-03T17:20:12","guid":{"rendered":"https:\/\/stoic-curie.212-227-153-4.plesk.page\/producto\/pumpa-za-izmjenu-ulja-ocean-12-u-12-litara-u-minuti\/"},"modified":"2026-02-25T00:01:00","modified_gmt":"2026-02-25T00:01:00","slug":"pumpa-za-izmjenu-ulja-ocean-12-u-12-litara-u-minuti","status":"publish","type":"product","link":"https:\/\/stoic-curie.212-227-153-4.plesk.page\/hr\/product\/pumpa-za-izmjenu-ulja-ocean-12-u-12-litara-u-minuti\/","title":{"rendered":"Pumpa za izmjenu ulja Ocean 12 u 12 litara u minuti"},"content":{"rendered":"<p>Pumpa za izmjenu ulja Ocean 12 u 12 litara u minuti &#8211; <\/p>\n<p>Kompakt samousisna pumpa s PTFE zup\u010danicima koja je tako\u0111er pogodna za neprekidno kori\u0161tenje. Reverzibilna struja, ne zahtijeva filter i mo\u017ee raditi \u010dak i suha. Za prijenos ulja, dizela, vode ili bilo koje viskozne teku\u0107ine. Kompletna s 2 crijeva (6 i 8 mm), 180 cm kabelom s spojnicama i osigura\u010dem.<\/p>\n","protected":false},"excerpt":{"rendered":"<p>Pumpa za izmjenu ulja Ocean 12 u 12 litara u minuti &#8211; Kompakt samousisna pumpa s PTFE zup\u010danicima koja je<\/p>\n","protected":false},"featured_media":5943768,"comment_status":"open","ping_status":"closed","template":"","meta":[],"product_brand":[3141],"product_cat":[1787],"product_tag":[],"class_list":{"0":"post-742419","1":"product","2":"type-product","3":"status-publish","4":"has-post-thumbnail","6":"product_brand-matromarine-hr","7":"product_cat-pumpe-za-naftu-i-gorivo","9":"first","10":"instock","11":"shipping-taxable","12":"purchasable","13":"product-type-simple"},"_links":{"self":[{"href":"https:\/\/stoic-curie.212-227-153-4.plesk.page\/hr\/wp-json\/wp\/v2\/product\/742419","targetHints":{"allow":["GET"]}}],"collection":[{"href":"https:\/\/stoic-curie.212-227-153-4.plesk.page\/hr\/wp-json\/wp\/v2\/product"}],"about":[{"href":"https:\/\/stoic-curie.212-227-153-4.plesk.page\/hr\/wp-json\/wp\/v2\/types\/product"}],"replies":[{"embeddable":true,"href":"https:\/\/stoic-curie.212-227-153-4.plesk.page\/hr\/wp-json\/wp\/v2\/comments?post=742419"}],"version-history":[{"count":0,"href":"https:\/\/stoic-curie.212-227-153-4.plesk.page\/hr\/wp-json\/wp\/v2\/product\/742419\/revisions"}],"wp:featuredmedia":[{"embeddable":true,"href":"https:\/\/stoic-curie.212-227-153-4.plesk.page\/hr\/wp-json\/wp\/v2\/media\/5943768"}],"wp:attachment":[{"href":"https:\/\/stoic-curie.212-227-153-4.plesk.page\/hr\/wp-json\/wp\/v2\/media?parent=742419"}],"wp:term":[{"taxonomy":"product_brand","embeddable":true,"href":"https:\/\/stoic-curie.212-227-153-4.plesk.page\/hr\/wp-json\/wp\/v2\/product_brand?post=742419"},{"taxonomy":"product_cat","embeddable":true,"href":"https:\/\/stoic-curie.212-227-153-4.plesk.page\/hr\/wp-json\/wp\/v2\/product_cat?post=742419"},{"taxonomy":"product_tag","embeddable":true,"href":"https:\/\/stoic-curie.212-227-153-4.plesk.page\/hr\/wp-json\/wp\/v2\/product_tag?post=742419"}],"curies":[{"name":"wp","href":"https:\/\/api.w.org\/{rel}","templated":true}]}}