{"id":742420,"date":"2025-03-03T18:20:12","date_gmt":"2025-03-03T17:20:12","guid":{"rendered":"https:\/\/stoic-curie.212-227-153-4.plesk.page\/producto\/ocean-12v-20lt-membranska-pumpa-ravna\/"},"modified":"2026-02-25T00:01:00","modified_gmt":"2026-02-25T00:01:00","slug":"ocean-12v-20lt-membranska-pumpa-ravna","status":"publish","type":"product","link":"https:\/\/stoic-curie.212-227-153-4.plesk.page\/hr\/product\/ocean-12v-20lt-membranska-pumpa-ravna\/","title":{"rendered":"Ocean 12v 20lt membranska pumpa (ravna)"},"content":{"rendered":"<p>Ocean 12v 20lt membranska pumpa (ravna) &#8211; <\/p>\n<p>Samostojna Ocean membranska pumpa visine do 3 m s dvostrukim nepovratnim ventilom. Zahvaljuju\u0107i kompaktnom dizajnu i 360\u00b0 okretnoj glavi, savr\u0161ena je za odvod tu\u0161a ili sudopera te za op\u0107e primjene sive vode. Radi tiho, mo\u017ee raditi suho i ne zahtijeva filter. Dostupni modeli: ravni ili kutni za uske prostore.<\/p>\n","protected":false},"excerpt":{"rendered":"<p>Ocean 12v 20lt membranska pumpa (ravna) &#8211; Samostojna Ocean membranska pumpa visine do 3 m s dvostrukim nepovratnim ventilom. Zahvaljuju\u0107i<\/p>\n","protected":false},"featured_media":5942212,"comment_status":"open","ping_status":"closed","template":"","meta":[],"product_brand":[3141],"product_cat":[1672,1671,1656],"product_tag":[],"class_list":{"0":"post-742420","1":"product","2":"type-product","3":"status-publish","4":"has-post-thumbnail","6":"product_brand-matromarine-hr","7":"product_cat-brodske-pumpe-za-otpadne-vode","8":"product_cat-cirkulacijske-crpke","9":"product_cat-sustavi-sive-vode","11":"first","12":"instock","13":"shipping-taxable","14":"purchasable","15":"product-type-simple"},"_links":{"self":[{"href":"https:\/\/stoic-curie.212-227-153-4.plesk.page\/hr\/wp-json\/wp\/v2\/product\/742420","targetHints":{"allow":["GET"]}}],"collection":[{"href":"https:\/\/stoic-curie.212-227-153-4.plesk.page\/hr\/wp-json\/wp\/v2\/product"}],"about":[{"href":"https:\/\/stoic-curie.212-227-153-4.plesk.page\/hr\/wp-json\/wp\/v2\/types\/product"}],"replies":[{"embeddable":true,"href":"https:\/\/stoic-curie.212-227-153-4.plesk.page\/hr\/wp-json\/wp\/v2\/comments?post=742420"}],"version-history":[{"count":0,"href":"https:\/\/stoic-curie.212-227-153-4.plesk.page\/hr\/wp-json\/wp\/v2\/product\/742420\/revisions"}],"wp:featuredmedia":[{"embeddable":true,"href":"https:\/\/stoic-curie.212-227-153-4.plesk.page\/hr\/wp-json\/wp\/v2\/media\/5942212"}],"wp:attachment":[{"href":"https:\/\/stoic-curie.212-227-153-4.plesk.page\/hr\/wp-json\/wp\/v2\/media?parent=742420"}],"wp:term":[{"taxonomy":"product_brand","embeddable":true,"href":"https:\/\/stoic-curie.212-227-153-4.plesk.page\/hr\/wp-json\/wp\/v2\/product_brand?post=742420"},{"taxonomy":"product_cat","embeddable":true,"href":"https:\/\/stoic-curie.212-227-153-4.plesk.page\/hr\/wp-json\/wp\/v2\/product_cat?post=742420"},{"taxonomy":"product_tag","embeddable":true,"href":"https:\/\/stoic-curie.212-227-153-4.plesk.page\/hr\/wp-json\/wp\/v2\/product_tag?post=742420"}],"curies":[{"name":"wp","href":"https:\/\/api.w.org\/{rel}","templated":true}]}}