{"id":742421,"date":"2025-03-03T18:20:12","date_gmt":"2025-03-03T17:20:12","guid":{"rendered":"https:\/\/stoic-curie.212-227-153-4.plesk.page\/producto\/ocean-membranska-pumpa-za-otpadne-vode-i-sive-vode-32lt-m-12v\/"},"modified":"2026-02-25T00:01:00","modified_gmt":"2026-02-25T00:01:00","slug":"ocean-membranska-pumpa-za-otpadne-vode-i-sive-vode-32lt-m-12v","status":"publish","type":"product","link":"https:\/\/stoic-curie.212-227-153-4.plesk.page\/hr\/product\/ocean-membranska-pumpa-za-otpadne-vode-i-sive-vode-32lt-m-12v\/","title":{"rendered":"Ocean membranska pumpa za otpadne vode i sive vode 32lt \/ m 12V"},"content":{"rendered":"<p>Ocean membranska pumpa za otpadne vode i sive vode 32lt \/ m 12V &#8211; <\/p>\n<p>Samopovla\u010dna Ocean membranska pumpa s visinom do 3 m i dvostrukim nepovratnim ventilom. Idealan za pra\u017enjenje spremnika za sive ili crne vode, ili kao pumpa za potpunu punu. Mo\u017ee raditi suho, bez potrebe za filtrima. Tiho djelovanje, kompaktni dizajn i fleksibilna ugradnja s vi\u0161epozicioniranom glavom.<\/p>\n","protected":false},"excerpt":{"rendered":"<p>Ocean membranska pumpa za otpadne vode i sive vode 32lt \/ m 12V &#8211; Samopovla\u010dna Ocean membranska pumpa s visinom<\/p>\n","protected":false},"featured_media":5942215,"comment_status":"open","ping_status":"closed","template":"","meta":[],"product_brand":[3141],"product_cat":[1672,1649,1656],"product_tag":[],"class_list":{"0":"post-742421","1":"product","2":"type-product","3":"status-publish","4":"has-post-thumbnail","6":"product_brand-matromarine-hr","7":"product_cat-brodske-pumpe-za-otpadne-vode","8":"product_cat-spremnici-za-otpadne-vode","9":"product_cat-sustavi-sive-vode","11":"first","12":"instock","13":"shipping-taxable","14":"purchasable","15":"product-type-simple"},"_links":{"self":[{"href":"https:\/\/stoic-curie.212-227-153-4.plesk.page\/hr\/wp-json\/wp\/v2\/product\/742421","targetHints":{"allow":["GET"]}}],"collection":[{"href":"https:\/\/stoic-curie.212-227-153-4.plesk.page\/hr\/wp-json\/wp\/v2\/product"}],"about":[{"href":"https:\/\/stoic-curie.212-227-153-4.plesk.page\/hr\/wp-json\/wp\/v2\/types\/product"}],"replies":[{"embeddable":true,"href":"https:\/\/stoic-curie.212-227-153-4.plesk.page\/hr\/wp-json\/wp\/v2\/comments?post=742421"}],"version-history":[{"count":0,"href":"https:\/\/stoic-curie.212-227-153-4.plesk.page\/hr\/wp-json\/wp\/v2\/product\/742421\/revisions"}],"wp:featuredmedia":[{"embeddable":true,"href":"https:\/\/stoic-curie.212-227-153-4.plesk.page\/hr\/wp-json\/wp\/v2\/media\/5942215"}],"wp:attachment":[{"href":"https:\/\/stoic-curie.212-227-153-4.plesk.page\/hr\/wp-json\/wp\/v2\/media?parent=742421"}],"wp:term":[{"taxonomy":"product_brand","embeddable":true,"href":"https:\/\/stoic-curie.212-227-153-4.plesk.page\/hr\/wp-json\/wp\/v2\/product_brand?post=742421"},{"taxonomy":"product_cat","embeddable":true,"href":"https:\/\/stoic-curie.212-227-153-4.plesk.page\/hr\/wp-json\/wp\/v2\/product_cat?post=742421"},{"taxonomy":"product_tag","embeddable":true,"href":"https:\/\/stoic-curie.212-227-153-4.plesk.page\/hr\/wp-json\/wp\/v2\/product_tag?post=742421"}],"curies":[{"name":"wp","href":"https:\/\/api.w.org\/{rel}","templated":true}]}}