{"id":742422,"date":"2025-03-03T18:20:12","date_gmt":"2025-03-03T17:20:12","guid":{"rendered":"https:\/\/stoic-curie.212-227-153-4.plesk.page\/producto\/antena-ais-glomex-ra300ais-120m\/"},"modified":"2026-02-25T00:01:00","modified_gmt":"2026-02-25T00:01:00","slug":"antena-ais-glomex-ra300ais-120m","status":"publish","type":"product","link":"https:\/\/stoic-curie.212-227-153-4.plesk.page\/hr\/product\/antena-ais-glomex-ra300ais-120m\/","title":{"rendered":"Antena Ais Glomex Ra300ais 1,20m"},"content":{"rendered":"<p>Antena Ais Glomex Ra300ais 1,20m &#8211; <\/p>\n<p>UV-otporna fleksibilna antena RA300AIS od stakloplastike za AIS (Automatski identifikacijski sustav) za sve vrste \u010damaca. Omogu\u0107ava primanje AIS signala i relevantnih informacija o prometu u okolini. FME priklju\u010dak omogu\u0107ava brzu i jednostavnu instalaciju zahvaljuju\u0107i priklju\u010denim kabelima i adapterima. Osnova s navojem 5\/8&#8243; x 24. 100W \/ 6db \/ 161.975-162.025 MHz \/ 50 Ohm. Visina: 1,2 m. Sa produ\u017eetkom ili adapterom, antena se mo\u017ee montirati na navoje 1&#8243; x 14. Priklju\u010dak omogu\u0107ava povezivanje FME navoja na PL258 koaksijalnu vezu.<\/p>\n","protected":false},"excerpt":{"rendered":"<p>Antena Ais Glomex Ra300ais 1,20m &#8211; UV-otporna fleksibilna antena RA300AIS od stakloplastike za AIS (Automatski identifikacijski sustav) za sve vrste<\/p>\n","protected":false},"featured_media":5943770,"comment_status":"open","ping_status":"closed","template":"","meta":[],"product_brand":[2279,2981],"product_cat":[1744],"product_tag":[],"class_list":{"0":"post-742422","1":"product","2":"type-product","3":"status-publish","4":"has-post-thumbnail","6":"product_brand-glomex","7":"product_brand-glomex-hr","8":"product_cat-brodska-elektronika","10":"first","11":"instock","12":"shipping-taxable","13":"purchasable","14":"product-type-simple"},"_links":{"self":[{"href":"https:\/\/stoic-curie.212-227-153-4.plesk.page\/hr\/wp-json\/wp\/v2\/product\/742422","targetHints":{"allow":["GET"]}}],"collection":[{"href":"https:\/\/stoic-curie.212-227-153-4.plesk.page\/hr\/wp-json\/wp\/v2\/product"}],"about":[{"href":"https:\/\/stoic-curie.212-227-153-4.plesk.page\/hr\/wp-json\/wp\/v2\/types\/product"}],"replies":[{"embeddable":true,"href":"https:\/\/stoic-curie.212-227-153-4.plesk.page\/hr\/wp-json\/wp\/v2\/comments?post=742422"}],"version-history":[{"count":0,"href":"https:\/\/stoic-curie.212-227-153-4.plesk.page\/hr\/wp-json\/wp\/v2\/product\/742422\/revisions"}],"wp:featuredmedia":[{"embeddable":true,"href":"https:\/\/stoic-curie.212-227-153-4.plesk.page\/hr\/wp-json\/wp\/v2\/media\/5943770"}],"wp:attachment":[{"href":"https:\/\/stoic-curie.212-227-153-4.plesk.page\/hr\/wp-json\/wp\/v2\/media?parent=742422"}],"wp:term":[{"taxonomy":"product_brand","embeddable":true,"href":"https:\/\/stoic-curie.212-227-153-4.plesk.page\/hr\/wp-json\/wp\/v2\/product_brand?post=742422"},{"taxonomy":"product_cat","embeddable":true,"href":"https:\/\/stoic-curie.212-227-153-4.plesk.page\/hr\/wp-json\/wp\/v2\/product_cat?post=742422"},{"taxonomy":"product_tag","embeddable":true,"href":"https:\/\/stoic-curie.212-227-153-4.plesk.page\/hr\/wp-json\/wp\/v2\/product_tag?post=742422"}],"curies":[{"name":"wp","href":"https:\/\/api.w.org\/{rel}","templated":true}]}}