{"id":742423,"date":"2025-03-03T18:20:13","date_gmt":"2025-03-03T17:20:13","guid":{"rendered":"https:\/\/stoic-curie.212-227-153-4.plesk.page\/producto\/krmeni-tunel-od-stakloplastike-za-potisnik-quick-btq140\/"},"modified":"2026-02-25T00:01:00","modified_gmt":"2026-02-25T00:01:00","slug":"krmeni-tunel-od-stakloplastike-za-potisnik-quick-btq140","status":"publish","type":"product","link":"https:\/\/stoic-curie.212-227-153-4.plesk.page\/hr\/product\/krmeni-tunel-od-stakloplastike-za-potisnik-quick-btq140\/","title":{"rendered":"Krmeni tunel od stakloplastike za potisnik Quick BTQ140"},"content":{"rendered":"<p>Krmeni tunel od stakloplastike za potisnik Quick BTQ140 &#8211; <\/p>\n<p>Nadamo se da \u0107emo vam ponuditi stakloplasti\u010dne tunelske komplete posebno dizajnirane za sve Quick BTQ potisnike. Ovi kompleti namijenjeni su vanjskoj ugradnji na krmu va\u0161eg broda, osiguravaju\u0107i besprijekorno pristajanje i optimalne performanse. Svaki komplet dolazi s flan\u0161iranim poliesterskim i stakloplasti\u010dnim tunelom, koji je kompatibilan s elektri\u010dnim i hidrauli\u010dnim Quick potisnicima. Ova svestranost omogu\u0107ava vam da odaberete potisnik koji najbolje odgovara va\u0161im potrebama plovidbe uz istovremeno osiguravanje pouzdane funkcionalnosti i dugotrajnosti.<\/p>\n","protected":false},"excerpt":{"rendered":"<p>Krmeni tunel od stakloplastike za potisnik Quick BTQ140 &#8211; Nadamo se da \u0107emo vam ponuditi stakloplasti\u010dne tunelske komplete posebno dizajnirane<\/p>\n","protected":false},"featured_media":5940387,"comment_status":"open","ping_status":"closed","template":"","meta":[],"product_brand":[3281],"product_cat":[1610],"product_tag":[],"class_list":{"0":"post-742423","1":"product","2":"type-product","3":"status-publish","4":"has-post-thumbnail","6":"product_brand-quick-hr","7":"product_cat-pramcani-potisnici-quick","9":"first","10":"instock","11":"shipping-taxable","12":"purchasable","13":"product-type-simple"},"_links":{"self":[{"href":"https:\/\/stoic-curie.212-227-153-4.plesk.page\/hr\/wp-json\/wp\/v2\/product\/742423","targetHints":{"allow":["GET"]}}],"collection":[{"href":"https:\/\/stoic-curie.212-227-153-4.plesk.page\/hr\/wp-json\/wp\/v2\/product"}],"about":[{"href":"https:\/\/stoic-curie.212-227-153-4.plesk.page\/hr\/wp-json\/wp\/v2\/types\/product"}],"replies":[{"embeddable":true,"href":"https:\/\/stoic-curie.212-227-153-4.plesk.page\/hr\/wp-json\/wp\/v2\/comments?post=742423"}],"version-history":[{"count":0,"href":"https:\/\/stoic-curie.212-227-153-4.plesk.page\/hr\/wp-json\/wp\/v2\/product\/742423\/revisions"}],"wp:featuredmedia":[{"embeddable":true,"href":"https:\/\/stoic-curie.212-227-153-4.plesk.page\/hr\/wp-json\/wp\/v2\/media\/5940387"}],"wp:attachment":[{"href":"https:\/\/stoic-curie.212-227-153-4.plesk.page\/hr\/wp-json\/wp\/v2\/media?parent=742423"}],"wp:term":[{"taxonomy":"product_brand","embeddable":true,"href":"https:\/\/stoic-curie.212-227-153-4.plesk.page\/hr\/wp-json\/wp\/v2\/product_brand?post=742423"},{"taxonomy":"product_cat","embeddable":true,"href":"https:\/\/stoic-curie.212-227-153-4.plesk.page\/hr\/wp-json\/wp\/v2\/product_cat?post=742423"},{"taxonomy":"product_tag","embeddable":true,"href":"https:\/\/stoic-curie.212-227-153-4.plesk.page\/hr\/wp-json\/wp\/v2\/product_tag?post=742423"}],"curies":[{"name":"wp","href":"https:\/\/api.w.org\/{rel}","templated":true}]}}