{"id":742425,"date":"2025-03-03T18:20:13","date_gmt":"2025-03-03T17:20:13","guid":{"rendered":"https:\/\/stoic-curie.212-227-153-4.plesk.page\/producto\/posiljatelji-razine-vode-i-goriva-od-nehrdajuceg-celika-ecms-12-24v-0-190ohm-1000mm\/"},"modified":"2026-02-25T00:01:00","modified_gmt":"2026-02-25T00:01:00","slug":"posiljatelji-razine-vode-i-goriva-od-nehrdajuceg-celika-ecms-12-24v-0-190ohm-1000mm","status":"publish","type":"product","link":"https:\/\/stoic-curie.212-227-153-4.plesk.page\/hr\/product\/posiljatelji-razine-vode-i-goriva-od-nehrdajuceg-celika-ecms-12-24v-0-190ohm-1000mm\/","title":{"rendered":"Po\u0161iljatelji razine vode i goriva od nehr\u0111aju\u0107eg \u010delika ECMS 12-24v \/ 0-190ohm &#8211; 1000mm"},"content":{"rendered":"<p>Po\u0161iljatelji razine vode i goriva od nehr\u0111aju\u0107eg \u010delika ECMS 12-24v \/ 0-190ohm &#8211; 1000mm &#8211; <\/p>\n<p>Senzori razine vode i goriva od nehr\u0111aju\u0107eg \u010delika 316. VDO tip s 5 rupa, promjer prstena 54 mm. Napajanje 12\/24V. Prosje\u010dna impedancija 0 &#8211; 190 Ohm.<\/p>\n","protected":false},"excerpt":{"rendered":"<p>Po\u0161iljatelji razine vode i goriva od nehr\u0111aju\u0107eg \u010delika ECMS 12-24v \/ 0-190ohm &#8211; 1000mm &#8211; Senzori razine vode i goriva<\/p>\n","protected":false},"featured_media":5942459,"comment_status":"open","ping_status":"closed","template":"","meta":[],"product_brand":[2911],"product_cat":[1782,1658],"product_tag":[],"class_list":{"0":"post-742425","1":"product","2":"type-product","3":"status-publish","4":"has-post-thumbnail","6":"product_brand-ecms-marine-hr","7":"product_cat-mjeraci-razine-goriva-i-davaci","8":"product_cat-mjeraci-razine-vode-i-davaci-razine","10":"first","11":"instock","12":"shipping-taxable","13":"purchasable","14":"product-type-simple"},"_links":{"self":[{"href":"https:\/\/stoic-curie.212-227-153-4.plesk.page\/hr\/wp-json\/wp\/v2\/product\/742425","targetHints":{"allow":["GET"]}}],"collection":[{"href":"https:\/\/stoic-curie.212-227-153-4.plesk.page\/hr\/wp-json\/wp\/v2\/product"}],"about":[{"href":"https:\/\/stoic-curie.212-227-153-4.plesk.page\/hr\/wp-json\/wp\/v2\/types\/product"}],"replies":[{"embeddable":true,"href":"https:\/\/stoic-curie.212-227-153-4.plesk.page\/hr\/wp-json\/wp\/v2\/comments?post=742425"}],"version-history":[{"count":0,"href":"https:\/\/stoic-curie.212-227-153-4.plesk.page\/hr\/wp-json\/wp\/v2\/product\/742425\/revisions"}],"wp:featuredmedia":[{"embeddable":true,"href":"https:\/\/stoic-curie.212-227-153-4.plesk.page\/hr\/wp-json\/wp\/v2\/media\/5942459"}],"wp:attachment":[{"href":"https:\/\/stoic-curie.212-227-153-4.plesk.page\/hr\/wp-json\/wp\/v2\/media?parent=742425"}],"wp:term":[{"taxonomy":"product_brand","embeddable":true,"href":"https:\/\/stoic-curie.212-227-153-4.plesk.page\/hr\/wp-json\/wp\/v2\/product_brand?post=742425"},{"taxonomy":"product_cat","embeddable":true,"href":"https:\/\/stoic-curie.212-227-153-4.plesk.page\/hr\/wp-json\/wp\/v2\/product_cat?post=742425"},{"taxonomy":"product_tag","embeddable":true,"href":"https:\/\/stoic-curie.212-227-153-4.plesk.page\/hr\/wp-json\/wp\/v2\/product_tag?post=742425"}],"curies":[{"name":"wp","href":"https:\/\/api.w.org\/{rel}","templated":true}]}}