{"id":742428,"date":"2025-03-03T18:20:14","date_gmt":"2025-03-03T17:20:14","guid":{"rendered":"https:\/\/stoic-curie.212-227-153-4.plesk.page\/producto\/inverter-za-sinusni-val-nvp-2000-24-2000wt-24v\/"},"modified":"2026-02-25T00:01:00","modified_gmt":"2026-02-25T00:01:00","slug":"inverter-za-sinusni-val-nvp-2000-24-2000wt-24v","status":"publish","type":"product","link":"https:\/\/stoic-curie.212-227-153-4.plesk.page\/hr\/product\/inverter-za-sinusni-val-nvp-2000-24-2000wt-24v\/","title":{"rendered":"Inverter za sinusni val NVP-2000\/24 2000wt 24V"},"content":{"rendered":"<p>Inverter za sinusni val NVP-2000\/24 2000wt 24V &#8211; <\/p>\n<p>Visoko u\u010dinkoviti pravi sinusni ES100 pretvara\u010d koji pretvara 12\/24 V istosmjernu struju iz baterije u 220 V izmjeni\u010dnu struju. 90% u\u010dinkovitosti pretvorbe s ne vi\u0161e od 3% harmonijske distorzije. Savr\u0161en za napajanje svih osjetljivih elektroni\u010dkih i elektri\u010dnih ure\u0111aja. Nazna\u010dena vrijednost u wattima je kontinuirana.<\/p>\n","protected":false},"excerpt":{"rendered":"<p>Inverter za sinusni val NVP-2000\/24 2000wt 24V &#8211; Visoko u\u010dinkoviti pravi sinusni ES100 pretvara\u010d koji pretvara 12\/24 V istosmjernu struju<\/p>\n","protected":false},"featured_media":5942460,"comment_status":"open","ping_status":"closed","template":"","meta":[],"product_brand":[2831],"product_cat":[1742],"product_tag":[],"class_list":{"0":"post-742428","1":"product","2":"type-product","3":"status-publish","4":"has-post-thumbnail","6":"product_brand-blue-sea-systems-hr","7":"product_cat-inverteri-snage","9":"first","10":"instock","11":"shipping-taxable","12":"purchasable","13":"product-type-simple"},"_links":{"self":[{"href":"https:\/\/stoic-curie.212-227-153-4.plesk.page\/hr\/wp-json\/wp\/v2\/product\/742428","targetHints":{"allow":["GET"]}}],"collection":[{"href":"https:\/\/stoic-curie.212-227-153-4.plesk.page\/hr\/wp-json\/wp\/v2\/product"}],"about":[{"href":"https:\/\/stoic-curie.212-227-153-4.plesk.page\/hr\/wp-json\/wp\/v2\/types\/product"}],"replies":[{"embeddable":true,"href":"https:\/\/stoic-curie.212-227-153-4.plesk.page\/hr\/wp-json\/wp\/v2\/comments?post=742428"}],"version-history":[{"count":0,"href":"https:\/\/stoic-curie.212-227-153-4.plesk.page\/hr\/wp-json\/wp\/v2\/product\/742428\/revisions"}],"wp:featuredmedia":[{"embeddable":true,"href":"https:\/\/stoic-curie.212-227-153-4.plesk.page\/hr\/wp-json\/wp\/v2\/media\/5942460"}],"wp:attachment":[{"href":"https:\/\/stoic-curie.212-227-153-4.plesk.page\/hr\/wp-json\/wp\/v2\/media?parent=742428"}],"wp:term":[{"taxonomy":"product_brand","embeddable":true,"href":"https:\/\/stoic-curie.212-227-153-4.plesk.page\/hr\/wp-json\/wp\/v2\/product_brand?post=742428"},{"taxonomy":"product_cat","embeddable":true,"href":"https:\/\/stoic-curie.212-227-153-4.plesk.page\/hr\/wp-json\/wp\/v2\/product_cat?post=742428"},{"taxonomy":"product_tag","embeddable":true,"href":"https:\/\/stoic-curie.212-227-153-4.plesk.page\/hr\/wp-json\/wp\/v2\/product_tag?post=742428"}],"curies":[{"name":"wp","href":"https:\/\/api.w.org\/{rel}","templated":true}]}}