{"id":742436,"date":"2025-03-03T18:20:17","date_gmt":"2025-03-03T17:20:17","guid":{"rendered":"https:\/\/stoic-curie.212-227-153-4.plesk.page\/producto\/crna-elektricna-ploca-s-4-prekidaca-tester-baterije-i-usb-prikljucak-114-x-h191-mm\/"},"modified":"2026-02-25T00:01:00","modified_gmt":"2026-02-25T00:01:00","slug":"crna-elektricna-ploca-s-4-prekidaca-tester-baterije-i-usb-prikljucak-114-x-h191-mm","status":"publish","type":"product","link":"https:\/\/stoic-curie.212-227-153-4.plesk.page\/hr\/product\/crna-elektricna-ploca-s-4-prekidaca-tester-baterije-i-usb-prikljucak-114-x-h191-mm\/","title":{"rendered":"Crna elektricna ploca s 4 prekidaca tester baterije i USB prikljucak 114 x h191 mm"},"content":{"rendered":"<p>Crna elektricna ploca s 4 prekidaca tester baterije i USB prikljucak 114 x h191 mm &#8211; <\/p>\n<p>Aluminijski IP66 vodootporni kompaktni paneli kvalitete 12\/24V. O\u017ei\u010deni s vodootpornim prekida\u010dima opremljenim crvenim LED pilot lampama i osigura\u010dima s gumenim \u010dizmama. Prvi prekida\u010d je (ON)-OFF za sirenu. Uklju\u010duje 30 unaprijed otisnutih oznaka koje se mogu primijeniti na LED pozadinski osvijetljenim modulima. Vertikalna ili horizontalna monta\u017ea.<\/p>\n","protected":false},"excerpt":{"rendered":"<p>Crna elektricna ploca s 4 prekidaca tester baterije i USB prikljucak 114 x h191 mm &#8211; Aluminijski IP66 vodootporni kompaktni<\/p>\n","protected":false},"featured_media":5942477,"comment_status":"open","ping_status":"closed","template":"","meta":[],"product_brand":[2831],"product_cat":[1746],"product_tag":[],"class_list":{"0":"post-742436","1":"product","2":"type-product","3":"status-publish","4":"has-post-thumbnail","6":"product_brand-blue-sea-systems-hr","7":"product_cat-elektricne-ploce-prekidaca","9":"first","10":"instock","11":"shipping-taxable","12":"purchasable","13":"product-type-simple"},"_links":{"self":[{"href":"https:\/\/stoic-curie.212-227-153-4.plesk.page\/hr\/wp-json\/wp\/v2\/product\/742436","targetHints":{"allow":["GET"]}}],"collection":[{"href":"https:\/\/stoic-curie.212-227-153-4.plesk.page\/hr\/wp-json\/wp\/v2\/product"}],"about":[{"href":"https:\/\/stoic-curie.212-227-153-4.plesk.page\/hr\/wp-json\/wp\/v2\/types\/product"}],"replies":[{"embeddable":true,"href":"https:\/\/stoic-curie.212-227-153-4.plesk.page\/hr\/wp-json\/wp\/v2\/comments?post=742436"}],"version-history":[{"count":0,"href":"https:\/\/stoic-curie.212-227-153-4.plesk.page\/hr\/wp-json\/wp\/v2\/product\/742436\/revisions"}],"wp:featuredmedia":[{"embeddable":true,"href":"https:\/\/stoic-curie.212-227-153-4.plesk.page\/hr\/wp-json\/wp\/v2\/media\/5942477"}],"wp:attachment":[{"href":"https:\/\/stoic-curie.212-227-153-4.plesk.page\/hr\/wp-json\/wp\/v2\/media?parent=742436"}],"wp:term":[{"taxonomy":"product_brand","embeddable":true,"href":"https:\/\/stoic-curie.212-227-153-4.plesk.page\/hr\/wp-json\/wp\/v2\/product_brand?post=742436"},{"taxonomy":"product_cat","embeddable":true,"href":"https:\/\/stoic-curie.212-227-153-4.plesk.page\/hr\/wp-json\/wp\/v2\/product_cat?post=742436"},{"taxonomy":"product_tag","embeddable":true,"href":"https:\/\/stoic-curie.212-227-153-4.plesk.page\/hr\/wp-json\/wp\/v2\/product_tag?post=742436"}],"curies":[{"name":"wp","href":"https:\/\/api.w.org\/{rel}","templated":true}]}}