{"id":742440,"date":"2025-03-03T18:20:18","date_gmt":"2025-03-03T17:20:18","guid":{"rendered":"https:\/\/stoic-curie.212-227-153-4.plesk.page\/producto\/bowman-eh100-3401-2-izmjenjivac-topline\/"},"modified":"2026-02-25T00:01:00","modified_gmt":"2026-02-25T00:01:00","slug":"bowman-eh100-3401-2-izmjenjivac-topline","status":"publish","type":"product","link":"https:\/\/stoic-curie.212-227-153-4.plesk.page\/hr\/product\/bowman-eh100-3401-2-izmjenjivac-topline\/","title":{"rendered":"Bowman eh100-3401-2, izmjenjiva\u010d topline"},"content":{"rendered":"<p>Bowman eh100-3401-2, izmjenjiva\u010d topline &#8211; <\/p>\n<p style=\"color: rgb(34, 34, 34); font-family: Arial, Helvetica, sans-serif; font-size: small;\">Izmjenjiva\u010d topline Bowman EH100-3401-2 posebno je dizajniran za motore snage 40 kW (54 KS). Opremljen je zavr\u0161nim poklopcima koji su otporni na koroziju, \u0161to osigurava du\u017ei vijek trajanja.<\/p>\n<p style=\"color: rgb(34, 34, 34); font-family: Arial, Helvetica, sans-serif; font-size: small;\">Ovaj izmjenjiva\u010d topline sadr\u017ei unutarnje cijevi izra\u0111ene od legure nikla, koja su otporna na morsku vodu i agresivne kemikalije, koriste\u0107i trostruki dizajn za optimizaciju u\u010dinkovitosti prijenosa topline.<\/p>\n<p style=\"color: rgb(34, 34, 34); font-family: Arial, Helvetica, sans-serif; font-size: small;\">Ima priklju\u010dke za ulaznu i izlaznu morsku vodu, oba dizajnirana s promjerom od 3\/4&#8243; BSP.<\/p>\n<p style=\"color: rgb(34, 34, 34); font-family: Arial, Helvetica, sans-serif; font-size: small;\">Molimo vas da budete svjesni da se izmjenjiva\u010d topline isporu\u010duje s kontra flan\u0161ama, vijkom i brtvama namijenjenim sustavu slatke vode. Morat \u0107ete uspostaviti odgovaraju\u0107e priklju\u010dke za ulaz i izlaz rashladne teku\u0107ine slatke vode.<\/p>\n<p style=\"color: rgb(34, 34, 34); font-family: Arial, Helvetica, sans-serif; font-size: small;\">Bowman ne preporu\u010duje kori\u0161tenje cinkovih anoda, jer cijevi od legure bakra i nikla u izmjenjiva\u010du ne zahtijevaju iste. Ugradnja cinkove anode mogla bi potencijalno o\u0161tetiti za\u0161titni sloj bakrovog oksida na cijevima, \u0161to bi moglo dovesti do korozije materijala.<\/p>\n<p style=\"color: rgb(34, 34, 34); font-family: Arial, Helvetica, sans-serif; font-size: small;\"><strong>Specifikacije:<\/strong><\/p>\n<ul style=\"color: rgb(34, 34, 34); font-family: Arial, Helvetica, sans-serif; font-size: small;\">\n<li><strong>Obujam sirove vode:<\/strong>&nbsp;0.45 litara<\/li>\n<li><strong>Obujam motorske vode:<\/strong>&nbsp;1.30 litara<\/li>\n<li><strong>Kapacitet rezervoara:<\/strong>&nbsp;0.90 litara<\/li>\n<li><strong>Visina:<\/strong>&nbsp;200 mm (uklju\u010duju\u0107i kapicu za tlak)<\/li>\n<li><strong>Duljina:<\/strong>&nbsp;260 mm<\/li>\n<li><strong>Materijal:<\/strong>&nbsp;ku\u0107i\u0161te aluminij LM6M, paketi cijevi od bakra i nikla, te kompozitni zavr\u0161ni poklopci<\/li>\n<li><strong>Maksimalna radna temperatura:<\/strong>&nbsp;100\u00b0C<\/li>\n<li><strong>\u0160irina:<\/strong>&nbsp;110 mm<\/li>\n<li><strong>Marka:<\/strong>&nbsp;Bowman<\/li>\n<li><strong>Dr\u017eava podrijetla:<\/strong>&nbsp;Ujedinjeno Kraljevstvo<\/li>\n<li><strong>Centri rupa za monta\u017eu:<\/strong>&nbsp;80 mm x 52 mm<\/li>\n<li><strong>Maksimalni tlak motorske vode:<\/strong>&nbsp;1 bar (ovisno o oznaci poklopca)<\/li>\n<li><strong>Veli\u010dina rupe za pri\u010dvr\u0161\u0107enje:<\/strong>&nbsp;M8 x 12<\/li>\n<li><strong>Maksimalna snaga:<\/strong>&nbsp;54 KS (40 kW)<\/li>\n<li><strong>Veli\u010dina ulaza\/izlaza:<\/strong>&nbsp;Ulaz sirove vode: 3\/4&#8243; BSP, Izlaz sirove vode: 3\/4&#8243; BSP, Promjer motorske vode: 30 mm<\/li>\n<li><strong>Model:<\/strong>&nbsp;EH100-3401-2<\/li>\n<li><strong>Ocjena pritiska:<\/strong>&nbsp;Poklopac za punjenje: 10.8 PSI (0.75 Bar \/ 75 kPa)<\/li>\n<li><strong>Maksimalni protok sirove vode:<\/strong>&nbsp;54 litara po minuti<\/li>\n<li><strong>Maksimalni tlak sirove vode:<\/strong>&nbsp;15 bar<\/li>\n<\/ul>\n","protected":false},"excerpt":{"rendered":"<p>Bowman eh100-3401-2, izmjenjiva\u010d topline &#8211; Izmjenjiva\u010d topline Bowman EH100-3401-2 posebno je dizajniran za motore snage 40 kW (54 KS). Opremljen<\/p>\n","protected":false},"featured_media":5943781,"comment_status":"open","ping_status":"closed","template":"","meta":[],"product_brand":[2846],"product_cat":[1790],"product_tag":[],"class_list":{"0":"post-742440","1":"product","2":"type-product","3":"status-publish","4":"has-post-thumbnail","6":"product_brand-bowman-hr","7":"product_cat-izmjenjivaci-topline-i-uljni-hladnjaci","9":"first","10":"instock","11":"shipping-taxable","12":"purchasable","13":"product-type-simple"},"_links":{"self":[{"href":"https:\/\/stoic-curie.212-227-153-4.plesk.page\/hr\/wp-json\/wp\/v2\/product\/742440","targetHints":{"allow":["GET"]}}],"collection":[{"href":"https:\/\/stoic-curie.212-227-153-4.plesk.page\/hr\/wp-json\/wp\/v2\/product"}],"about":[{"href":"https:\/\/stoic-curie.212-227-153-4.plesk.page\/hr\/wp-json\/wp\/v2\/types\/product"}],"replies":[{"embeddable":true,"href":"https:\/\/stoic-curie.212-227-153-4.plesk.page\/hr\/wp-json\/wp\/v2\/comments?post=742440"}],"version-history":[{"count":0,"href":"https:\/\/stoic-curie.212-227-153-4.plesk.page\/hr\/wp-json\/wp\/v2\/product\/742440\/revisions"}],"wp:featuredmedia":[{"embeddable":true,"href":"https:\/\/stoic-curie.212-227-153-4.plesk.page\/hr\/wp-json\/wp\/v2\/media\/5943781"}],"wp:attachment":[{"href":"https:\/\/stoic-curie.212-227-153-4.plesk.page\/hr\/wp-json\/wp\/v2\/media?parent=742440"}],"wp:term":[{"taxonomy":"product_brand","embeddable":true,"href":"https:\/\/stoic-curie.212-227-153-4.plesk.page\/hr\/wp-json\/wp\/v2\/product_brand?post=742440"},{"taxonomy":"product_cat","embeddable":true,"href":"https:\/\/stoic-curie.212-227-153-4.plesk.page\/hr\/wp-json\/wp\/v2\/product_cat?post=742440"},{"taxonomy":"product_tag","embeddable":true,"href":"https:\/\/stoic-curie.212-227-153-4.plesk.page\/hr\/wp-json\/wp\/v2\/product_tag?post=742440"}],"curies":[{"name":"wp","href":"https:\/\/api.w.org\/{rel}","templated":true}]}}