{"id":742441,"date":"2025-03-03T18:20:18","date_gmt":"2025-03-03T17:20:18","guid":{"rendered":"https:\/\/stoic-curie.212-227-153-4.plesk.page\/producto\/bowman-eh200-3401-3-izmjenjivac-topline\/"},"modified":"2026-02-25T00:01:00","modified_gmt":"2026-02-25T00:01:00","slug":"bowman-eh200-3401-3-izmjenjivac-topline","status":"publish","type":"product","link":"https:\/\/stoic-curie.212-227-153-4.plesk.page\/hr\/product\/bowman-eh200-3401-3-izmjenjivac-topline\/","title":{"rendered":"Bowman eh200-3401-3, izmjenjiva\u010d topline"},"content":{"rendered":"<p>Bowman eh200-3401-3, izmjenjiva\u010d topline &#8211; <\/p>\n<p>Toplinska izmjena Bowman EH200-3401-3 posebno je dizajnirana za motore koji proizvode snagu od 52 kW ili 70 HP. Opremljena je s ulazom i izlazom za sirovu vodu, svaki mjera 3\/4&#8243; BSP.<\/p>\n<p>Uz toplinsku izmjenu, dobit \u0107ete protuflange, vij\u010dane \u0161ipke i brtve potrebne za sustav svje\u017ee vode. Va\u017eno je uspostaviti odgovaraju\u0107e veze za ulaz i izlaz svje\u017ee vodene rashladne teku\u0107ine.<\/p>\n<p>Imajte na umu da se ova toplinska izmjena mo\u017ee isporu\u010diti s kompozitnim ili mesinganima \u010depovima, ovisno o dostupnosti u trenutku kupnje.<\/p>\n<p>Bowman ne preporu\u010duje kori\u0161tenje cinkovih anoda. Cijevi toplinske izmjene izra\u0111ene su od legure bakra i nikla, koja ne zahtijeva cinkovu anodu. Ugradnja cinkove anode mogla bi potencijalno o\u0161tetiti za\u0161titni bakrov-oksidni sloj na cijevima, \u0161to mo\u017ee dovesti do korozije.<\/p>\n<p><strong>Specifikacije:<\/strong><\/p>\n<ul>\n<li><strong>Zapremina sirove vode:<\/strong> 0.60 litara<\/li>\n<li><strong>Zapremina motorske vode:<\/strong> 2.20 litara<\/li>\n<li><strong>Kapacitet spremnika:<\/strong> 1.32 litara<\/li>\n<li><strong>Visina:<\/strong> 200 mm (uklju\u010duju\u0107i tlak kapu)<\/li>\n<li><strong>Du\u017eina:<\/strong> 346 mm<\/li>\n<li><strong>Materijal:<\/strong> Aluminium LM6M tijelo, cijevi od bakra i nikla, i poklopci od bron\u010danog metala<\/li>\n<li><strong>Maksimalna radna temperatura:<\/strong> 100\u00b0C<\/li>\n<li><strong>\u0160irina:<\/strong> 110 mm<\/li>\n<li><strong>Marka:<\/strong> Bowman<\/li>\n<li><strong>Zemlja podrijetla:<\/strong> Ujedinjeno Kraljevstvo<\/li>\n<li><strong>Dimenzije monta\u017enih rupa:<\/strong> 120 mm x 52 mm<\/li>\n<li><strong>Maksimalni tlak motorske vode:<\/strong> 1 bar (ovisno o ocjeni poklopca)<\/li>\n<li><strong>Veli\u010dina rupa za pri\u010dvr\u0161\u0107ivanje:<\/strong> M8 x 12<\/li>\n<li><strong>Maksimalna snaga:<\/strong> 70 HP (52 kW)<\/li>\n<li><strong>Veli\u010dina ulaz\/izlaz:<\/strong> Ulaz sirove vode: 3\/4&#8243; BSP, Izlaz sirove vode: 3\/4&#8243; BSP, Cijev za motornu vodu: 30 mm<\/li>\n<li><strong>Model:<\/strong> EH200-3401-3<\/li>\n<li><strong>Ocjena tlaka:<\/strong> Poklopac: 10.8 PSI (0.75 Bar \/ 75 kPa)<\/li>\n<li><strong>Maksimalni protok sirove vode:<\/strong> 54 litre po minuti<\/li>\n<li><strong>Maksimalni tlak sirove vode:<\/strong> 15 bar<\/li>\n<\/ul>\n<p>Ove informacije trebaju vam pomo\u0107i u razumijevanju zna\u010dajki i zahtjeva toplinske izmjene Bowman EH200-3401-3<\/p>\n","protected":false},"excerpt":{"rendered":"<p>Bowman eh200-3401-3, izmjenjiva\u010d topline &#8211; Toplinska izmjena Bowman EH200-3401-3 posebno je dizajnirana za motore koji proizvode snagu od 52 kW<\/p>\n","protected":false},"featured_media":5943784,"comment_status":"open","ping_status":"closed","template":"","meta":[],"product_brand":[2846],"product_cat":[1790],"product_tag":[],"class_list":{"0":"post-742441","1":"product","2":"type-product","3":"status-publish","4":"has-post-thumbnail","6":"product_brand-bowman-hr","7":"product_cat-izmjenjivaci-topline-i-uljni-hladnjaci","9":"first","10":"instock","11":"shipping-taxable","12":"purchasable","13":"product-type-simple"},"_links":{"self":[{"href":"https:\/\/stoic-curie.212-227-153-4.plesk.page\/hr\/wp-json\/wp\/v2\/product\/742441","targetHints":{"allow":["GET"]}}],"collection":[{"href":"https:\/\/stoic-curie.212-227-153-4.plesk.page\/hr\/wp-json\/wp\/v2\/product"}],"about":[{"href":"https:\/\/stoic-curie.212-227-153-4.plesk.page\/hr\/wp-json\/wp\/v2\/types\/product"}],"replies":[{"embeddable":true,"href":"https:\/\/stoic-curie.212-227-153-4.plesk.page\/hr\/wp-json\/wp\/v2\/comments?post=742441"}],"version-history":[{"count":0,"href":"https:\/\/stoic-curie.212-227-153-4.plesk.page\/hr\/wp-json\/wp\/v2\/product\/742441\/revisions"}],"wp:featuredmedia":[{"embeddable":true,"href":"https:\/\/stoic-curie.212-227-153-4.plesk.page\/hr\/wp-json\/wp\/v2\/media\/5943784"}],"wp:attachment":[{"href":"https:\/\/stoic-curie.212-227-153-4.plesk.page\/hr\/wp-json\/wp\/v2\/media?parent=742441"}],"wp:term":[{"taxonomy":"product_brand","embeddable":true,"href":"https:\/\/stoic-curie.212-227-153-4.plesk.page\/hr\/wp-json\/wp\/v2\/product_brand?post=742441"},{"taxonomy":"product_cat","embeddable":true,"href":"https:\/\/stoic-curie.212-227-153-4.plesk.page\/hr\/wp-json\/wp\/v2\/product_cat?post=742441"},{"taxonomy":"product_tag","embeddable":true,"href":"https:\/\/stoic-curie.212-227-153-4.plesk.page\/hr\/wp-json\/wp\/v2\/product_tag?post=742441"}],"curies":[{"name":"wp","href":"https:\/\/api.w.org\/{rel}","templated":true}]}}