{"id":742447,"date":"2025-03-03T18:20:20","date_gmt":"2025-03-03T17:20:20","guid":{"rendered":"https:\/\/stoic-curie.212-227-153-4.plesk.page\/producto\/pocincani-kalibrirani-lanac-g70-12mm-100m\/"},"modified":"2026-02-25T00:01:00","modified_gmt":"2026-02-25T00:01:00","slug":"pocincani-kalibrirani-lanac-g70-12mm-100m","status":"publish","type":"product","link":"https:\/\/stoic-curie.212-227-153-4.plesk.page\/hr\/product\/pocincani-kalibrirani-lanac-g70-12mm-100m\/","title":{"rendered":"Pocincani kalibrirani lanac G70 12mm 100m"},"content":{"rendered":"<p>Pocincani kalibrirani lanac G70 12mm 100m &#8211; <\/p>\n<p style=\"color: rgb(34, 34, 34); font-family: Arial, Helvetica, sans-serif; font-size: small;\"><strong>Galvanizirani Kalibrirani Lanac 12mm x 100m &#8211; \u010cvrst i Pouzdan za Vin\u010deve<\/strong><\/p>\n<p style=\"color: rgb(34, 34, 34); font-family: Arial, Helvetica, sans-serif; font-size: small;\">S veseljem vam predstavljamo na\u0161 G70 galvanizirani kalibrirani lanac, proizvod pa\u017eljivo osmi\u0161ljen da ispuni stroge zahtjeve pomorskih aplikacija. S robusnim promjerom od 12 mm i impresivnom duljinom od 100 metara, ovaj lanac se izdvaja kao izniman izbor za vin\u010deve. Osmi\u0161ljen je za pru\u017eanje izuzetne snage, trajnosti i pouzdanosti, osiguravaju\u0107i sigurno rje\u0161enje za sidrenje koje u\u010dinkovito djeluje u \u0161irokom rasponu pomorskih uvjeta.<\/p>\n<p style=\"color: rgb(34, 34, 34); font-family: Arial, Helvetica, sans-serif; font-size: small;\">Izra\u0111en od visokokvalitetnog vru\u0107e pocin\u010danog \u010delika, ovaj lanac se mo\u017ee pohvaliti izvanrednom otporno\u0161\u0107u na koroziju, \u0161to zna\u010dajno produ\u017eava njegov vijek trajanja, \u010dak i kada je izlo\u017een najte\u017eim pomorskim uvjetima. Proces galvanizacije ne samo da pobolj\u0161ava trajnost lanca, ve\u0107 tako\u0111er osigurava da mo\u017ee izdr\u017eati elemente, uklju\u010duju\u0107i izlo\u017eenost slanoj vodi, bez propadanja ili hr\u0111e.<\/p>\n<p style=\"color: rgb(34, 34, 34); font-family: Arial, Helvetica, sans-serif; font-size: small;\">Kalibrirani dizajn ovog lanca jam\u010di uniformnu veli\u010dinu i te\u017einu du\u017e cijele duljine, \u0161to je klju\u010dno za poticanje neometanog rada s vin\u010devima. Ova uniformnost smanjuje vjerojatnost zaplitanja ili zapinjanja tijekom povla\u010denja, \u010dime se pobolj\u0161ava ukupna u\u010dinkovitost va\u0161eg sidrenja.<\/p>\n<p style=\"color: rgb(34, 34, 34); font-family: Arial, Helvetica, sans-serif; font-size: small;\">Osim toga, ovaj galvanizirani kalibrirani lanac je svestran i prikladan za razne primjene unutar pomorske industrije, posebno za sidrenje i vezivanje. Njegova robusna konstrukcija osigurava da stalno pru\u017ea u\u010dinkovite performanse, \u0161to ga \u010dini pouzdanim izborom za vlasnike plovila i pomorske stru\u010dnjake.<\/p>\n<p style=\"color: rgb(34, 34, 34); font-family: Arial, Helvetica, sans-serif; font-size: small;\">Tako\u0111er je va\u017eno istaknuti da je trenutna optere\u0107enje lanca \u010detiri puta ve\u0107e od radnog optere\u0107enja, \u0161to pru\u017ea dodatni sloj sigurnosti i pouzdanosti. Ova zna\u010dajka ne samo da pove\u0107ava povjerenje u njegovu izvedbu, ve\u0107 tako\u0111er osigurava da se na njega mo\u017eete osloniti za svoje najkriti\u010dnije potrebe sidrenja. Ukratko, na\u0161 G70 galvanizirani kalibrirani lanac je neprocjenjiva imovina za svakog vlasnika broda koji tra\u017ei kvalitetu i pouzdanost u svojoj pomorskoj opremi.<\/p>\n","protected":false},"excerpt":{"rendered":"<p>Pocincani kalibrirani lanac G70 12mm 100m &#8211; Galvanizirani Kalibrirani Lanac 12mm x 100m &#8211; \u010cvrst i Pouzdan za Vin\u010deve S<\/p>\n","protected":false},"featured_media":5943787,"comment_status":"open","ping_status":"closed","template":"","meta":[],"product_brand":[3086],"product_cat":[1619,1685],"product_tag":[],"class_list":{"0":"post-742447","1":"product","2":"type-product","3":"status-publish","4":"has-post-thumbnail","6":"product_brand-maggigroup-hr","7":"product_cat-kalibrirani-lanac-pocincan","8":"product_cat-pocincani-lanac","10":"first","11":"instock","12":"shipping-taxable","13":"purchasable","14":"product-type-simple"},"_links":{"self":[{"href":"https:\/\/stoic-curie.212-227-153-4.plesk.page\/hr\/wp-json\/wp\/v2\/product\/742447","targetHints":{"allow":["GET"]}}],"collection":[{"href":"https:\/\/stoic-curie.212-227-153-4.plesk.page\/hr\/wp-json\/wp\/v2\/product"}],"about":[{"href":"https:\/\/stoic-curie.212-227-153-4.plesk.page\/hr\/wp-json\/wp\/v2\/types\/product"}],"replies":[{"embeddable":true,"href":"https:\/\/stoic-curie.212-227-153-4.plesk.page\/hr\/wp-json\/wp\/v2\/comments?post=742447"}],"version-history":[{"count":0,"href":"https:\/\/stoic-curie.212-227-153-4.plesk.page\/hr\/wp-json\/wp\/v2\/product\/742447\/revisions"}],"wp:featuredmedia":[{"embeddable":true,"href":"https:\/\/stoic-curie.212-227-153-4.plesk.page\/hr\/wp-json\/wp\/v2\/media\/5943787"}],"wp:attachment":[{"href":"https:\/\/stoic-curie.212-227-153-4.plesk.page\/hr\/wp-json\/wp\/v2\/media?parent=742447"}],"wp:term":[{"taxonomy":"product_brand","embeddable":true,"href":"https:\/\/stoic-curie.212-227-153-4.plesk.page\/hr\/wp-json\/wp\/v2\/product_brand?post=742447"},{"taxonomy":"product_cat","embeddable":true,"href":"https:\/\/stoic-curie.212-227-153-4.plesk.page\/hr\/wp-json\/wp\/v2\/product_cat?post=742447"},{"taxonomy":"product_tag","embeddable":true,"href":"https:\/\/stoic-curie.212-227-153-4.plesk.page\/hr\/wp-json\/wp\/v2\/product_tag?post=742447"}],"curies":[{"name":"wp","href":"https:\/\/api.w.org\/{rel}","templated":true}]}}