{"id":742448,"date":"2025-03-03T18:20:20","date_gmt":"2025-03-03T17:20:20","guid":{"rendered":"https:\/\/stoic-curie.212-227-153-4.plesk.page\/producto\/sklopivi-stol-od-tikovine-mb-80x60cm-h75cm\/"},"modified":"2026-02-25T00:01:00","modified_gmt":"2026-02-25T00:01:00","slug":"sklopivi-stol-od-tikovine-mb-80x60cm-h75cm","status":"publish","type":"product","link":"https:\/\/stoic-curie.212-227-153-4.plesk.page\/hr\/product\/sklopivi-stol-od-tikovine-mb-80x60cm-h75cm\/","title":{"rendered":"Sklopivi stol od tikovine MB 80x60cm H75cm"},"content":{"rendered":"<p>Sklopivi stol od tikovine MB 80x60cm H75cm &#8211; <\/p>\n<p>Visokokvalitetni teakov stol za morsku upotrebu otporan na UV zrake. Izvrsna kvaliteta i vrhunska zavr\u0161na obrada. Hardver od nehr\u0111aju\u0107eg \u010delika 316.<\/p>\n","protected":false},"excerpt":{"rendered":"<p>Sklopivi stol od tikovine MB 80x60cm H75cm &#8211; Visokokvalitetni teakov stol za morsku upotrebu otporan na UV zrake. Izvrsna kvaliteta<\/p>\n","protected":false},"featured_media":5943790,"comment_status":"open","ping_status":"closed","template":"","meta":[],"product_brand":[3111],"product_cat":[1642],"product_tag":[],"class_list":{"0":"post-742448","1":"product","2":"type-product","3":"status-publish","4":"has-post-thumbnail","6":"product_brand-marine-business-mb-hr","7":"product_cat-brodske-stolice-i-stolovi","9":"first","10":"instock","11":"shipping-taxable","12":"purchasable","13":"product-type-simple"},"_links":{"self":[{"href":"https:\/\/stoic-curie.212-227-153-4.plesk.page\/hr\/wp-json\/wp\/v2\/product\/742448","targetHints":{"allow":["GET"]}}],"collection":[{"href":"https:\/\/stoic-curie.212-227-153-4.plesk.page\/hr\/wp-json\/wp\/v2\/product"}],"about":[{"href":"https:\/\/stoic-curie.212-227-153-4.plesk.page\/hr\/wp-json\/wp\/v2\/types\/product"}],"replies":[{"embeddable":true,"href":"https:\/\/stoic-curie.212-227-153-4.plesk.page\/hr\/wp-json\/wp\/v2\/comments?post=742448"}],"version-history":[{"count":0,"href":"https:\/\/stoic-curie.212-227-153-4.plesk.page\/hr\/wp-json\/wp\/v2\/product\/742448\/revisions"}],"wp:featuredmedia":[{"embeddable":true,"href":"https:\/\/stoic-curie.212-227-153-4.plesk.page\/hr\/wp-json\/wp\/v2\/media\/5943790"}],"wp:attachment":[{"href":"https:\/\/stoic-curie.212-227-153-4.plesk.page\/hr\/wp-json\/wp\/v2\/media?parent=742448"}],"wp:term":[{"taxonomy":"product_brand","embeddable":true,"href":"https:\/\/stoic-curie.212-227-153-4.plesk.page\/hr\/wp-json\/wp\/v2\/product_brand?post=742448"},{"taxonomy":"product_cat","embeddable":true,"href":"https:\/\/stoic-curie.212-227-153-4.plesk.page\/hr\/wp-json\/wp\/v2\/product_cat?post=742448"},{"taxonomy":"product_tag","embeddable":true,"href":"https:\/\/stoic-curie.212-227-153-4.plesk.page\/hr\/wp-json\/wp\/v2\/product_tag?post=742448"}],"curies":[{"name":"wp","href":"https:\/\/api.w.org\/{rel}","templated":true}]}}