{"id":742456,"date":"2025-03-03T18:20:22","date_gmt":"2025-03-03T17:20:22","guid":{"rendered":"https:\/\/stoic-curie.212-227-153-4.plesk.page\/producto\/kit-quick-pramcani-potisnik-btq-185-85-dvostruki-12v\/"},"modified":"2026-02-25T00:01:00","modified_gmt":"2026-02-25T00:01:00","slug":"kit-quick-pramcani-potisnik-btq-185-85-dvostruki-12v","status":"publish","type":"product","link":"https:\/\/stoic-curie.212-227-153-4.plesk.page\/hr\/product\/kit-quick-pramcani-potisnik-btq-185-85-dvostruki-12v\/","title":{"rendered":"Kit Quick pram\u010dani potisnik BTQ 185-85 dvostruki 12V"},"content":{"rendered":"<p>Kit Quick pram\u010dani potisnik BTQ 185-85 dvostruki 12V &#8211; <\/p>\n<p style=\"color: rgb(34, 34, 34); font-family: Arial, Helvetica, sans-serif; font-size: small;\">Predstavljamo Kompletan Brzi Ure\u0111aj za Instalaciju Pram\u010danih Potisnika, dizajniran za jednostavnu instalaciju i optimalne performanse. Ovaj set sadr\u017ei robusni kompozitni materijal za za\u0161titni ku\u0107i\u0161te, izdr\u017eljivu bron\u010danu mjenja\u010dku kutiju i elasti\u010dno spajanje za pobolj\u0161anu funkcionalnost.<\/p>\n<p style=\"color: rgb(34, 34, 34); font-family: Arial, Helvetica, sans-serif; font-size: small;\">Set uklju\u010duje:<\/p>\n<ul style=\"color: rgb(34, 34, 34); font-family: Arial, Helvetica, sans-serif; font-size: small;\">\n<li>Tunel: Dostupan u du\u017einama od 75 cm (za BTQ 125\/140) i 100 cm (za BTQ 185)<\/li>\n<li>Kontrolne Plo\u010de: Tactile panel TCD1022 (za BTQ 125\/140) i joystick TCD1042 (za BTQ 185)<\/li>\n<li>Elektri\u010dni Kablovi: 6 m (za BTQ 125\/140) i 12 m (za BTQ 185)<\/li>\n<li>Osigura\u010d i dr\u017ea\u010d osigura\u010da<\/li>\n<\/ul>\n<p style=\"color: rgb(34, 34, 34); font-family: Arial, Helvetica, sans-serif; font-size: small;\">Brzi BTQ 185-85 12V DC potisnik preporu\u010duje se za brodove du\u017eine izme\u0111u 8 do 15 metara (26 do 49 stopa). Ovaj model ima dva protivrotiraju\u0107a propela izra\u0111ena od \u010dvrstog kompozitnog materijala, bron\u010danu mjenja\u010dku kutiju i za\u0161titno ku\u0107i\u0161te izra\u0111eno od izdr\u017eljivog kompozitnog materijala. Opremljen je elasti\u010dnom vezom i uklju\u010duje cinkovu anodu koja je neovisna o mjenja\u010du, \u0161to omogu\u0107ava jednostavnu zamjenu.<\/p>\n<p style=\"color: rgb(34, 34, 34); font-family: Arial, Helvetica, sans-serif; font-size: small;\">Specifikacije:<\/p>\n<ul style=\"color: rgb(34, 34, 34); font-family: Arial, Helvetica, sans-serif; font-size: small;\">\n<li>Model: BTQ 185-85 (12V)<\/li>\n<li>Tip Propela: Dva protivrotiraju\u0107a<\/li>\n<li>Promjer Tunela: 185 mm (7&#8243; 18\/64)<\/li>\n<li>Snaga Motora: 4.3 kW<\/li>\n<li>Napon: 12V<\/li>\n<li>Rejting Osigura\u010da: 400A CNL DIN<\/li>\n<li>Potisak: 85 kgf (187.4 lb)<\/li>\n<li>Te\u017eina: 17.9 kg (39.4 lb)<\/li>\n<\/ul>\n<p style=\"color: rgb(34, 34, 34); font-family: Arial, Helvetica, sans-serif; font-size: small;\">Ovaj sveobuhvatan set osigurava da imate sve \u0161to vam je potrebno za pouzdanu i efikasnu instalaciju pram\u010danog potisnika, pobolj\u0161avaju\u0107i va\u0161e iskustvo plovidbe.<\/p>\n","protected":false},"excerpt":{"rendered":"<p>Kit Quick pram\u010dani potisnik BTQ 185-85 dvostruki 12V &#8211; Predstavljamo Kompletan Brzi Ure\u0111aj za Instalaciju Pram\u010danih Potisnika, dizajniran za jednostavnu<\/p>\n","protected":false},"featured_media":5941977,"comment_status":"open","ping_status":"closed","template":"","meta":[],"product_brand":[3281],"product_cat":[1610],"product_tag":[],"class_list":{"0":"post-742456","1":"product","2":"type-product","3":"status-publish","4":"has-post-thumbnail","6":"product_brand-quick-hr","7":"product_cat-pramcani-potisnici-quick","9":"first","10":"instock","11":"shipping-taxable","12":"purchasable","13":"product-type-simple"},"_links":{"self":[{"href":"https:\/\/stoic-curie.212-227-153-4.plesk.page\/hr\/wp-json\/wp\/v2\/product\/742456","targetHints":{"allow":["GET"]}}],"collection":[{"href":"https:\/\/stoic-curie.212-227-153-4.plesk.page\/hr\/wp-json\/wp\/v2\/product"}],"about":[{"href":"https:\/\/stoic-curie.212-227-153-4.plesk.page\/hr\/wp-json\/wp\/v2\/types\/product"}],"replies":[{"embeddable":true,"href":"https:\/\/stoic-curie.212-227-153-4.plesk.page\/hr\/wp-json\/wp\/v2\/comments?post=742456"}],"version-history":[{"count":0,"href":"https:\/\/stoic-curie.212-227-153-4.plesk.page\/hr\/wp-json\/wp\/v2\/product\/742456\/revisions"}],"wp:featuredmedia":[{"embeddable":true,"href":"https:\/\/stoic-curie.212-227-153-4.plesk.page\/hr\/wp-json\/wp\/v2\/media\/5941977"}],"wp:attachment":[{"href":"https:\/\/stoic-curie.212-227-153-4.plesk.page\/hr\/wp-json\/wp\/v2\/media?parent=742456"}],"wp:term":[{"taxonomy":"product_brand","embeddable":true,"href":"https:\/\/stoic-curie.212-227-153-4.plesk.page\/hr\/wp-json\/wp\/v2\/product_brand?post=742456"},{"taxonomy":"product_cat","embeddable":true,"href":"https:\/\/stoic-curie.212-227-153-4.plesk.page\/hr\/wp-json\/wp\/v2\/product_cat?post=742456"},{"taxonomy":"product_tag","embeddable":true,"href":"https:\/\/stoic-curie.212-227-153-4.plesk.page\/hr\/wp-json\/wp\/v2\/product_tag?post=742456"}],"curies":[{"name":"wp","href":"https:\/\/api.w.org\/{rel}","templated":true}]}}