{"id":742460,"date":"2025-03-03T18:20:23","date_gmt":"2025-03-03T17:20:23","guid":{"rendered":"https:\/\/stoic-curie.212-227-153-4.plesk.page\/producto\/ocean-evolution-elektricni-kit-za-pretvaranje-rucnih-wc-a-u-12v-elektricne-toalete\/"},"modified":"2026-02-25T00:01:00","modified_gmt":"2026-02-25T00:01:00","slug":"ocean-evolution-elektricni-kit-za-pretvaranje-rucnih-wc-a-u-12v-elektricne-toalete","status":"publish","type":"product","link":"https:\/\/stoic-curie.212-227-153-4.plesk.page\/hr\/product\/ocean-evolution-elektricni-kit-za-pretvaranje-rucnih-wc-a-u-12v-elektricne-toalete\/","title":{"rendered":"Ocean Evolution elektricni kit za pretvaranje rucnih WC-a u 12V elektricne toalete"},"content":{"rendered":"<p>Ocean Evolution elektricni kit za pretvaranje rucnih WC-a u 12V elektricne toalete &#8211; <\/p>\n<p>Elektri\u010dni komplet koji se koristi za pretvaranje ru\u010dne toalete u elektri\u010dnu toaletu vrste Evolution. Laka instalacija, zamjenjuje ru\u010dnu pumpu. Opremljena novom generacijom tihe pumpe s smanjenom potro\u0161njom vode. Prikladna za svaku toaletnu \u0161koljku s 4 glav\u010dine i razmakom od 95 mm, kao \u0161to su Ocean\/TMC\/Jabsco\/Raritan\/RM69\/Johnson\/Thetford\/Lalizas. Povezivanje izlaznog priklju\u010dka koji se mo\u017ee okretati 360\u00b0.<\/p>\n","protected":false},"excerpt":{"rendered":"<p>Ocean Evolution elektricni kit za pretvaranje rucnih WC-a u 12V elektricne toalete &#8211; Elektri\u010dni komplet koji se koristi za pretvaranje<\/p>\n","protected":false},"featured_media":5942614,"comment_status":"open","ping_status":"closed","template":"","meta":[],"product_brand":[3141],"product_cat":[1675],"product_tag":[],"class_list":{"0":"post-742460","1":"product","2":"type-product","3":"status-publish","4":"has-post-thumbnail","6":"product_brand-matromarine-hr","7":"product_cat-brodski-wc","9":"first","10":"instock","11":"shipping-taxable","12":"purchasable","13":"product-type-simple"},"_links":{"self":[{"href":"https:\/\/stoic-curie.212-227-153-4.plesk.page\/hr\/wp-json\/wp\/v2\/product\/742460","targetHints":{"allow":["GET"]}}],"collection":[{"href":"https:\/\/stoic-curie.212-227-153-4.plesk.page\/hr\/wp-json\/wp\/v2\/product"}],"about":[{"href":"https:\/\/stoic-curie.212-227-153-4.plesk.page\/hr\/wp-json\/wp\/v2\/types\/product"}],"replies":[{"embeddable":true,"href":"https:\/\/stoic-curie.212-227-153-4.plesk.page\/hr\/wp-json\/wp\/v2\/comments?post=742460"}],"version-history":[{"count":0,"href":"https:\/\/stoic-curie.212-227-153-4.plesk.page\/hr\/wp-json\/wp\/v2\/product\/742460\/revisions"}],"wp:featuredmedia":[{"embeddable":true,"href":"https:\/\/stoic-curie.212-227-153-4.plesk.page\/hr\/wp-json\/wp\/v2\/media\/5942614"}],"wp:attachment":[{"href":"https:\/\/stoic-curie.212-227-153-4.plesk.page\/hr\/wp-json\/wp\/v2\/media?parent=742460"}],"wp:term":[{"taxonomy":"product_brand","embeddable":true,"href":"https:\/\/stoic-curie.212-227-153-4.plesk.page\/hr\/wp-json\/wp\/v2\/product_brand?post=742460"},{"taxonomy":"product_cat","embeddable":true,"href":"https:\/\/stoic-curie.212-227-153-4.plesk.page\/hr\/wp-json\/wp\/v2\/product_cat?post=742460"},{"taxonomy":"product_tag","embeddable":true,"href":"https:\/\/stoic-curie.212-227-153-4.plesk.page\/hr\/wp-json\/wp\/v2\/product_tag?post=742460"}],"curies":[{"name":"wp","href":"https:\/\/api.w.org\/{rel}","templated":true}]}}