{"id":742461,"date":"2025-03-03T18:20:23","date_gmt":"2025-03-03T17:20:23","guid":{"rendered":"https:\/\/stoic-curie.212-227-153-4.plesk.page\/producto\/fm-antena-glomex-ra300fm-12-mt\/"},"modified":"2026-02-25T00:01:00","modified_gmt":"2026-02-25T00:01:00","slug":"fm-antena-glomex-ra300fm-12-mt","status":"publish","type":"product","link":"https:\/\/stoic-curie.212-227-153-4.plesk.page\/hr\/product\/fm-antena-glomex-ra300fm-12-mt\/","title":{"rendered":"FM antena Glomex RA300FM 1,2 mt"},"content":{"rendered":"<p>FM antena Glomex RA300FM 1,2 mt &#8211; <\/p>\n<p>UV-otporna fleksibilna Fiberglass FM RA300FM antena za sve vrste brodova. FME priklju\u010dak omogu\u0107uje brzu i jednostavnu instalaciju zahvaljuju\u0107i priklju\u010denim kabelima i adapterima. Navoj 5\/8&#8243; x 24. 100W \/ FM 88\/108 MHz \/ 93 Ohm. Visina: 1,2 m. Uz produ\u017eetak ili adaptator antena se mo\u017ee montirati na 1&#8243; x 14 navojne podloge. Priklju\u010dak omogu\u0107uje povezivanje FME navojem na PL258 koaksijalnu vezu.<\/p>\n","protected":false},"excerpt":{"rendered":"<p>FM antena Glomex RA300FM 1,2 mt &#8211; UV-otporna fleksibilna Fiberglass FM RA300FM antena za sve vrste brodova. FME priklju\u010dak omogu\u0107uje<\/p>\n","protected":false},"featured_media":5943797,"comment_status":"open","ping_status":"closed","template":"","meta":[],"product_brand":[2981],"product_cat":[1733],"product_tag":[],"class_list":{"0":"post-742461","1":"product","2":"type-product","3":"status-publish","4":"has-post-thumbnail","6":"product_brand-glomex-hr","7":"product_cat-stereo-i-zvucnici","9":"first","10":"instock","11":"shipping-taxable","12":"purchasable","13":"product-type-simple"},"_links":{"self":[{"href":"https:\/\/stoic-curie.212-227-153-4.plesk.page\/hr\/wp-json\/wp\/v2\/product\/742461","targetHints":{"allow":["GET"]}}],"collection":[{"href":"https:\/\/stoic-curie.212-227-153-4.plesk.page\/hr\/wp-json\/wp\/v2\/product"}],"about":[{"href":"https:\/\/stoic-curie.212-227-153-4.plesk.page\/hr\/wp-json\/wp\/v2\/types\/product"}],"replies":[{"embeddable":true,"href":"https:\/\/stoic-curie.212-227-153-4.plesk.page\/hr\/wp-json\/wp\/v2\/comments?post=742461"}],"version-history":[{"count":0,"href":"https:\/\/stoic-curie.212-227-153-4.plesk.page\/hr\/wp-json\/wp\/v2\/product\/742461\/revisions"}],"wp:featuredmedia":[{"embeddable":true,"href":"https:\/\/stoic-curie.212-227-153-4.plesk.page\/hr\/wp-json\/wp\/v2\/media\/5943797"}],"wp:attachment":[{"href":"https:\/\/stoic-curie.212-227-153-4.plesk.page\/hr\/wp-json\/wp\/v2\/media?parent=742461"}],"wp:term":[{"taxonomy":"product_brand","embeddable":true,"href":"https:\/\/stoic-curie.212-227-153-4.plesk.page\/hr\/wp-json\/wp\/v2\/product_brand?post=742461"},{"taxonomy":"product_cat","embeddable":true,"href":"https:\/\/stoic-curie.212-227-153-4.plesk.page\/hr\/wp-json\/wp\/v2\/product_cat?post=742461"},{"taxonomy":"product_tag","embeddable":true,"href":"https:\/\/stoic-curie.212-227-153-4.plesk.page\/hr\/wp-json\/wp\/v2\/product_tag?post=742461"}],"curies":[{"name":"wp","href":"https:\/\/api.w.org\/{rel}","templated":true}]}}