{"id":742462,"date":"2025-03-03T18:20:24","date_gmt":"2025-03-03T17:20:24","guid":{"rendered":"https:\/\/stoic-curie.212-227-153-4.plesk.page\/producto\/baza-od-nehrdajuceg-celika-glomex-ra107ssfme\/"},"modified":"2026-02-25T00:01:00","modified_gmt":"2026-02-25T00:01:00","slug":"baza-od-nehrdajuceg-celika-glomex-ra107ssfme","status":"publish","type":"product","link":"https:\/\/stoic-curie.212-227-153-4.plesk.page\/hr\/product\/baza-od-nehrdajuceg-celika-glomex-ra107ssfme\/","title":{"rendered":"Baza od nehr\u0111aju\u0107eg \u010delika Glomex RA107SSFME"},"content":{"rendered":"<p>Baza od nehr\u0111aju\u0107eg \u010delika Glomex RA107SSFME &#8211; <\/p>\n<p>RA107SSFME dvostruka zglobna pode\u0161iva\u010dka baza. Izra\u0111ena od elektro-poliranog nehr\u0111aju\u0107eg \u010delika. S vodootpornim kabelskim prolazom i bo\u010dnim utorom. Standardna navoj 1&#8243; x 14.<\/p>\n","protected":false},"excerpt":{"rendered":"<p>Baza od nehr\u0111aju\u0107eg \u010delika Glomex RA107SSFME &#8211; RA107SSFME dvostruka zglobna pode\u0161iva\u010dka baza. Izra\u0111ena od elektro-poliranog nehr\u0111aju\u0107eg \u010delika. S vodootpornim kabelskim<\/p>\n","protected":false},"featured_media":5943803,"comment_status":"open","ping_status":"closed","template":"","meta":[],"product_brand":[2981],"product_cat":[1753],"product_tag":[],"class_list":{"0":"post-742462","1":"product","2":"type-product","3":"status-publish","4":"has-post-thumbnail","6":"product_brand-glomex-hr","7":"product_cat-vhf-antene","9":"first","10":"instock","11":"shipping-taxable","12":"purchasable","13":"product-type-simple"},"_links":{"self":[{"href":"https:\/\/stoic-curie.212-227-153-4.plesk.page\/hr\/wp-json\/wp\/v2\/product\/742462","targetHints":{"allow":["GET"]}}],"collection":[{"href":"https:\/\/stoic-curie.212-227-153-4.plesk.page\/hr\/wp-json\/wp\/v2\/product"}],"about":[{"href":"https:\/\/stoic-curie.212-227-153-4.plesk.page\/hr\/wp-json\/wp\/v2\/types\/product"}],"replies":[{"embeddable":true,"href":"https:\/\/stoic-curie.212-227-153-4.plesk.page\/hr\/wp-json\/wp\/v2\/comments?post=742462"}],"version-history":[{"count":0,"href":"https:\/\/stoic-curie.212-227-153-4.plesk.page\/hr\/wp-json\/wp\/v2\/product\/742462\/revisions"}],"wp:featuredmedia":[{"embeddable":true,"href":"https:\/\/stoic-curie.212-227-153-4.plesk.page\/hr\/wp-json\/wp\/v2\/media\/5943803"}],"wp:attachment":[{"href":"https:\/\/stoic-curie.212-227-153-4.plesk.page\/hr\/wp-json\/wp\/v2\/media?parent=742462"}],"wp:term":[{"taxonomy":"product_brand","embeddable":true,"href":"https:\/\/stoic-curie.212-227-153-4.plesk.page\/hr\/wp-json\/wp\/v2\/product_brand?post=742462"},{"taxonomy":"product_cat","embeddable":true,"href":"https:\/\/stoic-curie.212-227-153-4.plesk.page\/hr\/wp-json\/wp\/v2\/product_cat?post=742462"},{"taxonomy":"product_tag","embeddable":true,"href":"https:\/\/stoic-curie.212-227-153-4.plesk.page\/hr\/wp-json\/wp\/v2\/product_tag?post=742462"}],"curies":[{"name":"wp","href":"https:\/\/api.w.org\/{rel}","templated":true}]}}