{"id":742464,"date":"2025-03-03T18:20:24","date_gmt":"2025-03-03T17:20:24","guid":{"rendered":"https:\/\/stoic-curie.212-227-153-4.plesk.page\/producto\/can-sb-140lt-pravokutni-plasticni-spremnik-za-gorivo\/"},"modified":"2026-02-25T00:01:00","modified_gmt":"2026-02-25T00:01:00","slug":"can-sb-140lt-pravokutni-plasticni-spremnik-za-gorivo","status":"publish","type":"product","link":"https:\/\/stoic-curie.212-227-153-4.plesk.page\/hr\/product\/can-sb-140lt-pravokutni-plasticni-spremnik-za-gorivo\/","title":{"rendered":"Plasti\u010dni rezervoar za gorivo CAN-SB Bravo 1 140l"},"content":{"rendered":"<p>Plasti\u010dni rezervoar za gorivo CAN-SB Bravo 1 140l &#8211; <\/p>\n<p>Sa zadovoljstvom predstavljamo CAN-SB Bravo 1 plasti\u010dni rezervoar za gorivo, pravokutni rezervoar izra\u0111en od visokodenzitetskog polietilena. Ovaj rezervoar ima kapacitet od 140 litara i dimenzije 890 x 820 x 260 mm. Posebno je dizajniran za sigurno skladi\u0161tenje kiselina i goriva.<\/p>\n<p>Rezervoar je opremljen inspekcijskim otvorom koji uklju\u010duje kapu, ventil dimenzija 17\/19 mm, cijev za mjerenje goriva dimenzije 12 mm i ulaz dimenzija 38\/50\/60 mm. Ima CE-ISO21487 certifikat, \u0161to potvr\u0111uje da zadovoljava sigurnosne propise. Fitingi otvora su visoki 85 mm, \u0161to omogu\u0107ava lak pristup i odr\u017eavanje.<\/p>\n<p>Osim toga, rezervoar dolazi s crijevom za usisavanje goriva i spreman je za neposrednu upotrebu. Otvor je kompatibilan s mehani\u010dkim i elektri\u010dnim mjera\u010dima goriva te ima 1\/4\u201d kutni priklju\u010dak za gumeno crijevo. Ovaj priklju\u010dak mo\u017ee poslu\u017eiti kao dodatni usis goriva ili za povrat dizela u trajnim instalacijama.<\/p>\n","protected":false},"excerpt":{"rendered":"<p>Plasti\u010dni rezervoar za gorivo CAN-SB Bravo 1 140l &#8211; Sa zadovoljstvom predstavljamo CAN-SB Bravo 1 plasti\u010dni rezervoar za gorivo, pravokutni<\/p>\n","protected":false},"featured_media":5943804,"comment_status":"open","ping_status":"closed","template":"","meta":[],"product_brand":[2856],"product_cat":[1800],"product_tag":[],"class_list":{"0":"post-742464","1":"product","2":"type-product","3":"status-publish","4":"has-post-thumbnail","6":"product_brand-can-marine-hr","7":"product_cat-spremnici-goriva","9":"first","10":"instock","11":"shipping-taxable","12":"purchasable","13":"product-type-simple"},"_links":{"self":[{"href":"https:\/\/stoic-curie.212-227-153-4.plesk.page\/hr\/wp-json\/wp\/v2\/product\/742464","targetHints":{"allow":["GET"]}}],"collection":[{"href":"https:\/\/stoic-curie.212-227-153-4.plesk.page\/hr\/wp-json\/wp\/v2\/product"}],"about":[{"href":"https:\/\/stoic-curie.212-227-153-4.plesk.page\/hr\/wp-json\/wp\/v2\/types\/product"}],"replies":[{"embeddable":true,"href":"https:\/\/stoic-curie.212-227-153-4.plesk.page\/hr\/wp-json\/wp\/v2\/comments?post=742464"}],"version-history":[{"count":0,"href":"https:\/\/stoic-curie.212-227-153-4.plesk.page\/hr\/wp-json\/wp\/v2\/product\/742464\/revisions"}],"wp:featuredmedia":[{"embeddable":true,"href":"https:\/\/stoic-curie.212-227-153-4.plesk.page\/hr\/wp-json\/wp\/v2\/media\/5943804"}],"wp:attachment":[{"href":"https:\/\/stoic-curie.212-227-153-4.plesk.page\/hr\/wp-json\/wp\/v2\/media?parent=742464"}],"wp:term":[{"taxonomy":"product_brand","embeddable":true,"href":"https:\/\/stoic-curie.212-227-153-4.plesk.page\/hr\/wp-json\/wp\/v2\/product_brand?post=742464"},{"taxonomy":"product_cat","embeddable":true,"href":"https:\/\/stoic-curie.212-227-153-4.plesk.page\/hr\/wp-json\/wp\/v2\/product_cat?post=742464"},{"taxonomy":"product_tag","embeddable":true,"href":"https:\/\/stoic-curie.212-227-153-4.plesk.page\/hr\/wp-json\/wp\/v2\/product_tag?post=742464"}],"curies":[{"name":"wp","href":"https:\/\/api.w.org\/{rel}","templated":true}]}}